{"id":95471,"date":"2024-12-15T08:43:51","date_gmt":"2024-12-15T08:43:51","guid":{"rendered":"https:\/\/www.otiumhome.fi\/?p=95471"},"modified":"2025-06-06T15:36:51","modified_gmt":"2025-06-06T15:36:51","slug":"baaripoyta-kierratetty-puu-150x70x107-cm","status":"publish","type":"product","link":"https:\/\/www.otiumhome.fi\/index.php\/tuote\/baaripoyta-kierratetty-puu-150x70x107-cm\/","title":{"rendered":"Baarip\u00f6yt\u00e4 kierr\u00e4tetty puu 150x70x107 cm"},"content":{"rendered":"<p>T\u00e4m\u00e4 tyylik\u00e4s puinen ja teollistyylinen baarip\u00f6yt\u00e4 on omalaatuinen lis\u00e4 keitti\u00f6\u00f6si tai ruokailutilaasi.<\/p>\n<\/p>\n<p>Baarip\u00f6yt\u00e4 on valmistettu t\u00e4ydest\u00e4 kierr\u00e4tetyst\u00e4 puusta, mik\u00e4 tarkoittaa, ett\u00e4 siin\u00e4 on yhdistetty eri puiden, kuten tiikin, mangopuun, akaasian jne. ominaisuuksia. Kierr\u00e4tetty puu on tukeva, vakaa, kest\u00e4v\u00e4 ja kaunis materiaali. Kulumisen ja k\u00e4sity\u00f6n j\u00e4ljet antavat jokaiselle kappaleelle ainutlaatuisen ulkon\u00e4\u00f6n ja korostavat niiden upeaa vintagetyyli\u00e4. Ruokap\u00f6yt\u00e4 on t\u00e4ysin k\u00e4sin valmistettu ja jokainen ty\u00f6vaihe on toteutettu erityisen huolellisesti, oli se sitten uudelleen kasaus, kiillotus, maalaus tai lakkaus. Se on helppo koota.<\/p>\n<\/p>\n<p>T\u00e4rke\u00e4 huomio: V\u00e4rit ja pintakuviot saattavat vaihdella kappaleesta toiseen, mik\u00e4 tekee jokaisesta kappaleesta ainutlaatuisen ja hieman erilaisen kuin muut. Toimitus on satunnainen, joten tuotteesi on taatusti ainutlaatuinen.<\/p>\n<ul>\n<li>Materiaali: kierr\u00e4tetty puu ja ter\u00e4s<\/li>\n<li>Mitat: 150 x 70 x 107 cm (P x L x K)<\/li>\n<li>Hiottu, maalattu ja lakattu<\/li>\n<li>Helppo koota<\/li>\n<\/ul>\n","protected":false},"excerpt":{"rendered":"<ul>\n<li>Materiaali: kierr\u00e4tetty puu ja ter\u00e4s<\/li>\n<li>Mitat: 150 x 70 x 107 cm (P x L x K)<\/li>\n<li>Hiottu, maalattu ja lakattu<\/li>\n<li>Helppo koota<\/li>\n<\/ul>\n","protected":false},"featured_media":10000095471,"comment_status":"closed","ping_status":"closed","template":"","meta":[],"product_brand":[],"product_cat":[84,8543],"product_tag":[],"class_list":{"0":"post-95471","1":"product","2":"type-product","3":"status-publish","4":"has-post-thumbnail","6":"product_cat-huonekalut","7":"product_cat-keittion-ruokapoydat","9":"first","10":"instock","11":"taxable","12":"shipping-taxable","13":"purchasable","14":"product-type-simple"},"_links":{"self":[{"href":"https:\/\/www.otiumhome.fi\/index.php\/wp-json\/wp\/v2\/product\/95471","targetHints":{"allow":["GET"]}}],"collection":[{"href":"https:\/\/www.otiumhome.fi\/index.php\/wp-json\/wp\/v2\/product"}],"about":[{"href":"https:\/\/www.otiumhome.fi\/index.php\/wp-json\/wp\/v2\/types\/product"}],"replies":[{"embeddable":true,"href":"https:\/\/www.otiumhome.fi\/index.php\/wp-json\/wp\/v2\/comments?post=95471"}],"wp:featuredmedia":[{"embeddable":true,"href":"https:\/\/www.otiumhome.fi\/index.php\/wp-json\/"}],"wp:attachment":[{"href":"https:\/\/www.otiumhome.fi\/index.php\/wp-json\/wp\/v2\/media?parent=95471"}],"wp:term":[{"taxonomy":"product_brand","embeddable":true,"href":"https:\/\/www.otiumhome.fi\/index.php\/wp-json\/wp\/v2\/product_brand?post=95471"},{"taxonomy":"product_cat","embeddable":true,"href":"https:\/\/www.otiumhome.fi\/index.php\/wp-json\/wp\/v2\/product_cat?post=95471"},{"taxonomy":"product_tag","embeddable":true,"href":"https:\/\/www.otiumhome.fi\/index.php\/wp-json\/wp\/v2\/product_tag?post=95471"}],"curies":[{"name":"wp","href":"https:\/\/api.w.org\/{rel}","templated":true}]}}