{"id":95459,"date":"2024-12-15T08:43:50","date_gmt":"2024-12-15T08:43:50","guid":{"rendered":"https:\/\/www.otiumhome.fi\/?p=95459"},"modified":"2025-06-06T15:36:50","modified_gmt":"2025-06-06T15:36:50","slug":"ruokapoyta-kierratetty-tiikki-ja-teras-180x90x76-cm","status":"publish","type":"product","link":"https:\/\/www.otiumhome.fi\/index.php\/tuote\/ruokapoyta-kierratetty-tiikki-ja-teras-180x90x76-cm\/","title":{"rendered":"Ruokap\u00f6yt\u00e4 kierr\u00e4tetty tiikki ja ter\u00e4s 180x90x76 cm"},"content":{"rendered":"<p>T\u00e4m\u00e4 ruokap\u00f6yt\u00e4 tulee olemaan ainutlaatuinen lis\u00e4 ruokailutilaasi.<\/p>\n<\/p>\n<p>Ruokap\u00f6yt\u00e4 on valmistettu kierr\u00e4tetyst\u00e4 ja uusiok\u00e4ytetyst\u00e4 vanhasta tiikist\u00e4, joka on eritt\u00e4in vakaa ja kest\u00e4v\u00e4 materiaali ja, joka antaa tuotteelle luonnollisen ilmeen. Jokainen ty\u00f6vaihe hiomisesta lakkaukseen on toteutettu eritt\u00e4in huolellisesti. Kauniit pintakuviot tekev\u00e4t jokaisesta huonekalusta ainutlaatuisen ja hieman erilaisen kuin muut. Vahvat ter\u00e4sjalat tekev\u00e4t p\u00f6yd\u00e4st\u00e4 vakaan ja korostavat sen teollista tyyli\u00e4. Se on helppo koota.<\/p>\n<\/p>\n<p>T\u00e4rke\u00e4 huomio: V\u00e4rit vaihtelevat kappaleittain tehden jokaisesta ruokap\u00f6yd\u00e4st\u00e4 ainutlaatuisen. Toimitus on satunnainen.<\/p>\n<ul>\n<li>Materiaali: kierr\u00e4tetty tiikki + ter\u00e4s<\/li>\n<li>Mitat: 180 x 90 x 76 cm (P x L x K)<\/li>\n<li>Hiottu ja lakattu<\/li>\n<li>Helppo koota<\/li>\n<\/ul>\n","protected":false},"excerpt":{"rendered":"<ul>\n<li>Materiaali: kierr\u00e4tetty tiikki + ter\u00e4s<\/li>\n<li>Mitat: 180 x 90 x 76 cm (P x L x K)<\/li>\n<li>Hiottu ja lakattu<\/li>\n<li>Helppo koota<\/li>\n<\/ul>\n","protected":false},"featured_media":10000095459,"comment_status":"closed","ping_status":"closed","template":"","meta":[],"product_brand":[],"product_cat":[84,8543],"product_tag":[],"class_list":{"0":"post-95459","1":"product","2":"type-product","3":"status-publish","4":"has-post-thumbnail","6":"product_cat-huonekalut","7":"product_cat-keittion-ruokapoydat","9":"first","10":"instock","11":"taxable","12":"shipping-taxable","13":"purchasable","14":"product-type-simple"},"_links":{"self":[{"href":"https:\/\/www.otiumhome.fi\/index.php\/wp-json\/wp\/v2\/product\/95459","targetHints":{"allow":["GET"]}}],"collection":[{"href":"https:\/\/www.otiumhome.fi\/index.php\/wp-json\/wp\/v2\/product"}],"about":[{"href":"https:\/\/www.otiumhome.fi\/index.php\/wp-json\/wp\/v2\/types\/product"}],"replies":[{"embeddable":true,"href":"https:\/\/www.otiumhome.fi\/index.php\/wp-json\/wp\/v2\/comments?post=95459"}],"wp:featuredmedia":[{"embeddable":true,"href":"https:\/\/www.otiumhome.fi\/index.php\/wp-json\/"}],"wp:attachment":[{"href":"https:\/\/www.otiumhome.fi\/index.php\/wp-json\/wp\/v2\/media?parent=95459"}],"wp:term":[{"taxonomy":"product_brand","embeddable":true,"href":"https:\/\/www.otiumhome.fi\/index.php\/wp-json\/wp\/v2\/product_brand?post=95459"},{"taxonomy":"product_cat","embeddable":true,"href":"https:\/\/www.otiumhome.fi\/index.php\/wp-json\/wp\/v2\/product_cat?post=95459"},{"taxonomy":"product_tag","embeddable":true,"href":"https:\/\/www.otiumhome.fi\/index.php\/wp-json\/wp\/v2\/product_tag?post=95459"}],"curies":[{"name":"wp","href":"https:\/\/api.w.org\/{rel}","templated":true}]}}