{"id":95441,"date":"2024-12-15T08:43:49","date_gmt":"2024-12-15T08:43:49","guid":{"rendered":"https:\/\/www.otiumhome.fi\/?p=95441"},"modified":"2025-06-06T15:36:50","modified_gmt":"2025-06-06T15:36:50","slug":"ruokapoyta-taysi-karkea-mangopuu-180-cm","status":"publish","type":"product","link":"https:\/\/www.otiumhome.fi\/index.php\/tuote\/ruokapoyta-taysi-karkea-mangopuu-180-cm\/","title":{"rendered":"Ruokap\u00f6yt\u00e4 T\u00e4ysi karkea mangopuu 180 cm"},"content":{"rendered":"<p>T\u00e4m\u00e4 tyylik\u00e4s, puinen, teollistyylinen ja karu ruokap\u00f6yt\u00e4 on omalaatuinen lis\u00e4 keitti\u00f6\u00f6si tai ruokailutilaasi.<\/p>\n<\/p>\n<p>Ruokap\u00f6yt\u00e4 on valmistettu kiinte\u00e4st\u00e4 mangopuusta, mik\u00e4 tekee siit\u00e4 vakaan, kest\u00e4v\u00e4n ja kauniin, k\u00e4sity\u00f6taito korostaa sen mahtavaa retrotyyli\u00e4. Ruokap\u00f6yt\u00e4 on valmistettu t\u00e4ysin k\u00e4sin ja jokainen ty\u00f6vaihe kiillotuksesta lakkaukseen on suoritettu erityisen huolellisesti. Ter\u00e4sjalat sek\u00e4 vakaan rakenteen luova ter\u00e4ksinen ristipalkkirunko t\u00e4ydent\u00e4v\u00e4t sen teollisen ilmeen.<\/p>\n<\/p>\n<p>Se on todella helppo koota. T\u00e4rke\u00e4 huomio: Mangopuun luonnolliset pintakuviot ovat selv\u00e4sti esill\u00e4, joten jokainen ruokap\u00f6yt\u00e4 on ainutlaatuinen ja hieman erilainen kuin muut; toimitus on satunnainen.<\/p>\n<ul>\n<li>Materiaali: kiinte\u00e4 mangopuu + ter\u00e4sjalat<\/li>\n<li>Mitat: 180 x 90 x 77 cm (P x L x K)<\/li>\n<li>Hiottu ja lakattu<\/li>\n<li>Helppo koota<\/li>\n<\/ul>\n","protected":false},"excerpt":{"rendered":"<ul>\n<li>Materiaali: kiinte\u00e4 mangopuu + ter\u00e4sjalat<\/li>\n<li>Mitat: 180 x 90 x 77 cm (P x L x K)<\/li>\n<li>Hiottu ja lakattu<\/li>\n<li>Helppo koota<\/li>\n<\/ul>\n","protected":false},"featured_media":10000095441,"comment_status":"closed","ping_status":"closed","template":"","meta":[],"product_brand":[],"product_cat":[84,8543],"product_tag":[],"class_list":{"0":"post-95441","1":"product","2":"type-product","3":"status-publish","4":"has-post-thumbnail","6":"product_cat-huonekalut","7":"product_cat-keittion-ruokapoydat","9":"first","10":"instock","11":"taxable","12":"shipping-taxable","13":"purchasable","14":"product-type-simple"},"_links":{"self":[{"href":"https:\/\/www.otiumhome.fi\/index.php\/wp-json\/wp\/v2\/product\/95441","targetHints":{"allow":["GET"]}}],"collection":[{"href":"https:\/\/www.otiumhome.fi\/index.php\/wp-json\/wp\/v2\/product"}],"about":[{"href":"https:\/\/www.otiumhome.fi\/index.php\/wp-json\/wp\/v2\/types\/product"}],"replies":[{"embeddable":true,"href":"https:\/\/www.otiumhome.fi\/index.php\/wp-json\/wp\/v2\/comments?post=95441"}],"wp:featuredmedia":[{"embeddable":true,"href":"https:\/\/www.otiumhome.fi\/index.php\/wp-json\/"}],"wp:attachment":[{"href":"https:\/\/www.otiumhome.fi\/index.php\/wp-json\/wp\/v2\/media?parent=95441"}],"wp:term":[{"taxonomy":"product_brand","embeddable":true,"href":"https:\/\/www.otiumhome.fi\/index.php\/wp-json\/wp\/v2\/product_brand?post=95441"},{"taxonomy":"product_cat","embeddable":true,"href":"https:\/\/www.otiumhome.fi\/index.php\/wp-json\/wp\/v2\/product_cat?post=95441"},{"taxonomy":"product_tag","embeddable":true,"href":"https:\/\/www.otiumhome.fi\/index.php\/wp-json\/wp\/v2\/product_tag?post=95441"}],"curies":[{"name":"wp","href":"https:\/\/api.w.org\/{rel}","templated":true}]}}