{"id":95418,"date":"2024-12-15T08:43:47","date_gmt":"2024-12-15T08:43:47","guid":{"rendered":"https:\/\/www.otiumhome.fi\/?p=95418"},"modified":"2024-12-17T09:43:53","modified_gmt":"2024-12-17T09:43:53","slug":"ruokapoyta-140x70x76-cm-karkea-mangopuu","status":"publish","type":"product","link":"https:\/\/www.otiumhome.fi\/index.php\/tuote\/ruokapoyta-140x70x76-cm-karkea-mangopuu\/","title":{"rendered":"Ruokap\u00f6yt\u00e4 140x70x76 cm karkea mangopuu"},"content":{"rendered":"<p>Teollistyylinen puinen ruokap\u00f6yt\u00e4 on t\u00e4ydellinen lis\u00e4 keitti\u00f6\u00f6n tai ruokailuhuoneeseen.<\/p>\n<\/p>\n<p>Ruokap\u00f6yt\u00e4 on valmistettu karkeasta mangopuusta, joka on hyvin painoa kantava trooppinen lehtipuu. Se kest\u00e4\u00e4 my\u00f6s ajan patinaa, joten se on vakaa ja kest\u00e4v\u00e4. K\u00e4sity\u00f6n j\u00e4lki ja kauniit puun pintakuviot tekev\u00e4t jokaisesta huonekalusta ainutlaatuisen ja hieman toisistaan eroavan. Lis\u00e4ksi jauhemaalatut ter\u00e4sjalat tarjoavat p\u00f6yd\u00e4lle lis\u00e4\u00e4 vakautta.<\/p>\n<\/p>\n<p>T\u00e4rke\u00e4 huomio: V\u00e4rit ja puunsyyt vaihtelevat kappaleittain, mik\u00e4 tekee jokaisesta huonekalusta ainutlaatuisen. Toimitus on sattumanvarainen.<\/p>\n<ul>\n<li>Materiaali: karkea mangopuu, musta jauhemaalattu ter\u00e4s<\/li>\n<li>Mitat: 140 x 70 x 76 cm (P x L x K)<\/li>\n<li>Asennus vaaditaan: kyll\u00e4<\/li>\n<\/ul>\n","protected":false},"excerpt":{"rendered":"<ul>\n<li>Materiaali: karkea mangopuu, musta jauhemaalattu ter\u00e4s<\/li>\n<li>Mitat: 140 x 70 x 76 cm (P x L x K)<\/li>\n<li>Asennus vaaditaan: kyll\u00e4<\/li>\n<\/ul>\n","protected":false},"featured_media":10000095418,"comment_status":"closed","ping_status":"closed","template":"","meta":[],"product_brand":[],"product_cat":[84,8543],"product_tag":[],"class_list":{"0":"post-95418","1":"product","2":"type-product","3":"status-publish","4":"has-post-thumbnail","6":"product_cat-huonekalut","7":"product_cat-keittion-ruokapoydat","9":"first","10":"outofstock","11":"taxable","12":"shipping-taxable","13":"purchasable","14":"product-type-simple"},"_links":{"self":[{"href":"https:\/\/www.otiumhome.fi\/index.php\/wp-json\/wp\/v2\/product\/95418","targetHints":{"allow":["GET"]}}],"collection":[{"href":"https:\/\/www.otiumhome.fi\/index.php\/wp-json\/wp\/v2\/product"}],"about":[{"href":"https:\/\/www.otiumhome.fi\/index.php\/wp-json\/wp\/v2\/types\/product"}],"replies":[{"embeddable":true,"href":"https:\/\/www.otiumhome.fi\/index.php\/wp-json\/wp\/v2\/comments?post=95418"}],"wp:featuredmedia":[{"embeddable":true,"href":"https:\/\/www.otiumhome.fi\/index.php\/wp-json\/"}],"wp:attachment":[{"href":"https:\/\/www.otiumhome.fi\/index.php\/wp-json\/wp\/v2\/media?parent=95418"}],"wp:term":[{"taxonomy":"product_brand","embeddable":true,"href":"https:\/\/www.otiumhome.fi\/index.php\/wp-json\/wp\/v2\/product_brand?post=95418"},{"taxonomy":"product_cat","embeddable":true,"href":"https:\/\/www.otiumhome.fi\/index.php\/wp-json\/wp\/v2\/product_cat?post=95418"},{"taxonomy":"product_tag","embeddable":true,"href":"https:\/\/www.otiumhome.fi\/index.php\/wp-json\/wp\/v2\/product_tag?post=95418"}],"curies":[{"name":"wp","href":"https:\/\/api.w.org\/{rel}","templated":true}]}}