{"id":95417,"date":"2024-12-15T08:43:47","date_gmt":"2024-12-15T08:43:47","guid":{"rendered":"https:\/\/www.otiumhome.fi\/?p=95417"},"modified":"2024-12-17T07:30:54","modified_gmt":"2024-12-17T07:30:54","slug":"ruokapoyta-taysi-kierratyspuu-120-cm","status":"publish","type":"product","link":"https:\/\/www.otiumhome.fi\/index.php\/tuote\/ruokapoyta-taysi-kierratyspuu-120-cm\/","title":{"rendered":"Ruokap\u00f6yt\u00e4 T\u00e4ysi kierr\u00e4tyspuu 120 cm"},"content":{"rendered":"<p>Upea teollistyylinen puuruokap\u00f6yt\u00e4 on omalaatuinen lis\u00e4 keitti\u00f6si tai ruokailutilasi sisustukseen.<\/p>\n<\/p>\n<p>T\u00e4m\u00e4 ruokap\u00f6yt\u00e4 on valmistettu t\u00e4ydest\u00e4 uusiok\u00e4ytetyst\u00e4 puusta, joka tarkoittaa sill\u00e4 oleva eri puiden ominaisuudet, kuten tiikki, mangopuu, akaasia, jne. Uusiok\u00e4ytetty puu on tukeva, vakaa, kest\u00e4v\u00e4 ja kaunis. Kulumisen ja k\u00e4sity\u00f6n j\u00e4ljet antavat jokaiselle kappaleelle ainutlaatuisen ulkon\u00e4\u00f6n ja lis\u00e4\u00e4 upeaa vintagetyyli\u00e4. Ter\u00e4sjalat t\u00e4ydent\u00e4v\u00e4t teollista tyyli\u00e4. Jokainen askel on suoritettu todella huolellisesti, on se sitten kiillotus tai maalaus. Helppo koota.<\/p>\n<\/p>\n<p>T\u00e4rke\u00e4 huomio: v\u00e4rit vaihtelevat kappaleittain, mik\u00e4 tekee jokaisesta penkist\u00e4mme ainutlaatuisen; toimitus on sattumanvarainen.<\/p>\n<ul>\n<li>V\u00e4ri: moniv\u00e4rinen<\/li>\n<li>Materiaali: Uusiok\u00e4ytetty puu p\u00f6yt\u00e4levy + jauhemaalattu ter\u00e4s<\/li>\n<li>Mitat: 120 x 60 x 76 cm (P x L x K)<\/li>\n<li>Hiottu ja lakattu<\/li>\n<li>Helppo koota<\/li>\n<\/ul>\n","protected":false},"excerpt":{"rendered":"<ul>\n<li>V\u00e4ri: moniv\u00e4rinen<\/li>\n<li>Materiaali: Uusiok\u00e4ytetty puu p\u00f6yt\u00e4levy + jauhemaalattu ter\u00e4s<\/li>\n<li>Mitat: 120 x 60 x 76 cm (P x L x K)<\/li>\n<li>Hiottu ja lakattu<\/li>\n<li>Helppo koota<\/li>\n<\/ul>\n","protected":false},"featured_media":10000095417,"comment_status":"closed","ping_status":"closed","template":"","meta":[],"product_brand":[],"product_cat":[84,8543],"product_tag":[],"class_list":{"0":"post-95417","1":"product","2":"type-product","3":"status-publish","4":"has-post-thumbnail","6":"product_cat-huonekalut","7":"product_cat-keittion-ruokapoydat","9":"first","10":"outofstock","11":"taxable","12":"shipping-taxable","13":"purchasable","14":"product-type-simple"},"_links":{"self":[{"href":"https:\/\/www.otiumhome.fi\/index.php\/wp-json\/wp\/v2\/product\/95417","targetHints":{"allow":["GET"]}}],"collection":[{"href":"https:\/\/www.otiumhome.fi\/index.php\/wp-json\/wp\/v2\/product"}],"about":[{"href":"https:\/\/www.otiumhome.fi\/index.php\/wp-json\/wp\/v2\/types\/product"}],"replies":[{"embeddable":true,"href":"https:\/\/www.otiumhome.fi\/index.php\/wp-json\/wp\/v2\/comments?post=95417"}],"wp:featuredmedia":[{"embeddable":true,"href":"https:\/\/www.otiumhome.fi\/index.php\/wp-json\/"}],"wp:attachment":[{"href":"https:\/\/www.otiumhome.fi\/index.php\/wp-json\/wp\/v2\/media?parent=95417"}],"wp:term":[{"taxonomy":"product_brand","embeddable":true,"href":"https:\/\/www.otiumhome.fi\/index.php\/wp-json\/wp\/v2\/product_brand?post=95417"},{"taxonomy":"product_cat","embeddable":true,"href":"https:\/\/www.otiumhome.fi\/index.php\/wp-json\/wp\/v2\/product_cat?post=95417"},{"taxonomy":"product_tag","embeddable":true,"href":"https:\/\/www.otiumhome.fi\/index.php\/wp-json\/wp\/v2\/product_tag?post=95417"}],"curies":[{"name":"wp","href":"https:\/\/api.w.org\/{rel}","templated":true}]}}