{"id":95403,"date":"2024-12-15T08:43:46","date_gmt":"2024-12-15T08:43:46","guid":{"rendered":"https:\/\/www.otiumhome.fi\/?p=95403"},"modified":"2024-12-17T09:36:49","modified_gmt":"2024-12-17T09:36:49","slug":"ruokapoyta-60x60x75-cm-taysi-karkea-mangopuu","status":"publish","type":"product","link":"https:\/\/www.otiumhome.fi\/index.php\/tuote\/ruokapoyta-60x60x75-cm-taysi-karkea-mangopuu\/","title":{"rendered":"Ruokap\u00f6yt\u00e4 60x60x75 cm t\u00e4ysi karkea mangopuu"},"content":{"rendered":"<p>Teollistyylinen puinen ruokap\u00f6yt\u00e4 on kiehtova lis\u00e4 keitti\u00f6\u00f6n tai ruokailuhuoneeseen.<\/p>\n<\/p>\n<p>T\u00e4m\u00e4 bistrop\u00f6yt\u00e4 on valmistettu t\u00e4ydest\u00e4 karkeasta mangopuusta, tihe\u00e4syisest\u00e4 lehtipuusta. Karkealla mangopuulla on kyky\u00e4 kantaa painoa ja kest\u00e4\u00e4 ajan patinaa. Kauniisti suunniteltu ruokap\u00f6yt\u00e4 on erityisen vakaa, kest\u00e4v\u00e4 ja huomiota her\u00e4tt\u00e4v\u00e4. Jokainen valmistusprosessin vaihe on suoritettu erityist\u00e4 huolta noudattamalla. Lujat jauhemaalatut ter\u00e4sjalat antavat lis\u00e4ns\u00e4 p\u00f6yd\u00e4n tukevuuteen.<\/p>\n<\/p>\n<p>T\u00e4rke\u00e4 huomio: Puunsyyt vaihtelevat kappaleittain, mik\u00e4 tekee jokaisesta huonekalusta ainutlaatuisen. Toimitus on sattumanvarainen, t\u00e4m\u00e4 takaa tuotteesi ainutlaatuisuuden.<\/p>\n<ul>\n<li>Rungon v\u00e4ri: musta<\/li>\n<li>Materiaali: t\u00e4ysi karkea mangopuu + jauhemaalattu ter\u00e4s<\/li>\n<li>Mitat: 60 x 60 x 75 cm (P x L x K)<\/li>\n<li>Asennus vaaditaan: kyll\u00e4<\/li>\n<\/ul>\n","protected":false},"excerpt":{"rendered":"<ul>\n<li>Rungon v\u00e4ri: musta<\/li>\n<li>Materiaali: t\u00e4ysi karkea mangopuu + jauhemaalattu ter\u00e4s<\/li>\n<li>Mitat: 60 x 60 x 75 cm (P x L x K)<\/li>\n<li>Asennus vaaditaan: kyll\u00e4<\/li>\n<\/ul>\n","protected":false},"featured_media":10000095403,"comment_status":"closed","ping_status":"closed","template":"","meta":[],"product_brand":[],"product_cat":[84,8543],"product_tag":[],"class_list":{"0":"post-95403","1":"product","2":"type-product","3":"status-publish","4":"has-post-thumbnail","6":"product_cat-huonekalut","7":"product_cat-keittion-ruokapoydat","9":"first","10":"outofstock","11":"taxable","12":"shipping-taxable","13":"purchasable","14":"product-type-simple"},"_links":{"self":[{"href":"https:\/\/www.otiumhome.fi\/index.php\/wp-json\/wp\/v2\/product\/95403","targetHints":{"allow":["GET"]}}],"collection":[{"href":"https:\/\/www.otiumhome.fi\/index.php\/wp-json\/wp\/v2\/product"}],"about":[{"href":"https:\/\/www.otiumhome.fi\/index.php\/wp-json\/wp\/v2\/types\/product"}],"replies":[{"embeddable":true,"href":"https:\/\/www.otiumhome.fi\/index.php\/wp-json\/wp\/v2\/comments?post=95403"}],"wp:featuredmedia":[{"embeddable":true,"href":"https:\/\/www.otiumhome.fi\/index.php\/wp-json\/"}],"wp:attachment":[{"href":"https:\/\/www.otiumhome.fi\/index.php\/wp-json\/wp\/v2\/media?parent=95403"}],"wp:term":[{"taxonomy":"product_brand","embeddable":true,"href":"https:\/\/www.otiumhome.fi\/index.php\/wp-json\/wp\/v2\/product_brand?post=95403"},{"taxonomy":"product_cat","embeddable":true,"href":"https:\/\/www.otiumhome.fi\/index.php\/wp-json\/wp\/v2\/product_cat?post=95403"},{"taxonomy":"product_tag","embeddable":true,"href":"https:\/\/www.otiumhome.fi\/index.php\/wp-json\/wp\/v2\/product_tag?post=95403"}],"curies":[{"name":"wp","href":"https:\/\/api.w.org\/{rel}","templated":true}]}}