{"id":95399,"date":"2024-12-15T08:43:45","date_gmt":"2024-12-15T08:43:45","guid":{"rendered":"https:\/\/www.otiumhome.fi\/?p=95399"},"modified":"2025-09-19T23:01:44","modified_gmt":"2025-09-19T23:01:44","slug":"ruokapoyta-kierratetty-massiivipuu-80x82x76-cm","status":"publish","type":"product","link":"https:\/\/www.otiumhome.fi\/index.php\/tuote\/ruokapoyta-kierratetty-massiivipuu-80x82x76-cm\/","title":{"rendered":"Ruokap\u00f6yt\u00e4 kierr\u00e4tetty massiivipuu 80x82x76 cm"},"content":{"rendered":"<p>T\u00e4m\u00e4 antiikki tyylinen puusta valmistettu ruokap\u00f6yt\u00e4 on ainutlaatuinen lis\u00e4 keitti\u00f6\u00f6n tai ruokasaliin. Se t\u00e4yspuinen rakenne tekee siit\u00e4 vakaan sek\u00e4 tukevan. Sen kompaktin suunnittelun takia, t\u00e4m\u00e4 ruokap\u00f6yt\u00e4 sopii t\u00e4ydellisesti pienemp\u00e4\u00e4n ruokasaliin. Jos tarvitset lis\u00e4\u00e4 tilaa perheelle tai yst\u00e4ville, voit helposti asettaa useita n\u00e4it\u00e4 p\u00f6yti\u00e4 vierekk\u00e4in.<\/p>\n<\/p>\n<p>T\u00e4m\u00e4 vintagetyylinen p\u00f6yt\u00e4 on valmistettu t\u00e4ydest\u00e4 kierr\u00e4tyspuusta, joten jokainen huonekalu on ainutlaatuinen ja hieman erilainen kuin muut. Kierr\u00e4tetyst\u00e4 puusta valmistetussa huonekalussa on eri puiden kuten tiikin, mango- ja akaasiapuun ominaisuuksia. Kierr\u00e4tetty puu on lujatekoista, vakaata, kest\u00e4v\u00e4\u00e4 ja kaunista. Kulumisen j\u00e4ljet ja n\u00e4kyv\u00e4t pintakuviot antavat jokaiselle kappaleelle oman historian ja ainutlaatuisen ulkon\u00e4\u00f6n.<\/p>\n<\/p>\n<p>Ruokap\u00f6yt\u00e4 on t\u00e4ysin k\u00e4sintehty ja tekij\u00e4n ammattitaito antaa lis\u00e4ns\u00e4 sen mahtavalle retrotyylille. Jokainen ty\u00f6skentelyvaihe on tehty erityisen huolella, oli se sitten puiden yhdistely, kiillotus, maalaus tai vahaus.<\/p>\n<\/p>\n<p>T\u00e4rke\u00e4 huomio: V\u00e4rit vaihtelevat kappaleittain, jokainen ruokap\u00f6yt\u00e4 on ainutlaatuinen. Toimitus on satunnainen.<\/p>\n<ul>\n<li>V\u00e4ri: moniv\u00e4rinen<\/li>\n<li>Materiaali: kierr\u00e4tetty t\u00e4yspuu<\/li>\n<li>Mitat: 80 x 82 x 76 cm (P x L x K)<\/li>\n<li>T\u00e4ysin k\u00e4sintehty<\/li>\n<li>Lakattu, osittain maalattu ja vahattu<\/li>\n<\/ul>\n","protected":false},"excerpt":{"rendered":"<ul>\n<li>V\u00e4ri: moniv\u00e4rinen<\/li>\n<li>Materiaali: kierr\u00e4tetty t\u00e4yspuu<\/li>\n<li>Mitat: 80 x 82 x 76 cm (P x L x K)<\/li>\n<li>T\u00e4ysin k\u00e4sintehty<\/li>\n<li>Lakattu, osittain maalattu ja vahattu<\/li>\n<\/ul>\n","protected":false},"featured_media":10000095399,"comment_status":"closed","ping_status":"closed","template":"","meta":[],"product_brand":[],"product_cat":[84,8543],"product_tag":[],"class_list":{"0":"post-95399","1":"product","2":"type-product","3":"status-publish","4":"has-post-thumbnail","6":"product_cat-huonekalut","7":"product_cat-keittion-ruokapoydat","9":"first","10":"instock","11":"taxable","12":"shipping-taxable","13":"purchasable","14":"product-type-simple"},"_links":{"self":[{"href":"https:\/\/www.otiumhome.fi\/index.php\/wp-json\/wp\/v2\/product\/95399","targetHints":{"allow":["GET"]}}],"collection":[{"href":"https:\/\/www.otiumhome.fi\/index.php\/wp-json\/wp\/v2\/product"}],"about":[{"href":"https:\/\/www.otiumhome.fi\/index.php\/wp-json\/wp\/v2\/types\/product"}],"replies":[{"embeddable":true,"href":"https:\/\/www.otiumhome.fi\/index.php\/wp-json\/wp\/v2\/comments?post=95399"}],"wp:featuredmedia":[{"embeddable":true,"href":"https:\/\/www.otiumhome.fi\/index.php\/wp-json\/"}],"wp:attachment":[{"href":"https:\/\/www.otiumhome.fi\/index.php\/wp-json\/wp\/v2\/media?parent=95399"}],"wp:term":[{"taxonomy":"product_brand","embeddable":true,"href":"https:\/\/www.otiumhome.fi\/index.php\/wp-json\/wp\/v2\/product_brand?post=95399"},{"taxonomy":"product_cat","embeddable":true,"href":"https:\/\/www.otiumhome.fi\/index.php\/wp-json\/wp\/v2\/product_cat?post=95399"},{"taxonomy":"product_tag","embeddable":true,"href":"https:\/\/www.otiumhome.fi\/index.php\/wp-json\/wp\/v2\/product_tag?post=95399"}],"curies":[{"name":"wp","href":"https:\/\/api.w.org\/{rel}","templated":true}]}}