{"id":95397,"date":"2024-12-15T08:43:45","date_gmt":"2024-12-15T08:43:45","guid":{"rendered":"https:\/\/www.otiumhome.fi\/?p=95397"},"modified":"2025-06-06T15:36:43","modified_gmt":"2025-06-06T15:36:43","slug":"ruokapoyta-140x140x75-cm-massiivipuu","status":"publish","type":"product","link":"https:\/\/www.otiumhome.fi\/index.php\/tuote\/ruokapoyta-140x140x75-cm-massiivipuu\/","title":{"rendered":"Ruokap\u00f6yt\u00e4 140x140x75 cm massiivipuu"},"content":{"rendered":"<p>Teollistyylinen puinen ruokap\u00f6yt\u00e4 on t\u00e4ydellinen lis\u00e4 keitti\u00f6\u00f6n tai ruokailuhuoneeseen.<\/p>\n<\/p>\n<p>Ruokap\u00f6yt\u00e4 on valmistettu t\u00e4ydest\u00e4 akaasiapuusta ja kumipuusta, jotka tekev\u00e4t siit\u00e4 vakaan ja kest\u00e4v\u00e4n. Viimeistely ansiosta se on sile\u00e4 ja siin\u00e4 on n\u00e4kyviss\u00e4 luonnollisia puunsyit\u00e4. K\u00e4sity\u00f6n j\u00e4lki ja kauniit puun pintakuviot tekev\u00e4t jokaisesta huonekalusta ainutlaatuisen ja hieman toisistaan eroavan. Jauhemaalatut ter\u00e4sjalat tuovat p\u00f6yd\u00e4lle lis\u00e4\u00e4 vakautta.<\/p>\n<\/p>\n<p>T\u00e4rke\u00e4 huomio: V\u00e4rit ja puunsyyt vaihtelevat kappaleittain, mik\u00e4 tekee jokaisesta huonekalusta ainutlaatuisen. Toimitus on sattumanvarainen.<\/p>\n<ul>\n<li>Materiaali: T\u00e4ysi akasia- ja kumipuu, ter\u00e4s mustalla jauhemaalilla<\/li>\n<li>Mitat: 140 x 140 x 75 cm (P x L x K)<\/li>\n<li>Asennus vaaditaan: kyll\u00e4<\/li>\n<\/ul>\n","protected":false},"excerpt":{"rendered":"<ul>\n<li>Materiaali: T\u00e4ysi akasia- ja kumipuu, ter\u00e4s mustalla jauhemaalilla<\/li>\n<li>Mitat: 140 x 140 x 75 cm (P x L x K)<\/li>\n<li>Asennus vaaditaan: kyll\u00e4<\/li>\n<\/ul>\n","protected":false},"featured_media":10000095397,"comment_status":"closed","ping_status":"closed","template":"","meta":[],"product_brand":[],"product_cat":[84,8543],"product_tag":[],"class_list":{"0":"post-95397","1":"product","2":"type-product","3":"status-publish","4":"has-post-thumbnail","6":"product_cat-huonekalut","7":"product_cat-keittion-ruokapoydat","9":"first","10":"instock","11":"taxable","12":"shipping-taxable","13":"purchasable","14":"product-type-simple"},"_links":{"self":[{"href":"https:\/\/www.otiumhome.fi\/index.php\/wp-json\/wp\/v2\/product\/95397","targetHints":{"allow":["GET"]}}],"collection":[{"href":"https:\/\/www.otiumhome.fi\/index.php\/wp-json\/wp\/v2\/product"}],"about":[{"href":"https:\/\/www.otiumhome.fi\/index.php\/wp-json\/wp\/v2\/types\/product"}],"replies":[{"embeddable":true,"href":"https:\/\/www.otiumhome.fi\/index.php\/wp-json\/wp\/v2\/comments?post=95397"}],"wp:featuredmedia":[{"embeddable":true,"href":"https:\/\/www.otiumhome.fi\/index.php\/wp-json\/"}],"wp:attachment":[{"href":"https:\/\/www.otiumhome.fi\/index.php\/wp-json\/wp\/v2\/media?parent=95397"}],"wp:term":[{"taxonomy":"product_brand","embeddable":true,"href":"https:\/\/www.otiumhome.fi\/index.php\/wp-json\/wp\/v2\/product_brand?post=95397"},{"taxonomy":"product_cat","embeddable":true,"href":"https:\/\/www.otiumhome.fi\/index.php\/wp-json\/wp\/v2\/product_cat?post=95397"},{"taxonomy":"product_tag","embeddable":true,"href":"https:\/\/www.otiumhome.fi\/index.php\/wp-json\/wp\/v2\/product_tag?post=95397"}],"curies":[{"name":"wp","href":"https:\/\/api.w.org\/{rel}","templated":true}]}}