{"id":95396,"date":"2024-12-15T08:43:45","date_gmt":"2024-12-15T08:43:45","guid":{"rendered":"https:\/\/www.otiumhome.fi\/?p=95396"},"modified":"2025-06-06T15:36:49","modified_gmt":"2025-06-06T15:36:49","slug":"ruokapoyta-80x80x76-cm-korkeakiilto-valkoinen","status":"publish","type":"product","link":"https:\/\/www.otiumhome.fi\/index.php\/tuote\/ruokapoyta-80x80x76-cm-korkeakiilto-valkoinen\/","title":{"rendered":"Ruokap\u00f6yt\u00e4 80x80x76 cm Korkeakiilto Valkoinen"},"content":{"rendered":"<p>T\u00e4m\u00e4 korkeakiiltopinnoitettu ruokap\u00f6yt\u00e4 on sulavalinjaisella muotoilullaan upea koristeellinen lis\u00e4 ruokasaliin tai keitti\u00f6\u00f6n.<\/p>\n<\/p>\n<p>Korkeakiilto valkoinen pinta heijastaa valoa, t\u00e4m\u00e4 parantaa ruokailukokemustasi entisest\u00e4\u00e4n. T\u00e4m\u00e4 ruokap\u00f6yt\u00e4 on valmistettu Puolikovasta Kuitulevyst\u00e4 (MDF). Siin\u00e4 on nelj\u00e4 kevyest\u00e4 muovista valmistettu jalkaa.<\/p>\n<\/p>\n<p>P\u00f6yt\u00e4 on helppo puhdistaa ja hoitaa &#8211; tarvitset vain pehme\u00e4n, kostean kankaan! Se on helppo koota.<\/p>\n<ul>\n<li>V\u00e4ri: valkoinen korkeakiilto<\/li>\n<li>Materiaali: MDF-p\u00f6yt\u00e4levy (puolikova kuitulevy) ja muoviset jalat<\/li>\n<li>Mitat: 80 x 80 x 76 cm (P x L x K)<\/li>\n<li>Muoto: neli\u00f6<\/li>\n<\/ul>\n","protected":false},"excerpt":{"rendered":"<ul>\n<li>V\u00e4ri: valkoinen korkeakiilto<\/li>\n<li>Materiaali: MDF-p\u00f6yt\u00e4levy (puolikova kuitulevy) ja muoviset jalat<\/li>\n<li>Mitat: 80 x 80 x 76 cm (P x L x K)<\/li>\n<li>Muoto: neli\u00f6<\/li>\n<\/ul>\n","protected":false},"featured_media":10000095396,"comment_status":"closed","ping_status":"closed","template":"","meta":[],"product_brand":[],"product_cat":[84,8543],"product_tag":[],"class_list":{"0":"post-95396","1":"product","2":"type-product","3":"status-publish","4":"has-post-thumbnail","6":"product_cat-huonekalut","7":"product_cat-keittion-ruokapoydat","9":"first","10":"outofstock","11":"taxable","12":"shipping-taxable","13":"purchasable","14":"product-type-simple"},"_links":{"self":[{"href":"https:\/\/www.otiumhome.fi\/index.php\/wp-json\/wp\/v2\/product\/95396","targetHints":{"allow":["GET"]}}],"collection":[{"href":"https:\/\/www.otiumhome.fi\/index.php\/wp-json\/wp\/v2\/product"}],"about":[{"href":"https:\/\/www.otiumhome.fi\/index.php\/wp-json\/wp\/v2\/types\/product"}],"replies":[{"embeddable":true,"href":"https:\/\/www.otiumhome.fi\/index.php\/wp-json\/wp\/v2\/comments?post=95396"}],"wp:featuredmedia":[{"embeddable":true,"href":"https:\/\/www.otiumhome.fi\/index.php\/wp-json\/"}],"wp:attachment":[{"href":"https:\/\/www.otiumhome.fi\/index.php\/wp-json\/wp\/v2\/media?parent=95396"}],"wp:term":[{"taxonomy":"product_brand","embeddable":true,"href":"https:\/\/www.otiumhome.fi\/index.php\/wp-json\/wp\/v2\/product_brand?post=95396"},{"taxonomy":"product_cat","embeddable":true,"href":"https:\/\/www.otiumhome.fi\/index.php\/wp-json\/wp\/v2\/product_cat?post=95396"},{"taxonomy":"product_tag","embeddable":true,"href":"https:\/\/www.otiumhome.fi\/index.php\/wp-json\/wp\/v2\/product_tag?post=95396"}],"curies":[{"name":"wp","href":"https:\/\/api.w.org\/{rel}","templated":true}]}}