{"id":95384,"date":"2024-12-15T08:43:44","date_gmt":"2024-12-15T08:43:44","guid":{"rendered":"https:\/\/www.otiumhome.fi\/?p=95384"},"modified":"2025-06-06T15:36:48","modified_gmt":"2025-06-06T15:36:48","slug":"puinen-baaripoyta-valkoinen","status":"publish","type":"product","link":"https:\/\/www.otiumhome.fi\/index.php\/tuote\/puinen-baaripoyta-valkoinen\/","title":{"rendered":"Puinen baarip\u00f6yt\u00e4 Valkoinen"},"content":{"rendered":"<p>T\u00e4m\u00e4 tyylik\u00e4s baarip\u00f6yt\u00e4 tulee olemaan upea lis\u00e4 keitti\u00f6\u00f6n tai ruokailutilaan, sit\u00e4 voidaan k\u00e4ytt\u00e4\u00e4 my\u00f6s sivup\u00f6yt\u00e4n\u00e4 k\u00e4yt\u00e4v\u00e4ll\u00e4.<\/p>\n<\/p>\n<p>Baarip\u00f6yd\u00e4n tyylik\u00e4s muotoilu tekee siit\u00e4 ajattoman tarvikkeen kotiisi.<\/p>\n<\/p>\n<p>Aito puinen viilupinta sek\u00e4 kumipuiset jalat ovat molemmat todella korkealaatuisia sek\u00e4 helppoja puhdistaa.  <\/p>\n<\/p>\n<p>Toimitus sis\u00e4lt\u00e4\u00e4 1 valkoisen baarip\u00f6yd\u00e4n<\/p>\n<ul>\n<li>V\u00e4ri: valkoinen<\/li>\n<li>Mitat: 110 x 60 x 90,8 cm (P x L x K)<\/li>\n<li>Materiaali: MDF aidolla puisella viilupinnalla (p\u00f6yt\u00e4levy) + kumipuu (jalat)<\/li>\n<li>Toimitus sis\u00e4lt\u00e4\u00e4 1 valkoisen baarip\u00f6yd\u00e4n<\/li>\n<\/ul>\n","protected":false},"excerpt":{"rendered":"<ul>\n<li>V\u00e4ri: valkoinen<\/li>\n<li>Mitat: 110 x 60 x 90,8 cm (P x L x K)<\/li>\n<li>Materiaali: MDF aidolla puisella viilupinnalla (p\u00f6yt\u00e4levy) + kumipuu (jalat)<\/li>\n<li>Toimitus sis\u00e4lt\u00e4\u00e4 1 valkoisen baarip\u00f6yd\u00e4n<\/li>\n<\/ul>\n","protected":false},"featured_media":10000095384,"comment_status":"closed","ping_status":"closed","template":"","meta":[],"product_brand":[],"product_cat":[84,8543],"product_tag":[],"class_list":{"0":"post-95384","1":"product","2":"type-product","3":"status-publish","4":"has-post-thumbnail","6":"product_cat-huonekalut","7":"product_cat-keittion-ruokapoydat","9":"first","10":"instock","11":"taxable","12":"shipping-taxable","13":"purchasable","14":"product-type-simple"},"_links":{"self":[{"href":"https:\/\/www.otiumhome.fi\/index.php\/wp-json\/wp\/v2\/product\/95384","targetHints":{"allow":["GET"]}}],"collection":[{"href":"https:\/\/www.otiumhome.fi\/index.php\/wp-json\/wp\/v2\/product"}],"about":[{"href":"https:\/\/www.otiumhome.fi\/index.php\/wp-json\/wp\/v2\/types\/product"}],"replies":[{"embeddable":true,"href":"https:\/\/www.otiumhome.fi\/index.php\/wp-json\/wp\/v2\/comments?post=95384"}],"wp:featuredmedia":[{"embeddable":true,"href":"https:\/\/www.otiumhome.fi\/index.php\/wp-json\/"}],"wp:attachment":[{"href":"https:\/\/www.otiumhome.fi\/index.php\/wp-json\/wp\/v2\/media?parent=95384"}],"wp:term":[{"taxonomy":"product_brand","embeddable":true,"href":"https:\/\/www.otiumhome.fi\/index.php\/wp-json\/wp\/v2\/product_brand?post=95384"},{"taxonomy":"product_cat","embeddable":true,"href":"https:\/\/www.otiumhome.fi\/index.php\/wp-json\/wp\/v2\/product_cat?post=95384"},{"taxonomy":"product_tag","embeddable":true,"href":"https:\/\/www.otiumhome.fi\/index.php\/wp-json\/wp\/v2\/product_tag?post=95384"}],"curies":[{"name":"wp","href":"https:\/\/api.w.org\/{rel}","templated":true}]}}