{"id":95381,"date":"2024-12-15T08:43:44","date_gmt":"2024-12-15T08:43:44","guid":{"rendered":"https:\/\/www.otiumhome.fi\/?p=95381"},"modified":"2024-12-17T07:05:41","modified_gmt":"2024-12-17T07:05:41","slug":"ruokapoyta-mdf-tamminen-ulkonako","status":"publish","type":"product","link":"https:\/\/www.otiumhome.fi\/index.php\/tuote\/ruokapoyta-mdf-tamminen-ulkonako\/","title":{"rendered":"Ruokap\u00f6yt\u00e4 MDF Tamminen ulkon\u00e4k\u00f6"},"content":{"rendered":"<p>T\u00e4ss\u00e4 korkealaatuisessa ruokap\u00f6yd\u00e4ss\u00e4 on puhtaat linjat ja se on upea valinta ruokasaliin tai keitti\u00f6\u00f6n. Sen yksinkertainen eleganssi tekee p\u00e4ivitt\u00e4isest\u00e4 ruokailusta ainutlaatuista.<\/p>\n<\/p>\n<p>Ruokap\u00f6yt\u00e4 on valmistettu vahvasta MDF-materiaalista, mik\u00e4 tekee siit\u00e4 eritt\u00e4in vakaan ja kest\u00e4v\u00e4n. Se on helppo puhdistaa kostealla liinalla.<\/p>\n<\/p>\n<p>Todella helppo koota.<\/p>\n<ul>\n<li>V\u00e4ri: tammi<\/li>\n<li>Materiaali: MDF + tammikuvioinen tarrap\u00e4\u00e4llyste<\/li>\n<li>Mitat: 117 x 67 x 75 cm (P x L x K)<\/li>\n<\/ul>\n","protected":false},"excerpt":{"rendered":"<ul>\n<li>V\u00e4ri: tammi<\/li>\n<li>Materiaali: MDF + tammikuvioinen tarrap\u00e4\u00e4llyste<\/li>\n<li>Mitat: 117 x 67 x 75 cm (P x L x K)<\/li>\n<\/ul>\n","protected":false},"featured_media":10000095381,"comment_status":"closed","ping_status":"closed","template":"","meta":[],"product_brand":[],"product_cat":[84,8543],"product_tag":[],"class_list":{"0":"post-95381","1":"product","2":"type-product","3":"status-publish","4":"has-post-thumbnail","6":"product_cat-huonekalut","7":"product_cat-keittion-ruokapoydat","9":"first","10":"outofstock","11":"taxable","12":"shipping-taxable","13":"purchasable","14":"product-type-simple"},"_links":{"self":[{"href":"https:\/\/www.otiumhome.fi\/index.php\/wp-json\/wp\/v2\/product\/95381","targetHints":{"allow":["GET"]}}],"collection":[{"href":"https:\/\/www.otiumhome.fi\/index.php\/wp-json\/wp\/v2\/product"}],"about":[{"href":"https:\/\/www.otiumhome.fi\/index.php\/wp-json\/wp\/v2\/types\/product"}],"replies":[{"embeddable":true,"href":"https:\/\/www.otiumhome.fi\/index.php\/wp-json\/wp\/v2\/comments?post=95381"}],"wp:featuredmedia":[{"embeddable":true,"href":"https:\/\/www.otiumhome.fi\/index.php\/wp-json\/"}],"wp:attachment":[{"href":"https:\/\/www.otiumhome.fi\/index.php\/wp-json\/wp\/v2\/media?parent=95381"}],"wp:term":[{"taxonomy":"product_brand","embeddable":true,"href":"https:\/\/www.otiumhome.fi\/index.php\/wp-json\/wp\/v2\/product_brand?post=95381"},{"taxonomy":"product_cat","embeddable":true,"href":"https:\/\/www.otiumhome.fi\/index.php\/wp-json\/wp\/v2\/product_cat?post=95381"},{"taxonomy":"product_tag","embeddable":true,"href":"https:\/\/www.otiumhome.fi\/index.php\/wp-json\/wp\/v2\/product_tag?post=95381"}],"curies":[{"name":"wp","href":"https:\/\/api.w.org\/{rel}","templated":true}]}}