{"id":95354,"date":"2024-12-15T08:43:42","date_gmt":"2024-12-15T08:43:42","guid":{"rendered":"https:\/\/www.otiumhome.fi\/?p=95354"},"modified":"2025-12-14T05:45:33","modified_gmt":"2025-12-14T05:45:33","slug":"ruokatuolit-2-kpl-corona-42x47x107-cm-taysi-manty","status":"publish","type":"product","link":"https:\/\/www.otiumhome.fi\/index.php\/tuote\/ruokatuolit-2-kpl-corona-42x47x107-cm-taysi-manty\/","title":{"rendered":"Ruokatuolit 2 kpl Corona 42x47x107 cm t\u00e4ysi m\u00e4nty"},"content":{"rendered":"<p>N\u00e4m\u00e4 tyylikk\u00e4\u00e4t puiset ruokap\u00f6yd\u00e4n tuolit ovat ajaton lis\u00e4 sisustukseesi.<\/p>\n<\/p>\n<ul>\n<li>T\u00e4ysi m\u00e4nty: Tuolit on valmistettu t\u00e4ydest\u00e4 m\u00e4nnyst\u00e4, joka on kaunis luonnonmateriaali. M\u00e4nnyll\u00e4 on suorat puunsyyt ja sen oksanpaikat antavat materiaalille sen ominaisen rustiikkisen ilmeen.<\/li>\n<li>Helppo puhdistaa: N\u00e4m\u00e4 ruokatuolit on helppo puhdistaa kostealla liinalla.<\/li>\n<li>Laaja k\u00e4ytt\u00f6: Ruokap\u00f6yd\u00e4n tuoleissa on minimalistinen muotoilu, joka sopii talosi mihin tahansa huoneeseen. Niit\u00e4 voidaan k\u00e4ytt\u00e4\u00e4 keitti\u00f6ss\u00e4, ruokasalissa, olohuoneessa, jne.<\/li>\n<\/ul>\n<ul>\n<li>Materiaali: T\u00e4ysi hunajavahattu m\u00e4nty<\/li>\n<li>Mitat: 42 x 47 x 107 cm (P x L x K)<\/li>\n<li>Istuimen korkeus maasta: 45 cm<\/li>\n<li>Mallisto: Corona<\/li>\n<li>Maksimikantavuus (per istuin): 110 kg<\/li>\n<li>Asennus vaaditaan: Kyll\u00e4<\/li>\n<\/ul>\n","protected":false},"excerpt":{"rendered":"<ul>\n<li>Materiaali: T\u00e4ysi hunajavahattu m\u00e4nty<\/li>\n<li>Mitat: 42 x 47 x 107 cm (P x L x K)<\/li>\n<li>Istuimen korkeus maasta: 45 cm<\/li>\n<li>Mallisto: Corona<\/li>\n<li>Maksimikantavuus (per istuin): 110 kg<\/li>\n<li>Asennus vaaditaan: Kyll\u00e4<\/li>\n<\/ul>\n","protected":false},"featured_media":10000095354,"comment_status":"closed","ping_status":"closed","template":"","meta":[],"product_brand":[],"product_cat":[84,8542],"product_tag":[],"class_list":{"0":"post-95354","1":"product","2":"type-product","3":"status-publish","4":"has-post-thumbnail","6":"product_cat-huonekalut","7":"product_cat-keittion-ruokapoydan-tuolit","9":"first","10":"instock","11":"taxable","12":"shipping-taxable","13":"purchasable","14":"product-type-simple"},"_links":{"self":[{"href":"https:\/\/www.otiumhome.fi\/index.php\/wp-json\/wp\/v2\/product\/95354","targetHints":{"allow":["GET"]}}],"collection":[{"href":"https:\/\/www.otiumhome.fi\/index.php\/wp-json\/wp\/v2\/product"}],"about":[{"href":"https:\/\/www.otiumhome.fi\/index.php\/wp-json\/wp\/v2\/types\/product"}],"replies":[{"embeddable":true,"href":"https:\/\/www.otiumhome.fi\/index.php\/wp-json\/wp\/v2\/comments?post=95354"}],"wp:featuredmedia":[{"embeddable":true,"href":"https:\/\/www.otiumhome.fi\/index.php\/wp-json\/"}],"wp:attachment":[{"href":"https:\/\/www.otiumhome.fi\/index.php\/wp-json\/wp\/v2\/media?parent=95354"}],"wp:term":[{"taxonomy":"product_brand","embeddable":true,"href":"https:\/\/www.otiumhome.fi\/index.php\/wp-json\/wp\/v2\/product_brand?post=95354"},{"taxonomy":"product_cat","embeddable":true,"href":"https:\/\/www.otiumhome.fi\/index.php\/wp-json\/wp\/v2\/product_cat?post=95354"},{"taxonomy":"product_tag","embeddable":true,"href":"https:\/\/www.otiumhome.fi\/index.php\/wp-json\/wp\/v2\/product_tag?post=95354"}],"curies":[{"name":"wp","href":"https:\/\/api.w.org\/{rel}","templated":true}]}}