{"id":95353,"date":"2024-12-15T08:43:42","date_gmt":"2024-12-15T08:43:42","guid":{"rendered":"https:\/\/www.otiumhome.fi\/?p=95353"},"modified":"2025-12-14T05:45:33","modified_gmt":"2025-12-14T05:45:33","slug":"ruokatuolit-2-kpl-44x40x80-cm-taysi-mangopuu","status":"publish","type":"product","link":"https:\/\/www.otiumhome.fi\/index.php\/tuote\/ruokatuolit-2-kpl-44x40x80-cm-taysi-mangopuu\/","title":{"rendered":"Ruokatuolit 2 kpl 44x40x80 cm t\u00e4ysi mangopuu"},"content":{"rendered":"<p>N\u00e4m\u00e4 antiikkityyliset puiset ruokap\u00f6yd\u00e4n tuolit ovat ainutlaatuiset lis\u00e4t ruokailuhuoneeseesi.<\/p>\n<\/p>\n<ul>\n<li>T\u00e4ysi mangopuu: N\u00e4m\u00e4 ruokatuolit on valmistettu t\u00e4ydest\u00e4 mangopuusta, joka on tihe\u00e4syinen lehtipuu. T\u00e4ydell\u00e4 mangopuulla ei ole vain voimaa kantaa painoa, se my\u00f6s kest\u00e4\u00e4 ajan patinaa.<\/li>\n<li>Vakaa runko: Niiden rautarunko tekee n\u00e4ist\u00e4 tuoleista vakaat ja tukevat.<\/li>\n<li>Laaja k\u00e4ytt\u00f6: N\u00e4iss\u00e4 monitoimisissa tuoleissa on t\u00e4ydelliset muodot, jotka sopii talosi mihin tahansa huoneeseen. Niit\u00e4 voidaan k\u00e4ytt\u00e4\u00e4 keitti\u00f6ss\u00e4, ruokasalissa, olohuoneessa, jne.<\/li>\n<\/ul>\n<\/p>\n<p>Huomioi:<\/p>\n<ul>\n<li>V\u00e4rit saattavat vaihdella kappaleesta toiseen, tehden jokaisesta kappaleesta ainutlaatuisen ja hieman erilaisen kuin muut. Toimitus on satunnainen, joka takaa tuotteesi ainutlaatuisuuden ja yksil\u00f6llisyyden.<\/li>\n<li>Jokaisen tuotteen mukana on laatikossa kokoonpano-ohje helppoa asennusta varten.<\/li>\n<\/ul>\n<ul>\n<li>Materiaali: t\u00e4ysi mangopuu luonnollisella viimeistelyll\u00e4, jauhemaalattu rauta<\/li>\n<li>Mitat: 44 x 40 x 80 cm (L x S x K)<\/li>\n<li>Istuimen koko: 42 x 37 cm (L x S)<\/li>\n<li>Selk\u00e4nojan leveys: 38 cm<\/li>\n<li>Istuimen korkeus maasta: 43 cm<\/li>\n<li>Maksimikantavuus (per istuin): 110 kg<\/li>\n<li><strong>Toimitus sis\u00e4lt\u00e4\u00e4: <\/strong><\/li>\n<li>2 x ruokatuoli<\/li>\n<\/ul>\n","protected":false},"excerpt":{"rendered":"<ul>\n<li>Materiaali: t\u00e4ysi mangopuu luonnollisella viimeistelyll\u00e4, jauhemaalattu rauta<\/li>\n<li>Mitat: 44 x 40 x 80 cm (L x S x K)<\/li>\n<li>Istuimen koko: 42 x 37 cm (L x S)<\/li>\n<li>Selk\u00e4nojan leveys: 38 cm<\/li>\n<li>Istuimen korkeus maasta: 43 cm<\/li>\n<li>Maksimikantavuus (per istuin): 110 kg<\/li>\n<li><strong>Toimitus sis\u00e4lt\u00e4\u00e4: <\/strong><\/li>\n<li>2 x ruokatuoli<\/li>\n<\/ul>\n","protected":false},"featured_media":10000095353,"comment_status":"closed","ping_status":"closed","template":"","meta":[],"product_brand":[],"product_cat":[84,8542],"product_tag":[],"class_list":{"0":"post-95353","1":"product","2":"type-product","3":"status-publish","4":"has-post-thumbnail","6":"product_cat-huonekalut","7":"product_cat-keittion-ruokapoydan-tuolit","9":"first","10":"instock","11":"taxable","12":"shipping-taxable","13":"purchasable","14":"product-type-simple"},"_links":{"self":[{"href":"https:\/\/www.otiumhome.fi\/index.php\/wp-json\/wp\/v2\/product\/95353","targetHints":{"allow":["GET"]}}],"collection":[{"href":"https:\/\/www.otiumhome.fi\/index.php\/wp-json\/wp\/v2\/product"}],"about":[{"href":"https:\/\/www.otiumhome.fi\/index.php\/wp-json\/wp\/v2\/types\/product"}],"replies":[{"embeddable":true,"href":"https:\/\/www.otiumhome.fi\/index.php\/wp-json\/wp\/v2\/comments?post=95353"}],"wp:featuredmedia":[{"embeddable":true,"href":"https:\/\/www.otiumhome.fi\/index.php\/wp-json\/"}],"wp:attachment":[{"href":"https:\/\/www.otiumhome.fi\/index.php\/wp-json\/wp\/v2\/media?parent=95353"}],"wp:term":[{"taxonomy":"product_brand","embeddable":true,"href":"https:\/\/www.otiumhome.fi\/index.php\/wp-json\/wp\/v2\/product_brand?post=95353"},{"taxonomy":"product_cat","embeddable":true,"href":"https:\/\/www.otiumhome.fi\/index.php\/wp-json\/wp\/v2\/product_cat?post=95353"},{"taxonomy":"product_tag","embeddable":true,"href":"https:\/\/www.otiumhome.fi\/index.php\/wp-json\/wp\/v2\/product_tag?post=95353"}],"curies":[{"name":"wp","href":"https:\/\/api.w.org\/{rel}","templated":true}]}}