{"id":95342,"date":"2024-12-15T08:43:41","date_gmt":"2024-12-15T08:43:41","guid":{"rendered":"https:\/\/www.otiumhome.fi\/?p=95342"},"modified":"2025-12-14T05:45:33","modified_gmt":"2025-12-14T05:45:33","slug":"ruokapoydan-tuoli-tummanharmaa-kangas","status":"publish","type":"product","link":"https:\/\/www.otiumhome.fi\/index.php\/tuote\/ruokapoydan-tuoli-tummanharmaa-kangas\/","title":{"rendered":"Ruokap\u00f6yd\u00e4n tuoli tummanharmaa kangas"},"content":{"rendered":"<p>T\u00e4m\u00e4 ruokatuoli on muotoiltu todella tyylikk\u00e4\u00e4sti. Se on tarkoitettu todelliseksi katseiden vangitsijaksi kotonasi.<\/p>\n<\/p>\n<ul>\n<li>Kest\u00e4v\u00e4 kangas: T\u00e4m\u00e4 ruokatuolituoli on valmistettu kankaasta. Kankaan ulkon\u00e4k\u00f6 on yksinkertainen ja puhdas, se on my\u00f6s hengitt\u00e4v\u00e4 ja pitk\u00e4ik\u00e4inen.<\/li>\n<li>Tukeva ja vakaa runko: Puurunko takaa tukevuuden ja vakauden. Kumipuujalat antavat tuotteelle luonnollisen ja miellytt\u00e4v\u00e4n ulkon\u00e4\u00f6n taaten samalla vakauden. Se sulautuu mihin tahansa sisustussuunnitteluun.<\/li>\n<li>Mukava istumakokemus: Keitti\u00f6tuolin istuin ja selk\u00e4noja on t\u00e4ytetty paksulla vaahtomuovilla, joten tunnet olosi mukavaksi. K\u00e4sinojat tarjoavat my\u00f6s lis\u00e4mukavuutta.<\/li>\n<li>Ranskalainen tyyli: Selk\u00e4nojan ja puusta veistettyjen tuolin jalkojen yhdistelm\u00e4 tuo ranskalaista tyyli\u00e4 ja eleganssia kotiisi.<\/li>\n<\/ul>\n<ul>\n<li>V\u00e4ri: tummanharmaa<\/li>\n<li>Materiaali: Kangas (100 % polyesteri), t\u00e4ysi puu<\/li>\n<li>T\u00e4ytemateriaali: vaahtomuovi<\/li>\n<li>Kokonaismitat: 63 x 61 x 69 cm (L x S x K)<\/li>\n<li>Istuimen leveys: 46 cm<\/li>\n<li>Istuimen syvyys: 42 cm<\/li>\n<li>Istuimen korkeus maasta: 48 cm<\/li>\n<li>K\u00e4sinojan korkeus: 18 cm<\/li>\n<li>Maksimikantavuus (per istuin): 110 kg<\/li>\n<li>Asennus vaaditaan: kyll\u00e4<\/li>\n<\/ul>\n","protected":false},"excerpt":{"rendered":"<ul>\n<li>V\u00e4ri: tummanharmaa<\/li>\n<li>Materiaali: Kangas (100 % polyesteri), t\u00e4ysi puu<\/li>\n<li>T\u00e4ytemateriaali: vaahtomuovi<\/li>\n<li>Kokonaismitat: 63 x 61 x 69 cm (L x S x K)<\/li>\n<li>Istuimen leveys: 46 cm<\/li>\n<li>Istuimen syvyys: 42 cm<\/li>\n<li>Istuimen korkeus maasta: 48 cm<\/li>\n<li>K\u00e4sinojan korkeus: 18 cm<\/li>\n<li>Maksimikantavuus (per istuin): 110 kg<\/li>\n<li>Asennus vaaditaan: kyll\u00e4<\/li>\n<\/ul>\n","protected":false},"featured_media":10000095342,"comment_status":"closed","ping_status":"closed","template":"","meta":[],"product_brand":[],"product_cat":[84,8542],"product_tag":[],"class_list":{"0":"post-95342","1":"product","2":"type-product","3":"status-publish","4":"has-post-thumbnail","6":"product_cat-huonekalut","7":"product_cat-keittion-ruokapoydan-tuolit","9":"first","10":"instock","11":"taxable","12":"shipping-taxable","13":"purchasable","14":"product-type-simple"},"_links":{"self":[{"href":"https:\/\/www.otiumhome.fi\/index.php\/wp-json\/wp\/v2\/product\/95342","targetHints":{"allow":["GET"]}}],"collection":[{"href":"https:\/\/www.otiumhome.fi\/index.php\/wp-json\/wp\/v2\/product"}],"about":[{"href":"https:\/\/www.otiumhome.fi\/index.php\/wp-json\/wp\/v2\/types\/product"}],"replies":[{"embeddable":true,"href":"https:\/\/www.otiumhome.fi\/index.php\/wp-json\/wp\/v2\/comments?post=95342"}],"wp:featuredmedia":[{"embeddable":true,"href":"https:\/\/www.otiumhome.fi\/index.php\/wp-json\/"}],"wp:attachment":[{"href":"https:\/\/www.otiumhome.fi\/index.php\/wp-json\/wp\/v2\/media?parent=95342"}],"wp:term":[{"taxonomy":"product_brand","embeddable":true,"href":"https:\/\/www.otiumhome.fi\/index.php\/wp-json\/wp\/v2\/product_brand?post=95342"},{"taxonomy":"product_cat","embeddable":true,"href":"https:\/\/www.otiumhome.fi\/index.php\/wp-json\/wp\/v2\/product_cat?post=95342"},{"taxonomy":"product_tag","embeddable":true,"href":"https:\/\/www.otiumhome.fi\/index.php\/wp-json\/wp\/v2\/product_tag?post=95342"}],"curies":[{"name":"wp","href":"https:\/\/api.w.org\/{rel}","templated":true}]}}