{"id":95315,"date":"2024-12-15T08:43:39","date_gmt":"2024-12-15T08:43:39","guid":{"rendered":"https:\/\/www.otiumhome.fi\/?p=95315"},"modified":"2025-06-26T19:37:40","modified_gmt":"2025-06-26T19:37:40","slug":"ruokatuolit-8-kp-taysi-akasiapuu","status":"publish","type":"product","link":"https:\/\/www.otiumhome.fi\/index.php\/tuote\/ruokatuolit-8-kp-taysi-akasiapuu\/","title":{"rendered":"Ruokatuolit 8 kp t\u00e4ysi akasiapuu"},"content":{"rendered":"<p>Lis\u00e4\u00e4 v\u00e4litt\u00f6m\u00e4sti vaikuttavaa modernia tyyli\u00e4 sisustukseesi n\u00e4ill\u00e4 ainutlaatuisilla ruokatuoleilla!<\/p>\n<\/p>\n<ul>\n<li>T\u00e4ysi akaasiapuu: T\u00e4ysi akasiapuu on kaunis luonnonmateriaali. Akasiapuu on tihe\u00e4syinen, tukeva ja kest\u00e4v\u00e4 trooppinen lehtipuu.<\/li>\n<li>Tukeva ja vakaa runko: Kaapin puurunko takaa tukevuuden ja vakauden.<\/li>\n<li>Mukava selk\u00e4noja: Puisen ruokatuolin selk\u00e4noja antaa sinulle t\u00e4yden tuen ja se tuo varmasti mukavimman istumakokemuksen.<\/li>\n<\/ul>\n<p>Huomioi: <\/p>\n<ul>\n<li>Jokaisen tuotteen mukana on laatikossa kokoonpano-ohje helppoa asennusta varten.<\/li>\n<\/ul>\n<ul>\n<li>V\u00e4ri: ruskea<\/li>\n<li>Materiaali: harjattu t\u00e4ysi akaasiapuu<\/li>\n<li>Mitat: 42 x 49 x 90 cm (L x S x K)<\/li>\n<li>Istuimen korkeus maasta: 45 cm<\/li>\n<li><strong>Toimitus sis\u00e4lt\u00e4\u00e4:<\/strong><\/li>\n<li>8 x ruokatuoli<\/li>\n<\/ul>\n","protected":false},"excerpt":{"rendered":"<ul>\n<li>V\u00e4ri: ruskea<\/li>\n<li>Materiaali: harjattu t\u00e4ysi akaasiapuu<\/li>\n<li>Mitat: 42 x 49 x 90 cm (L x S x K)<\/li>\n<li>Istuimen korkeus maasta: 45 cm<\/li>\n<li><strong>Toimitus sis\u00e4lt\u00e4\u00e4:<\/strong><\/li>\n<li>8 x ruokatuoli<\/li>\n<\/ul>\n","protected":false},"featured_media":10000095315,"comment_status":"closed","ping_status":"closed","template":"","meta":[],"product_brand":[],"product_cat":[84,8542],"product_tag":[],"class_list":{"0":"post-95315","1":"product","2":"type-product","3":"status-publish","4":"has-post-thumbnail","6":"product_cat-huonekalut","7":"product_cat-keittion-ruokapoydan-tuolit","9":"first","10":"instock","11":"taxable","12":"shipping-taxable","13":"purchasable","14":"product-type-simple"},"_links":{"self":[{"href":"https:\/\/www.otiumhome.fi\/index.php\/wp-json\/wp\/v2\/product\/95315","targetHints":{"allow":["GET"]}}],"collection":[{"href":"https:\/\/www.otiumhome.fi\/index.php\/wp-json\/wp\/v2\/product"}],"about":[{"href":"https:\/\/www.otiumhome.fi\/index.php\/wp-json\/wp\/v2\/types\/product"}],"replies":[{"embeddable":true,"href":"https:\/\/www.otiumhome.fi\/index.php\/wp-json\/wp\/v2\/comments?post=95315"}],"wp:featuredmedia":[{"embeddable":true,"href":"https:\/\/www.otiumhome.fi\/index.php\/wp-json\/"}],"wp:attachment":[{"href":"https:\/\/www.otiumhome.fi\/index.php\/wp-json\/wp\/v2\/media?parent=95315"}],"wp:term":[{"taxonomy":"product_brand","embeddable":true,"href":"https:\/\/www.otiumhome.fi\/index.php\/wp-json\/wp\/v2\/product_brand?post=95315"},{"taxonomy":"product_cat","embeddable":true,"href":"https:\/\/www.otiumhome.fi\/index.php\/wp-json\/wp\/v2\/product_cat?post=95315"},{"taxonomy":"product_tag","embeddable":true,"href":"https:\/\/www.otiumhome.fi\/index.php\/wp-json\/wp\/v2\/product_tag?post=95315"}],"curies":[{"name":"wp","href":"https:\/\/api.w.org\/{rel}","templated":true}]}}