{"id":95311,"date":"2024-12-15T08:43:38","date_gmt":"2024-12-15T08:43:38","guid":{"rendered":"https:\/\/www.otiumhome.fi\/?p=95311"},"modified":"2025-12-14T05:39:41","modified_gmt":"2025-12-14T05:39:41","slug":"ruokatuolit-6-kpl-lapinakyva-pet","status":"publish","type":"product","link":"https:\/\/www.otiumhome.fi\/index.php\/tuote\/ruokatuolit-6-kpl-lapinakyva-pet\/","title":{"rendered":"Ruokatuolit 6 kpl l\u00e4pin\u00e4kyv\u00e4 PET"},"content":{"rendered":"<p>Luo modernia tyyli\u00e4 ja tyylik\u00e4st\u00e4 tunnelmaa sisustukseesi n\u00e4ill\u00e4 ruokatuoleilla.<\/p>\n<\/p>\n<p>L\u00e4pin\u00e4kyvill\u00e4 istuimilla ja sulavilla linjoilla varustetut ruokatuolit n\u00e4ytt\u00e4v\u00e4t todella erityisilt\u00e4. N\u00e4m\u00e4 ruokatuolit on valmistettu PET-materiaalista, joten niiden puhdistus k\u00e4y helposti. Lis\u00e4ksi metallijalat lis\u00e4\u00e4v\u00e4t keitti\u00f6tuolien tukevuutta. Ergonomisesti kaarevalla selk\u00e4nojalla varustetut tuolit takaavat parhaan istumamukavuuden. Samalla jalkojen pehmusteet est\u00e4v\u00e4t lattian naarmuuntumisen ja tarjoavat lis\u00e4\u00e4 vakautta.<\/p>\n<ul>\n<li>V\u00e4ri: l\u00e4pin\u00e4kyv\u00e4<\/li>\n<li>Materiaali: PET, metalli<\/li>\n<li>Mitat: 46 x 52 x 84 cm (L x S x K)<\/li>\n<li>Istuimen syvyys: 38 cm<\/li>\n<li>Istuimen korkeus maasta: 47 cm<\/li>\n<li>Selk\u00e4nojan korkeus istuimesta: 40 cm<\/li>\n<li>Metallijalat l\u00e4mm\u00f6nsiirtopainatuksella<\/li>\n<li>Asennus vaaditaan: kyll\u00e4<\/li>\n<li><strong>Toimitus sis\u00e4lt\u00e4\u00e4:<\/strong><\/li>\n<li>6 x ruokatuoli<\/li>\n<\/ul>\n","protected":false},"excerpt":{"rendered":"<ul>\n<li>V\u00e4ri: l\u00e4pin\u00e4kyv\u00e4<\/li>\n<li>Materiaali: PET, metalli<\/li>\n<li>Mitat: 46 x 52 x 84 cm (L x S x K)<\/li>\n<li>Istuimen syvyys: 38 cm<\/li>\n<li>Istuimen korkeus maasta: 47 cm<\/li>\n<li>Selk\u00e4nojan korkeus istuimesta: 40 cm<\/li>\n<li>Metallijalat l\u00e4mm\u00f6nsiirtopainatuksella<\/li>\n<li>Asennus vaaditaan: kyll\u00e4<\/li>\n<li><strong>Toimitus sis\u00e4lt\u00e4\u00e4:<\/strong><\/li>\n<li>6 x ruokatuoli<\/li>\n<\/ul>\n","protected":false},"featured_media":10000095311,"comment_status":"closed","ping_status":"closed","template":"","meta":[],"product_brand":[],"product_cat":[84,8542],"product_tag":[],"class_list":{"0":"post-95311","1":"product","2":"type-product","3":"status-publish","4":"has-post-thumbnail","6":"product_cat-huonekalut","7":"product_cat-keittion-ruokapoydan-tuolit","9":"first","10":"instock","11":"taxable","12":"shipping-taxable","13":"purchasable","14":"product-type-simple"},"_links":{"self":[{"href":"https:\/\/www.otiumhome.fi\/index.php\/wp-json\/wp\/v2\/product\/95311","targetHints":{"allow":["GET"]}}],"collection":[{"href":"https:\/\/www.otiumhome.fi\/index.php\/wp-json\/wp\/v2\/product"}],"about":[{"href":"https:\/\/www.otiumhome.fi\/index.php\/wp-json\/wp\/v2\/types\/product"}],"replies":[{"embeddable":true,"href":"https:\/\/www.otiumhome.fi\/index.php\/wp-json\/wp\/v2\/comments?post=95311"}],"wp:featuredmedia":[{"embeddable":true,"href":"https:\/\/www.otiumhome.fi\/index.php\/wp-json\/"}],"wp:attachment":[{"href":"https:\/\/www.otiumhome.fi\/index.php\/wp-json\/wp\/v2\/media?parent=95311"}],"wp:term":[{"taxonomy":"product_brand","embeddable":true,"href":"https:\/\/www.otiumhome.fi\/index.php\/wp-json\/wp\/v2\/product_brand?post=95311"},{"taxonomy":"product_cat","embeddable":true,"href":"https:\/\/www.otiumhome.fi\/index.php\/wp-json\/wp\/v2\/product_cat?post=95311"},{"taxonomy":"product_tag","embeddable":true,"href":"https:\/\/www.otiumhome.fi\/index.php\/wp-json\/wp\/v2\/product_tag?post=95311"}],"curies":[{"name":"wp","href":"https:\/\/api.w.org\/{rel}","templated":true}]}}