{"id":95301,"date":"2024-12-15T08:43:38","date_gmt":"2024-12-15T08:43:38","guid":{"rendered":"https:\/\/www.otiumhome.fi\/?p=95301"},"modified":"2025-06-06T15:36:25","modified_gmt":"2025-06-06T15:36:25","slug":"ruokapoydan-tuolit-6-kpl-keltainen-muovi","status":"publish","type":"product","link":"https:\/\/www.otiumhome.fi\/index.php\/tuote\/ruokapoydan-tuolit-6-kpl-keltainen-muovi\/","title":{"rendered":"Ruokap\u00f6yd\u00e4n tuolit 6 kpl keltainen muovi"},"content":{"rendered":"<p>Tuo nykyaikaista vieh\u00e4tysvoimaa sisustukseesi t\u00e4ll\u00e4 minimalistisella ruokatuolilla!<\/p>\n<\/p>\n<p>N\u00e4m\u00e4 ruokap\u00f6yd\u00e4n tuolit on valmistettu polypropeenista, jotka tekev\u00e4t niist\u00e4 helposti puhdistettavia. Ergonomisella kaarevalla selk\u00e4nojalla suunnitellut tuolit takaavat \u00e4\u00e4rimm\u00e4isen mukavan istuimen. Lis\u00e4ksi py\u00f6kkipuiset jalat lis\u00e4\u00e4v\u00e4t ylim\u00e4\u00e4r\u00e4ist\u00e4 tukevuutta ja vakautta n\u00e4ihin keitti\u00f6n tuoleihin.<\/p>\n<ul>\n<li>V\u00e4ri: keltainen<\/li>\n<li>Materiaali: PP (polypropeeni), py\u00f6kki<\/li>\n<li>Mitat: 46 x 51 x 82 cm (L x S x K)<\/li>\n<li>Istuimen syvyys: 39 cm<\/li>\n<li>Istuimen korkeus maasta: 44 cm<\/li>\n<li>Asennus vaaditaan: kyll\u00e4<\/li>\n<li><strong>Toimitus sis\u00e4lt\u00e4\u00e4:<\/strong><\/li>\n<li>6 x ruokatuoli<\/li>\n<\/ul>\n","protected":false},"excerpt":{"rendered":"<ul>\n<li>V\u00e4ri: keltainen<\/li>\n<li>Materiaali: PP (polypropeeni), py\u00f6kki<\/li>\n<li>Mitat: 46 x 51 x 82 cm (L x S x K)<\/li>\n<li>Istuimen syvyys: 39 cm<\/li>\n<li>Istuimen korkeus maasta: 44 cm<\/li>\n<li>Asennus vaaditaan: kyll\u00e4<\/li>\n<li><strong>Toimitus sis\u00e4lt\u00e4\u00e4:<\/strong><\/li>\n<li>6 x ruokatuoli<\/li>\n<\/ul>\n","protected":false},"featured_media":10000095301,"comment_status":"closed","ping_status":"closed","template":"","meta":[],"product_brand":[],"product_cat":[84,8542],"product_tag":[],"class_list":{"0":"post-95301","1":"product","2":"type-product","3":"status-publish","4":"has-post-thumbnail","6":"product_cat-huonekalut","7":"product_cat-keittion-ruokapoydan-tuolit","9":"first","10":"instock","11":"taxable","12":"shipping-taxable","13":"purchasable","14":"product-type-simple"},"_links":{"self":[{"href":"https:\/\/www.otiumhome.fi\/index.php\/wp-json\/wp\/v2\/product\/95301","targetHints":{"allow":["GET"]}}],"collection":[{"href":"https:\/\/www.otiumhome.fi\/index.php\/wp-json\/wp\/v2\/product"}],"about":[{"href":"https:\/\/www.otiumhome.fi\/index.php\/wp-json\/wp\/v2\/types\/product"}],"replies":[{"embeddable":true,"href":"https:\/\/www.otiumhome.fi\/index.php\/wp-json\/wp\/v2\/comments?post=95301"}],"wp:featuredmedia":[{"embeddable":true,"href":"https:\/\/www.otiumhome.fi\/index.php\/wp-json\/"}],"wp:attachment":[{"href":"https:\/\/www.otiumhome.fi\/index.php\/wp-json\/wp\/v2\/media?parent=95301"}],"wp:term":[{"taxonomy":"product_brand","embeddable":true,"href":"https:\/\/www.otiumhome.fi\/index.php\/wp-json\/wp\/v2\/product_brand?post=95301"},{"taxonomy":"product_cat","embeddable":true,"href":"https:\/\/www.otiumhome.fi\/index.php\/wp-json\/wp\/v2\/product_cat?post=95301"},{"taxonomy":"product_tag","embeddable":true,"href":"https:\/\/www.otiumhome.fi\/index.php\/wp-json\/wp\/v2\/product_tag?post=95301"}],"curies":[{"name":"wp","href":"https:\/\/api.w.org\/{rel}","templated":true}]}}