{"id":95298,"date":"2024-12-15T08:43:37","date_gmt":"2024-12-15T08:43:37","guid":{"rendered":"https:\/\/www.otiumhome.fi\/?p=95298"},"modified":"2025-12-14T05:39:40","modified_gmt":"2025-12-14T05:39:40","slug":"ruokapoydan-tuolit-2-kpl-taysi-uusiokaytetty-puu","status":"publish","type":"product","link":"https:\/\/www.otiumhome.fi\/index.php\/tuote\/ruokapoydan-tuolit-2-kpl-taysi-uusiokaytetty-puu\/","title":{"rendered":"Ruokap\u00f6yd\u00e4n tuolit 2 kpl t\u00e4ysi uusiok\u00e4ytetty puu"},"content":{"rendered":"<p>Antiikkityylinen ruokatuolisarja on ainutlaatuinen lis\u00e4 ruokasaliisi. Tuolien rautarungot tekev\u00e4t niist\u00e4 vakaat ja tukevat.<\/p>\n<\/p>\n<p>N\u00e4m\u00e4 tuolit on valmistettu t\u00e4ydest\u00e4 kierr\u00e4tetyst\u00e4 puusta, joka tarkoittaa jokaisen huonekalun olevan ainutlaatuinen ja hieman toisistaan poikkeava. Kierr\u00e4tetyst\u00e4 puusta valmistetussa huonekalussa on eri puiden, kuten tiikin, mangopuun ja akaasian ominaisuuksia. Kierr\u00e4tetty puu on t\u00e4yspuuta, vakaata, kest\u00e4v\u00e4\u00e4 ja kaunista. Kulumisen merkit ja n\u00e4kyv\u00e4t puun pintakuviot antavat jokaiselle kappaleelle oman historian ja ainutlaatuisen ulkon\u00e4\u00f6n. Tuolisarja on t\u00e4ysin k\u00e4sintehty ja jokainen ty\u00f6vaihe on suoritettu erityisen huolella. Moniv\u00e4rinen maali lis\u00e4\u00e4 niiden upeaa retrotyyli\u00e4.<\/p>\n<\/p>\n<p>T\u00e4rke\u00e4 huomio: V\u00e4rit vaihtelevat kappaleittain, mik\u00e4 tekee jokaisesta ruokatuolista ainutlaatuisen; toimitus on sattumanvarainen.<\/p>\n<ul>\n<li>V\u00e4ri: moniv\u00e4rinen<\/li>\n<li>Materiaali: t\u00e4ysi kierr\u00e4tetty puu, jauhemaalattu rauta<\/li>\n<li>Mitat: 42 x 37 x 82 cm (L x S x K)<\/li>\n<li>Selk\u00e4nojan leveys: 38 cm<\/li>\n<li>Istuimen korkeus maasta: 43 cm<\/li>\n<li>Maksimikantavuus (per istuin): 110 kg<\/li>\n<li><strong>Toimitus sis\u00e4lt\u00e4\u00e4: <\/strong><\/li>\n<li>2 x ruokatuoli <\/li>\n<\/ul>\n","protected":false},"excerpt":{"rendered":"<ul>\n<li>V\u00e4ri: moniv\u00e4rinen<\/li>\n<li>Materiaali: t\u00e4ysi kierr\u00e4tetty puu, jauhemaalattu rauta<\/li>\n<li>Mitat: 42 x 37 x 82 cm (L x S x K)<\/li>\n<li>Selk\u00e4nojan leveys: 38 cm<\/li>\n<li>Istuimen korkeus maasta: 43 cm<\/li>\n<li>Maksimikantavuus (per istuin): 110 kg<\/li>\n<li><strong>Toimitus sis\u00e4lt\u00e4\u00e4: <\/strong><\/li>\n<li>2 x ruokatuoli <\/li>\n<\/ul>\n","protected":false},"featured_media":10000095298,"comment_status":"closed","ping_status":"closed","template":"","meta":[],"product_brand":[],"product_cat":[84,8542],"product_tag":[],"class_list":{"0":"post-95298","1":"product","2":"type-product","3":"status-publish","4":"has-post-thumbnail","6":"product_cat-huonekalut","7":"product_cat-keittion-ruokapoydan-tuolit","9":"first","10":"instock","11":"taxable","12":"shipping-taxable","13":"purchasable","14":"product-type-simple"},"_links":{"self":[{"href":"https:\/\/www.otiumhome.fi\/index.php\/wp-json\/wp\/v2\/product\/95298","targetHints":{"allow":["GET"]}}],"collection":[{"href":"https:\/\/www.otiumhome.fi\/index.php\/wp-json\/wp\/v2\/product"}],"about":[{"href":"https:\/\/www.otiumhome.fi\/index.php\/wp-json\/wp\/v2\/types\/product"}],"replies":[{"embeddable":true,"href":"https:\/\/www.otiumhome.fi\/index.php\/wp-json\/wp\/v2\/comments?post=95298"}],"wp:featuredmedia":[{"embeddable":true,"href":"https:\/\/www.otiumhome.fi\/index.php\/wp-json\/"}],"wp:attachment":[{"href":"https:\/\/www.otiumhome.fi\/index.php\/wp-json\/wp\/v2\/media?parent=95298"}],"wp:term":[{"taxonomy":"product_brand","embeddable":true,"href":"https:\/\/www.otiumhome.fi\/index.php\/wp-json\/wp\/v2\/product_brand?post=95298"},{"taxonomy":"product_cat","embeddable":true,"href":"https:\/\/www.otiumhome.fi\/index.php\/wp-json\/wp\/v2\/product_cat?post=95298"},{"taxonomy":"product_tag","embeddable":true,"href":"https:\/\/www.otiumhome.fi\/index.php\/wp-json\/wp\/v2\/product_tag?post=95298"}],"curies":[{"name":"wp","href":"https:\/\/api.w.org\/{rel}","templated":true}]}}