{"id":95297,"date":"2024-12-15T08:43:37","date_gmt":"2024-12-15T08:43:37","guid":{"rendered":"https:\/\/www.otiumhome.fi\/?p=95297"},"modified":"2025-12-14T05:39:40","modified_gmt":"2025-12-14T05:39:40","slug":"ruokatuolit-kasinojilla-2-kpl-ruskeanharmaa-kangas","status":"publish","type":"product","link":"https:\/\/www.otiumhome.fi\/index.php\/tuote\/ruokatuolit-kasinojilla-2-kpl-ruskeanharmaa-kangas\/","title":{"rendered":"Ruokatuolit k\u00e4sinojilla 2 kpl ruskeanharmaa kangas"},"content":{"rendered":"<p>Lis\u00e4\u00e4 v\u00e4litt\u00f6m\u00e4sti modernia tyylikkyytt\u00e4 sisustukseesi ruokatuoleillamme! Ruokatuolit on muotoiltu elegantisti ja ajattomasti, joten ne ovat oikeat katseenvangitsijat ruokailuhuoneessasi tai keitti\u00f6ss\u00e4si.<\/p>\n<\/p>\n<p>N\u00e4m\u00e4 tuolit, joiden p\u00e4\u00e4ll\u00e4 on paksu pehme\u00e4 verhoilu, ovat ergonomisesti suunniteltuja tarjoamaan sinulle mukava istumakokemus. Vankat metallijalat lis\u00e4\u00e4v\u00e4t tuolien vakautta ja tukevuutta. Ruokatuolit on my\u00f6s helppo koota.<\/p>\n<\/p>\n<p>Toimitus sis\u00e4lt\u00e4\u00e4 2 ruokap\u00f6yd\u00e4n tuolia.<\/p>\n<ul>\n<li>V\u00e4ri: harmaanruskea<\/li>\n<li>Materiaali: kangasverhoilu + jauhemaalattu metallirunko<\/li>\n<li>Kokonaismitat: 52 x 59,5 x 93 cm (L x S x K)<\/li>\n<li>Istuimen leveys: 42,5 cm<\/li>\n<li>Istuimen syvyys: 45 cm<\/li>\n<li>Selk\u00e4nojan korkeus: 48 cm<\/li>\n<li>Istuimen korkeus maasta: 48 cm<\/li>\n<li>Toimitus sis\u00e4lt\u00e4\u00e4 2 ruokatuolia<\/li>\n<\/ul>\n","protected":false},"excerpt":{"rendered":"<ul>\n<li>V\u00e4ri: harmaanruskea<\/li>\n<li>Materiaali: kangasverhoilu + jauhemaalattu metallirunko<\/li>\n<li>Kokonaismitat: 52 x 59,5 x 93 cm (L x S x K)<\/li>\n<li>Istuimen leveys: 42,5 cm<\/li>\n<li>Istuimen syvyys: 45 cm<\/li>\n<li>Selk\u00e4nojan korkeus: 48 cm<\/li>\n<li>Istuimen korkeus maasta: 48 cm<\/li>\n<li>Toimitus sis\u00e4lt\u00e4\u00e4 2 ruokatuolia<\/li>\n<\/ul>\n","protected":false},"featured_media":10000095297,"comment_status":"closed","ping_status":"closed","template":"","meta":[],"product_brand":[],"product_cat":[84,8542],"product_tag":[],"class_list":{"0":"post-95297","1":"product","2":"type-product","3":"status-publish","4":"has-post-thumbnail","6":"product_cat-huonekalut","7":"product_cat-keittion-ruokapoydan-tuolit","9":"first","10":"instock","11":"taxable","12":"shipping-taxable","13":"purchasable","14":"product-type-simple"},"_links":{"self":[{"href":"https:\/\/www.otiumhome.fi\/index.php\/wp-json\/wp\/v2\/product\/95297","targetHints":{"allow":["GET"]}}],"collection":[{"href":"https:\/\/www.otiumhome.fi\/index.php\/wp-json\/wp\/v2\/product"}],"about":[{"href":"https:\/\/www.otiumhome.fi\/index.php\/wp-json\/wp\/v2\/types\/product"}],"replies":[{"embeddable":true,"href":"https:\/\/www.otiumhome.fi\/index.php\/wp-json\/wp\/v2\/comments?post=95297"}],"wp:featuredmedia":[{"embeddable":true,"href":"https:\/\/www.otiumhome.fi\/index.php\/wp-json\/"}],"wp:attachment":[{"href":"https:\/\/www.otiumhome.fi\/index.php\/wp-json\/wp\/v2\/media?parent=95297"}],"wp:term":[{"taxonomy":"product_brand","embeddable":true,"href":"https:\/\/www.otiumhome.fi\/index.php\/wp-json\/wp\/v2\/product_brand?post=95297"},{"taxonomy":"product_cat","embeddable":true,"href":"https:\/\/www.otiumhome.fi\/index.php\/wp-json\/wp\/v2\/product_cat?post=95297"},{"taxonomy":"product_tag","embeddable":true,"href":"https:\/\/www.otiumhome.fi\/index.php\/wp-json\/wp\/v2\/product_tag?post=95297"}],"curies":[{"name":"wp","href":"https:\/\/api.w.org\/{rel}","templated":true}]}}