{"id":95276,"date":"2024-12-15T08:43:36","date_gmt":"2024-12-15T08:43:36","guid":{"rendered":"https:\/\/www.otiumhome.fi\/?p=95276"},"modified":"2025-12-14T05:39:39","modified_gmt":"2025-12-14T05:39:39","slug":"ruokatuolit-6-kpl-massiivipuu-klassinen","status":"publish","type":"product","link":"https:\/\/www.otiumhome.fi\/index.php\/tuote\/ruokatuolit-6-kpl-massiivipuu-klassinen\/","title":{"rendered":"Ruokatuolit 6 kpl massiivipuu klassinen"},"content":{"rendered":"<p>T\u00e4ss\u00e4 klassisesti muotoillussa 6 ruokatuolin sarjassa on kauniita valurautaisia yksityiskohtia, ja tuolit lis\u00e4\u00e4v\u00e4t eleganssia kotisi sisustukseen!<\/p>\n<\/p>\n<p>Tuolit ovat valmistettu t\u00e4ydest\u00e4 akaasiapuusta. Akaasia on kest\u00e4v\u00e4 trooppinen kovapuu. Tuolit ovat t\u00e4ysin k\u00e4sintehtyj\u00e4 ja kauniit puun pintakuviot tekev\u00e4t jokaisesta huonekalusta ainutlaatuisen sek\u00e4 toisistaan eroavan. Ruokatuolit on helppo puhdistaa kostealla liinalla pyyhkien. Kokoaminen on helppoa.<\/p>\n<\/p>\n<p>T\u00e4rke\u00e4 huomio: V\u00e4rit vaihtelevat kappaleittain, tehden jokaisesta kappaleesta ainutlaatuisen. Toimitus on satunnainen, t\u00e4m\u00e4 takaa tuotteesi erityisyyden ja ainutlaatuisuuden. Toimitus sis\u00e4lt\u00e4\u00e4 kuusi ruokatuolia.<\/p>\n<ul>\n<li>V\u00e4ri: ruskea<\/li>\n<li>Materiaali: T\u00e4ysi akaasiapuu + valurautaiset koristeelliset yksityiskohdat<\/li>\n<li>Mitat: 43 x 43 x 100 cm (L x S x K)<\/li>\n<li>Istuimen korkeus maasta: 45 cm<\/li>\n<li>Hiottu, maalattu ja lakattu<\/li>\n<li>Helppo koota<\/li>\n<li>Toimitus sis\u00e4lt\u00e4\u00e4 6 ruokatuolia<\/li>\n<\/ul>\n","protected":false},"excerpt":{"rendered":"<ul>\n<li>V\u00e4ri: ruskea<\/li>\n<li>Materiaali: T\u00e4ysi akaasiapuu + valurautaiset koristeelliset yksityiskohdat<\/li>\n<li>Mitat: 43 x 43 x 100 cm (L x S x K)<\/li>\n<li>Istuimen korkeus maasta: 45 cm<\/li>\n<li>Hiottu, maalattu ja lakattu<\/li>\n<li>Helppo koota<\/li>\n<li>Toimitus sis\u00e4lt\u00e4\u00e4 6 ruokatuolia<\/li>\n<\/ul>\n","protected":false},"featured_media":10000095276,"comment_status":"closed","ping_status":"closed","template":"","meta":[],"product_brand":[],"product_cat":[84,8542],"product_tag":[],"class_list":{"0":"post-95276","1":"product","2":"type-product","3":"status-publish","4":"has-post-thumbnail","6":"product_cat-huonekalut","7":"product_cat-keittion-ruokapoydan-tuolit","9":"first","10":"instock","11":"taxable","12":"shipping-taxable","13":"purchasable","14":"product-type-simple"},"_links":{"self":[{"href":"https:\/\/www.otiumhome.fi\/index.php\/wp-json\/wp\/v2\/product\/95276","targetHints":{"allow":["GET"]}}],"collection":[{"href":"https:\/\/www.otiumhome.fi\/index.php\/wp-json\/wp\/v2\/product"}],"about":[{"href":"https:\/\/www.otiumhome.fi\/index.php\/wp-json\/wp\/v2\/types\/product"}],"replies":[{"embeddable":true,"href":"https:\/\/www.otiumhome.fi\/index.php\/wp-json\/wp\/v2\/comments?post=95276"}],"wp:featuredmedia":[{"embeddable":true,"href":"https:\/\/www.otiumhome.fi\/index.php\/wp-json\/"}],"wp:attachment":[{"href":"https:\/\/www.otiumhome.fi\/index.php\/wp-json\/wp\/v2\/media?parent=95276"}],"wp:term":[{"taxonomy":"product_brand","embeddable":true,"href":"https:\/\/www.otiumhome.fi\/index.php\/wp-json\/wp\/v2\/product_brand?post=95276"},{"taxonomy":"product_cat","embeddable":true,"href":"https:\/\/www.otiumhome.fi\/index.php\/wp-json\/wp\/v2\/product_cat?post=95276"},{"taxonomy":"product_tag","embeddable":true,"href":"https:\/\/www.otiumhome.fi\/index.php\/wp-json\/wp\/v2\/product_tag?post=95276"}],"curies":[{"name":"wp","href":"https:\/\/api.w.org\/{rel}","templated":true}]}}