{"id":95272,"date":"2024-12-15T08:43:35","date_gmt":"2024-12-15T08:43:35","guid":{"rendered":"https:\/\/www.otiumhome.fi\/?p=95272"},"modified":"2025-06-06T15:36:24","modified_gmt":"2025-06-06T15:36:24","slug":"ruokatuolit-4kpl-kiintea-mangopuu-ja-teras-ristiselkanoja-musta","status":"publish","type":"product","link":"https:\/\/www.otiumhome.fi\/index.php\/tuote\/ruokatuolit-4kpl-kiintea-mangopuu-ja-teras-ristiselkanoja-musta\/","title":{"rendered":"Ruokatuolit 4kpl Kiinte\u00e4 mangopuu ja ter\u00e4s Ristiselk\u00e4noja Musta"},"content":{"rendered":"<p>N\u00e4m\u00e4 ainutlaatuisesti ja silmiinpist\u00e4v\u00e4sti muotoillut ruokap\u00f6yd\u00e4n tuolit luovat teollista tunnelmaa olohuoneeseesi tai ruokailutilaasi. Ne sopivat erinomaisesti my\u00f6s ravintoloiden k\u00e4ytt\u00f6\u00f6n.<\/p>\n<\/p>\n<p>Istuimet ja selk\u00e4nojat ovat valmistettu kiinte\u00e4st\u00e4 mangopuusta. Puun kauniit pintakuviot korostavat niiden rustiikkista vieh\u00e4tysvoimaa ja tekev\u00e4t jokaisesta tuolista ainutlaatuisen sek\u00e4 hieman erilaisen muista. Tukevat jauhemaalatut ter\u00e4srungot eiv\u00e4t ainoastaan tee tuoleista eritt\u00e4in vakaita ja kest\u00e4vi\u00e4, vaan ne my\u00f6s t\u00e4ydent\u00e4v\u00e4t niiden teollisen ilmeen.<\/p>\n<\/p>\n<p>Toimituksessa on 4 ruokatuolia. Helppo koota.<\/p>\n<ul>\n<li>Materiaali: kiinte\u00e4 mangopuu (hiottu ja lakattu) + jauhemaalattu ter\u00e4s<\/li>\n<li>Mitat: 51 x 52 x 84 cm (L x S x K)<\/li>\n<li>Istuimen leveys: 42 cm<\/li>\n<li>Istuimen syvyys: 43 cm<\/li>\n<li>Istuimen korkeus maasta: 46 cm<\/li>\n<li>Ristiselk\u00e4noja<\/li>\n<li>K\u00e4sintehty<\/li>\n<li>Helppo koota<\/li>\n<li>Maksimikantavuus (per istuin): 110 kg<\/li>\n<li>Toimitus sis\u00e4lt\u00e4\u00e4 4 ruokatuolia<\/li>\n<\/ul>\n<p> Enint\u00e4\u00e4n 110 kg per istuin.<\/p>\n","protected":false},"excerpt":{"rendered":"<ul>\n<li>Materiaali: kiinte\u00e4 mangopuu (hiottu ja lakattu) + jauhemaalattu ter\u00e4s<\/li>\n<li>Mitat: 51 x 52 x 84 cm (L x S x K)<\/li>\n<li>Istuimen leveys: 42 cm<\/li>\n<li>Istuimen syvyys: 43 cm<\/li>\n<li>Istuimen korkeus maasta: 46 cm<\/li>\n<li>Ristiselk\u00e4noja<\/li>\n<li>K\u00e4sintehty<\/li>\n<li>Helppo koota<\/li>\n<li>Maksimikantavuus (per istuin): 110 kg<\/li>\n<li>Toimitus sis\u00e4lt\u00e4\u00e4 4 ruokatuolia<\/li>\n<\/ul>\n","protected":false},"featured_media":10000095272,"comment_status":"closed","ping_status":"closed","template":"","meta":[],"product_brand":[],"product_cat":[84,8542],"product_tag":[],"class_list":{"0":"post-95272","1":"product","2":"type-product","3":"status-publish","4":"has-post-thumbnail","6":"product_cat-huonekalut","7":"product_cat-keittion-ruokapoydan-tuolit","9":"first","10":"outofstock","11":"taxable","12":"shipping-taxable","13":"purchasable","14":"product-type-simple"},"_links":{"self":[{"href":"https:\/\/www.otiumhome.fi\/index.php\/wp-json\/wp\/v2\/product\/95272","targetHints":{"allow":["GET"]}}],"collection":[{"href":"https:\/\/www.otiumhome.fi\/index.php\/wp-json\/wp\/v2\/product"}],"about":[{"href":"https:\/\/www.otiumhome.fi\/index.php\/wp-json\/wp\/v2\/types\/product"}],"replies":[{"embeddable":true,"href":"https:\/\/www.otiumhome.fi\/index.php\/wp-json\/wp\/v2\/comments?post=95272"}],"wp:featuredmedia":[{"embeddable":true,"href":"https:\/\/www.otiumhome.fi\/index.php\/wp-json\/"}],"wp:attachment":[{"href":"https:\/\/www.otiumhome.fi\/index.php\/wp-json\/wp\/v2\/media?parent=95272"}],"wp:term":[{"taxonomy":"product_brand","embeddable":true,"href":"https:\/\/www.otiumhome.fi\/index.php\/wp-json\/wp\/v2\/product_brand?post=95272"},{"taxonomy":"product_cat","embeddable":true,"href":"https:\/\/www.otiumhome.fi\/index.php\/wp-json\/wp\/v2\/product_cat?post=95272"},{"taxonomy":"product_tag","embeddable":true,"href":"https:\/\/www.otiumhome.fi\/index.php\/wp-json\/wp\/v2\/product_tag?post=95272"}],"curies":[{"name":"wp","href":"https:\/\/api.w.org\/{rel}","templated":true}]}}