{"id":95265,"date":"2024-12-15T08:43:35","date_gmt":"2024-12-15T08:43:35","guid":{"rendered":"https:\/\/www.otiumhome.fi\/?p=95265"},"modified":"2025-12-14T05:39:37","modified_gmt":"2025-12-14T05:39:37","slug":"ruokapoydan-tuolit-6-kpl-tummanruskea-manty","status":"publish","type":"product","link":"https:\/\/www.otiumhome.fi\/index.php\/tuote\/ruokapoydan-tuolit-6-kpl-tummanruskea-manty\/","title":{"rendered":"Ruokap\u00f6yd\u00e4n tuolit 6 kpl tummanruskea m\u00e4nty"},"content":{"rendered":"<p>T\u00e4m\u00e4 puinen ruokatuolisarja, joka on yksinkertaisen elegantti, sis\u00e4lt\u00e4\u00e4 6-osaa ja on loistava lis\u00e4 ruokasaliin tai keitti\u00f6\u00f6n.<\/p>\n<p>Tuolit on valmistettu t\u00e4ydest\u00e4 m\u00e4nnyst\u00e4, joka tekee niist\u00e4 vakaat ja kest\u00e4v\u00e4t. Ruokatuolit ovat helpot puhdistaa niin sile\u00e4n maalipinnan ansiosta. Ne ovat ergonomisesti suunnitellut mukavuuden takaamiseksi.<\/p>\n<p>Toimitus sis\u00e4lt\u00e4\u00e4 6 ruokatuolia. <\/p>\n<ul>\n<li>V\u00e4ri: tummanruskea<\/li>\n<li>Materiaali: m\u00e4nty<\/li>\n<li>Tuolin koko: 41,5 x 45,5 x 86 cm (L x S x K)<\/li>\n<li>Istuimen koko: 41,5 x 39 cm (L x S)<\/li>\n<li>Istuimen korkeus maasta: 44,5 cm<\/li>\n<li>Selk\u00e4nojan korkeus: 42 cm<\/li>\n<li>Etujalan koko: 3 x 3 cm (P x L)<\/li>\n<li>Takajalan koko: 4,5 x 3 cm (P x L)<\/li>\n<li>Toimitus sis\u00e4lt\u00e4\u00e4 6 ruokatuolia<\/li>\n<\/ul>\n","protected":false},"excerpt":{"rendered":"<ul>\n<li>V\u00e4ri: tummanruskea<\/li>\n<li>Materiaali: m\u00e4nty<\/li>\n<li>Tuolin koko: 41,5 x 45,5 x 86 cm (L x S x K)<\/li>\n<li>Istuimen koko: 41,5 x 39 cm (L x S)<\/li>\n<li>Istuimen korkeus maasta: 44,5 cm<\/li>\n<li>Selk\u00e4nojan korkeus: 42 cm<\/li>\n<li>Etujalan koko: 3 x 3 cm (P x L)<\/li>\n<li>Takajalan koko: 4,5 x 3 cm (P x L)<\/li>\n<li>Toimitus sis\u00e4lt\u00e4\u00e4 6 ruokatuolia<\/li>\n<\/ul>\n","protected":false},"featured_media":10000095265,"comment_status":"closed","ping_status":"closed","template":"","meta":[],"product_brand":[],"product_cat":[84,8542],"product_tag":[],"class_list":{"0":"post-95265","1":"product","2":"type-product","3":"status-publish","4":"has-post-thumbnail","6":"product_cat-huonekalut","7":"product_cat-keittion-ruokapoydan-tuolit","9":"first","10":"instock","11":"taxable","12":"shipping-taxable","13":"purchasable","14":"product-type-simple"},"_links":{"self":[{"href":"https:\/\/www.otiumhome.fi\/index.php\/wp-json\/wp\/v2\/product\/95265","targetHints":{"allow":["GET"]}}],"collection":[{"href":"https:\/\/www.otiumhome.fi\/index.php\/wp-json\/wp\/v2\/product"}],"about":[{"href":"https:\/\/www.otiumhome.fi\/index.php\/wp-json\/wp\/v2\/types\/product"}],"replies":[{"embeddable":true,"href":"https:\/\/www.otiumhome.fi\/index.php\/wp-json\/wp\/v2\/comments?post=95265"}],"wp:featuredmedia":[{"embeddable":true,"href":"https:\/\/www.otiumhome.fi\/index.php\/wp-json\/"}],"wp:attachment":[{"href":"https:\/\/www.otiumhome.fi\/index.php\/wp-json\/wp\/v2\/media?parent=95265"}],"wp:term":[{"taxonomy":"product_brand","embeddable":true,"href":"https:\/\/www.otiumhome.fi\/index.php\/wp-json\/wp\/v2\/product_brand?post=95265"},{"taxonomy":"product_cat","embeddable":true,"href":"https:\/\/www.otiumhome.fi\/index.php\/wp-json\/wp\/v2\/product_cat?post=95265"},{"taxonomy":"product_tag","embeddable":true,"href":"https:\/\/www.otiumhome.fi\/index.php\/wp-json\/wp\/v2\/product_tag?post=95265"}],"curies":[{"name":"wp","href":"https:\/\/api.w.org\/{rel}","templated":true}]}}