{"id":95257,"date":"2024-12-15T08:43:34","date_gmt":"2024-12-15T08:43:34","guid":{"rendered":"https:\/\/www.otiumhome.fi\/?p=95257"},"modified":"2025-06-06T15:36:23","modified_gmt":"2025-06-06T15:36:23","slug":"ristiselkaiset-tuolit-2-kpl-musta-taysi-mangopuu","status":"publish","type":"product","link":"https:\/\/www.otiumhome.fi\/index.php\/tuote\/ristiselkaiset-tuolit-2-kpl-musta-taysi-mangopuu\/","title":{"rendered":"Ristiselk\u00e4iset tuolit 2 kpl musta t\u00e4ysi mangopuu"},"content":{"rendered":"<p>Antiikkityyliset, mangopuiset ruokap\u00f6yd\u00e4n tuolit ovat katseen vangitseva lis\u00e4 ruokailutilaasi. Tuolien ter\u00e4srunko tekee niist\u00e4 eritt\u00e4in vakaita ja kest\u00e4vi\u00e4.<\/p>\n<\/p>\n<p>N\u00e4m\u00e4 klassisen tyylin omaavat ruokap\u00f6yd\u00e4n tuolit on valmistettu kiinte\u00e4st\u00e4 mangopuusta, joten jokainen huonekalu on ainutlaatuinen ja hieman toisistaan poikkeava. Mangopuu on kiinte\u00e4, vakaa, kest\u00e4v\u00e4 ja upea materiaali. Kulumisen j\u00e4ljet ja n\u00e4kyv\u00e4t puun syyt antavat jokaiselle huonekalulle oman historiansa ja upean ulkon\u00e4\u00f6n. T\u00e4m\u00e4 tuolisarja on t\u00e4ysin k\u00e4sin valmistettu ja jokainen ty\u00f6vaihe on suoritettu erityisen huolellisesti. Avoin selk\u00e4nojan muotoilu tuo oman lis\u00e4ns\u00e4 tuolien retrotyyliin.<\/p>\n<\/p>\n<p>T\u00e4rke\u00e4 huomio: V\u00e4rit vaihtelevat kappaleittain, mik\u00e4 tekee jokaisesta ruokatuolista ainutlaatuisen; toimitus on sattumanvarainen.<\/p>\n<ul>\n<li>V\u00e4ri: musta<\/li>\n<li>Materiaali: kiinte\u00e4 mangopuu + ter\u00e4srunko<\/li>\n<li>Mitat: 51 x 52 x 84 cm (L x S x K)<\/li>\n<li>Istuimen leveys: 41 cm<\/li>\n<li>Istuimen syvyys: 42 cm<\/li>\n<li>Istuimen korkeus maasta: 48 cm<\/li>\n<li>Avoin ristiselk\u00e4noja<\/li>\n<li>Toimitus sis\u00e4lt\u00e4\u00e4 2 ristiselk\u00e4ist\u00e4 tuolia<\/li>\n<\/ul>\n<p> Enint\u00e4\u00e4n 110 kg per istuin.<\/p>\n","protected":false},"excerpt":{"rendered":"<ul>\n<li>V\u00e4ri: musta<\/li>\n<li>Materiaali: kiinte\u00e4 mangopuu + ter\u00e4srunko<\/li>\n<li>Mitat: 51 x 52 x 84 cm (L x S x K)<\/li>\n<li>Istuimen leveys: 41 cm<\/li>\n<li>Istuimen syvyys: 42 cm<\/li>\n<li>Istuimen korkeus maasta: 48 cm<\/li>\n<li>Avoin ristiselk\u00e4noja<\/li>\n<li>Toimitus sis\u00e4lt\u00e4\u00e4 2 ristiselk\u00e4ist\u00e4 tuolia<\/li>\n<\/ul>\n","protected":false},"featured_media":10000095257,"comment_status":"closed","ping_status":"closed","template":"","meta":[],"product_brand":[],"product_cat":[84,8542],"product_tag":[],"class_list":{"0":"post-95257","1":"product","2":"type-product","3":"status-publish","4":"has-post-thumbnail","6":"product_cat-huonekalut","7":"product_cat-keittion-ruokapoydan-tuolit","9":"first","10":"outofstock","11":"taxable","12":"shipping-taxable","13":"purchasable","14":"product-type-simple"},"_links":{"self":[{"href":"https:\/\/www.otiumhome.fi\/index.php\/wp-json\/wp\/v2\/product\/95257","targetHints":{"allow":["GET"]}}],"collection":[{"href":"https:\/\/www.otiumhome.fi\/index.php\/wp-json\/wp\/v2\/product"}],"about":[{"href":"https:\/\/www.otiumhome.fi\/index.php\/wp-json\/wp\/v2\/types\/product"}],"replies":[{"embeddable":true,"href":"https:\/\/www.otiumhome.fi\/index.php\/wp-json\/wp\/v2\/comments?post=95257"}],"wp:featuredmedia":[{"embeddable":true,"href":"https:\/\/www.otiumhome.fi\/index.php\/wp-json\/"}],"wp:attachment":[{"href":"https:\/\/www.otiumhome.fi\/index.php\/wp-json\/wp\/v2\/media?parent=95257"}],"wp:term":[{"taxonomy":"product_brand","embeddable":true,"href":"https:\/\/www.otiumhome.fi\/index.php\/wp-json\/wp\/v2\/product_brand?post=95257"},{"taxonomy":"product_cat","embeddable":true,"href":"https:\/\/www.otiumhome.fi\/index.php\/wp-json\/wp\/v2\/product_cat?post=95257"},{"taxonomy":"product_tag","embeddable":true,"href":"https:\/\/www.otiumhome.fi\/index.php\/wp-json\/wp\/v2\/product_tag?post=95257"}],"curies":[{"name":"wp","href":"https:\/\/api.w.org\/{rel}","templated":true}]}}