{"id":95250,"date":"2024-12-15T08:43:34","date_gmt":"2024-12-15T08:43:34","guid":{"rendered":"https:\/\/www.otiumhome.fi\/?p=95250"},"modified":"2025-12-14T05:39:37","modified_gmt":"2025-12-14T05:39:37","slug":"ruokapoydan-tuolit-4-kpl-musta-luonnollinen-rottinki","status":"publish","type":"product","link":"https:\/\/www.otiumhome.fi\/index.php\/tuote\/ruokapoydan-tuolit-4-kpl-musta-luonnollinen-rottinki\/","title":{"rendered":"Ruokap\u00f6yd\u00e4n tuolit 4 kpl musta luonnollinen rottinki"},"content":{"rendered":"<p>Ainutlaatuiset ja luonnolliset rottinkituolimme ovat t\u00e4ydellinen yhdistelm\u00e4 tyylikkyytt\u00e4 ja toimivuutta. Ne ovat varma katseenvangitsija keitti\u00f6ss\u00e4 tai olohuoneessa!<\/p>\n<\/p>\n<p>Luonnollisesta rottingista valmistetut istuimet ja selk\u00e4nojat tekev\u00e4t tuoleista vedenkest\u00e4v\u00e4t ja helpot puhdistaa. Vintagetyyliset puiset jalat takaavat, ett\u00e4 tuolit ovat vakaita ja kest\u00e4vi\u00e4. N\u00e4m\u00e4 tuolit sopivat kaikenlaisiin sisustustyyleihin ja ne on helppo koota. Toimituksessa mukana 4 ruokailutuolia.<\/p>\n<ul>\n<li>V\u00e4ri: musta<\/li>\n<li>Materiaali: luonnollinen rottinki + puiset jalat<\/li>\n<li>Mitat: 48 x 64 x 85 cm (L x S x K)<\/li>\n<li>Istuimen leveys: 44 cm<\/li>\n<li>Istuimen syvyys: 45 cm<\/li>\n<li>Istuimen korkeus maasta: 45 cm<\/li>\n<li>Toimitus sis\u00e4lt\u00e4\u00e4 4 ruokatuolia<\/li>\n<\/ul>\n","protected":false},"excerpt":{"rendered":"<ul>\n<li>V\u00e4ri: musta<\/li>\n<li>Materiaali: luonnollinen rottinki + puiset jalat<\/li>\n<li>Mitat: 48 x 64 x 85 cm (L x S x K)<\/li>\n<li>Istuimen leveys: 44 cm<\/li>\n<li>Istuimen syvyys: 45 cm<\/li>\n<li>Istuimen korkeus maasta: 45 cm<\/li>\n<li>Toimitus sis\u00e4lt\u00e4\u00e4 4 ruokatuolia<\/li>\n<\/ul>\n","protected":false},"featured_media":10000095250,"comment_status":"closed","ping_status":"closed","template":"","meta":[],"product_brand":[],"product_cat":[84,8542],"product_tag":[],"class_list":{"0":"post-95250","1":"product","2":"type-product","3":"status-publish","4":"has-post-thumbnail","6":"product_cat-huonekalut","7":"product_cat-keittion-ruokapoydan-tuolit","9":"first","10":"instock","11":"taxable","12":"shipping-taxable","13":"purchasable","14":"product-type-simple"},"_links":{"self":[{"href":"https:\/\/www.otiumhome.fi\/index.php\/wp-json\/wp\/v2\/product\/95250","targetHints":{"allow":["GET"]}}],"collection":[{"href":"https:\/\/www.otiumhome.fi\/index.php\/wp-json\/wp\/v2\/product"}],"about":[{"href":"https:\/\/www.otiumhome.fi\/index.php\/wp-json\/wp\/v2\/types\/product"}],"replies":[{"embeddable":true,"href":"https:\/\/www.otiumhome.fi\/index.php\/wp-json\/wp\/v2\/comments?post=95250"}],"wp:featuredmedia":[{"embeddable":true,"href":"https:\/\/www.otiumhome.fi\/index.php\/wp-json\/"}],"wp:attachment":[{"href":"https:\/\/www.otiumhome.fi\/index.php\/wp-json\/wp\/v2\/media?parent=95250"}],"wp:term":[{"taxonomy":"product_brand","embeddable":true,"href":"https:\/\/www.otiumhome.fi\/index.php\/wp-json\/wp\/v2\/product_brand?post=95250"},{"taxonomy":"product_cat","embeddable":true,"href":"https:\/\/www.otiumhome.fi\/index.php\/wp-json\/wp\/v2\/product_cat?post=95250"},{"taxonomy":"product_tag","embeddable":true,"href":"https:\/\/www.otiumhome.fi\/index.php\/wp-json\/wp\/v2\/product_tag?post=95250"}],"curies":[{"name":"wp","href":"https:\/\/api.w.org\/{rel}","templated":true}]}}