{"id":95231,"date":"2024-12-15T08:43:32","date_gmt":"2024-12-15T08:43:32","guid":{"rendered":"https:\/\/www.otiumhome.fi\/?p=95231"},"modified":"2025-06-06T15:36:23","modified_gmt":"2025-06-06T15:36:23","slug":"ruokapoydan-tuolit-4-kpl-valkoinen-muovi","status":"publish","type":"product","link":"https:\/\/www.otiumhome.fi\/index.php\/tuote\/ruokapoydan-tuolit-4-kpl-valkoinen-muovi\/","title":{"rendered":"Ruokap\u00f6yd\u00e4n tuolit 4 kpl valkoinen muovi"},"content":{"rendered":"<p>Meid\u00e4n ruokatuoleissa on elegantti ja ajaton suunnittelu, joka saa ne esiin keitti\u00f6ss\u00e4 tai ruokasalissa. Ne ovat ihanteelliset lukemiseen tai sunnuntai lounaasta nauttimiseen.<\/p>\n<\/p>\n<p>N\u00e4m\u00e4 ergonomisesti muotoillut kaarevat selk\u00e4nojalliset tuolit ovat todella mukavat ja niiden likaantumaton pinta on helppo puhdistaa. T\u00e4ysipuu jalat tukevat n\u00e4it\u00e4 houkuttelevia tuoleja, joten ne ovat tukevat ja kest\u00e4v\u00e4t. Todella helppo koota.<\/p>\n<\/p>\n<p>Toimitus sis\u00e4lt\u00e4\u00e4 4 ruokatuolia.<\/p>\n<ul>\n<li>V\u00e4ri: valkoinen<\/li>\n<li>Materiaali: muovi-istuin + kumipuujalat<\/li>\n<li>Mitat: 46 x 51 x 82 cm (L x S x K)<\/li>\n<li>Istuimen syvyys: 39 cm<\/li>\n<li>Istuimen korkeus maasta: 44 cm<\/li>\n<li>Todella helppo koota<\/li>\n<li>Toimitus sis\u00e4lt\u00e4\u00e4 4 ruokatuolia<\/li>\n<\/ul>\n","protected":false},"excerpt":{"rendered":"<ul>\n<li>V\u00e4ri: valkoinen<\/li>\n<li>Materiaali: muovi-istuin + kumipuujalat<\/li>\n<li>Mitat: 46 x 51 x 82 cm (L x S x K)<\/li>\n<li>Istuimen syvyys: 39 cm<\/li>\n<li>Istuimen korkeus maasta: 44 cm<\/li>\n<li>Todella helppo koota<\/li>\n<li>Toimitus sis\u00e4lt\u00e4\u00e4 4 ruokatuolia<\/li>\n<\/ul>\n","protected":false},"featured_media":10000095231,"comment_status":"closed","ping_status":"closed","template":"","meta":[],"product_brand":[],"product_cat":[84,8542],"product_tag":[],"class_list":{"0":"post-95231","1":"product","2":"type-product","3":"status-publish","4":"has-post-thumbnail","6":"product_cat-huonekalut","7":"product_cat-keittion-ruokapoydan-tuolit","9":"first","10":"outofstock","11":"taxable","12":"shipping-taxable","13":"purchasable","14":"product-type-simple"},"_links":{"self":[{"href":"https:\/\/www.otiumhome.fi\/index.php\/wp-json\/wp\/v2\/product\/95231","targetHints":{"allow":["GET"]}}],"collection":[{"href":"https:\/\/www.otiumhome.fi\/index.php\/wp-json\/wp\/v2\/product"}],"about":[{"href":"https:\/\/www.otiumhome.fi\/index.php\/wp-json\/wp\/v2\/types\/product"}],"replies":[{"embeddable":true,"href":"https:\/\/www.otiumhome.fi\/index.php\/wp-json\/wp\/v2\/comments?post=95231"}],"wp:featuredmedia":[{"embeddable":true,"href":"https:\/\/www.otiumhome.fi\/index.php\/wp-json\/"}],"wp:attachment":[{"href":"https:\/\/www.otiumhome.fi\/index.php\/wp-json\/wp\/v2\/media?parent=95231"}],"wp:term":[{"taxonomy":"product_brand","embeddable":true,"href":"https:\/\/www.otiumhome.fi\/index.php\/wp-json\/wp\/v2\/product_brand?post=95231"},{"taxonomy":"product_cat","embeddable":true,"href":"https:\/\/www.otiumhome.fi\/index.php\/wp-json\/wp\/v2\/product_cat?post=95231"},{"taxonomy":"product_tag","embeddable":true,"href":"https:\/\/www.otiumhome.fi\/index.php\/wp-json\/wp\/v2\/product_tag?post=95231"}],"curies":[{"name":"wp","href":"https:\/\/api.w.org\/{rel}","templated":true}]}}