{"id":95191,"date":"2024-12-15T08:43:29","date_gmt":"2024-12-15T08:43:29","guid":{"rendered":"https:\/\/www.otiumhome.fi\/?p=95191"},"modified":"2025-06-06T15:36:22","modified_gmt":"2025-06-06T15:36:22","slug":"ruokapenkki-110x40x46-cm-taysi-akasiapuu-ja-teras","status":"publish","type":"product","link":"https:\/\/www.otiumhome.fi\/index.php\/tuote\/ruokapenkki-110x40x46-cm-taysi-akasiapuu-ja-teras\/","title":{"rendered":"Ruokapenkki 110x40x46 cm t\u00e4ysi akasiapuu ja ter\u00e4s"},"content":{"rendered":"<p>Nauti mukavasta ateriasta perheesi ja lastesi kanssa t\u00e4ll\u00e4 teollistyylisell\u00e4 ruokailupenkill\u00e4.<\/p>\n<\/p>\n<ul>\n<li>T\u00e4ysi akaasiapuu: T\u00e4ysi akasiapuu on kaunis luonnonmateriaali. Akasiapuu on tihe\u00e4syinen, tukeva ja kest\u00e4v\u00e4 trooppinen lehtipuu.<\/li>\n<li>Jauhemaalattu ter\u00e4s: Ter\u00e4s on poikkeuksellisen kova ja vahva materiaali. Se tarjoaa tukevuutta ja vakautta. Ter\u00e4ksen jauhemaalaus luo suojaavan kerroksen ajan patinaa vastaan.<\/li>\n<li>Teollinen tyyli: Lis\u00e4\u00e4 vieh\u00e4tt\u00e4v\u00e4\u00e4 teollista tyyli\u00e4 nykyiseen sisustukseesi. Keitti\u00f6n penkki tuo vanhojen tehtaiden ja teollisuustilojen inspiroimaa tyyli\u00e4 olohuoneeseesi.<\/li>\n<\/ul>\n<p>Hyv\u00e4 tiet\u00e4\u00e4:<\/p>\n<ul>\n<li>V\u00e4rit ja puunsyyt vaihtelevat kappaleittain, mik\u00e4 tekee jokaisesta kappaleesta ainutlaatuisen. Toimitus on sattumanvarainen, t\u00e4m\u00e4 takaa tuotteesi erityisyyden ja ainutlaatuisuuden.<\/li>\n<\/ul>\n<ul>\n<li>Materiaali: t\u00e4ysi akaasiapuu, jauhemaalattu ter\u00e4s<\/li>\n<li>Mitat: 110 x 40 x 46 cm (P x L x K)<\/li>\n<li>Asennus vaaditaan: kyll\u00e4<\/li>\n<li> <\/li>\n<\/ul>\n","protected":false},"excerpt":{"rendered":"<ul>\n<li>Materiaali: t\u00e4ysi akaasiapuu, jauhemaalattu ter\u00e4s<\/li>\n<li>Mitat: 110 x 40 x 46 cm (P x L x K)<\/li>\n<li>Asennus vaaditaan: kyll\u00e4<\/li>\n<li> <\/li>\n<\/ul>\n","protected":false},"featured_media":10000095191,"comment_status":"closed","ping_status":"closed","template":"","meta":[],"product_brand":[],"product_cat":[84,8541],"product_tag":[],"class_list":{"0":"post-95191","1":"product","2":"type-product","3":"status-publish","4":"has-post-thumbnail","6":"product_cat-huonekalut","7":"product_cat-keittio-ruokapoydan-penkit","9":"first","10":"outofstock","11":"taxable","12":"shipping-taxable","13":"purchasable","14":"product-type-simple"},"_links":{"self":[{"href":"https:\/\/www.otiumhome.fi\/index.php\/wp-json\/wp\/v2\/product\/95191","targetHints":{"allow":["GET"]}}],"collection":[{"href":"https:\/\/www.otiumhome.fi\/index.php\/wp-json\/wp\/v2\/product"}],"about":[{"href":"https:\/\/www.otiumhome.fi\/index.php\/wp-json\/wp\/v2\/types\/product"}],"replies":[{"embeddable":true,"href":"https:\/\/www.otiumhome.fi\/index.php\/wp-json\/wp\/v2\/comments?post=95191"}],"wp:featuredmedia":[{"embeddable":true,"href":"https:\/\/www.otiumhome.fi\/index.php\/wp-json\/"}],"wp:attachment":[{"href":"https:\/\/www.otiumhome.fi\/index.php\/wp-json\/wp\/v2\/media?parent=95191"}],"wp:term":[{"taxonomy":"product_brand","embeddable":true,"href":"https:\/\/www.otiumhome.fi\/index.php\/wp-json\/wp\/v2\/product_brand?post=95191"},{"taxonomy":"product_cat","embeddable":true,"href":"https:\/\/www.otiumhome.fi\/index.php\/wp-json\/wp\/v2\/product_cat?post=95191"},{"taxonomy":"product_tag","embeddable":true,"href":"https:\/\/www.otiumhome.fi\/index.php\/wp-json\/wp\/v2\/product_tag?post=95191"}],"curies":[{"name":"wp","href":"https:\/\/api.w.org\/{rel}","templated":true}]}}