{"id":95190,"date":"2024-12-15T08:43:29","date_gmt":"2024-12-15T08:43:29","guid":{"rendered":"https:\/\/www.otiumhome.fi\/?p=95190"},"modified":"2025-06-06T15:36:22","modified_gmt":"2025-06-06T15:36:22","slug":"penkki-160x38x45-cm-taysi-akasiapuu","status":"publish","type":"product","link":"https:\/\/www.otiumhome.fi\/index.php\/tuote\/penkki-160x38x45-cm-taysi-akasiapuu\/","title":{"rendered":"Penkki 160x38x45 cm t\u00e4ysi akasiapuu"},"content":{"rendered":"<p>T\u00e4m\u00e4 puinen puutarhapenkki on ihanteellinen valinta ateriointiin tai jutusteluun yst\u00e4vien tai perheen kesken.<\/p>\n<\/p>\n<ul>\n<li>T\u00e4ysi akasiapuu: Penkki on valmistettu t\u00e4ydest\u00e4 akasiapuusta, joka on kaunis luonnonmateriaali. Akasiapuu on tihe\u00e4syinen, tukeva ja kest\u00e4v\u00e4 trooppinen lehtipuu.<\/li>\n<li>Laajat sovellukset: T\u00e4m\u00e4 yksinkertaisen klassisesti muotoiltu penkki-istuin sopii k\u00e4yt\u00e4v\u00e4\u00e4n, olohuoneeseen, ruokasaliin, jne.<\/li>\n<li>Rustiikkinen muotoilu: T\u00e4m\u00e4 penkki lis\u00e4\u00e4 maalaistyyli\u00e4 nykyiseen sisustukseesi! Maalaistalon tyyli tasapainottaa t\u00e4ydellisesti muotoilua ja tyyli\u00e4, samalla se lis\u00e4\u00e4 rustiikkista ja modernia tunnelmaa.<\/li>\n<\/ul>\n<p>Hyv\u00e4 tiet\u00e4\u00e4:<\/p>\n<ul>\n<li>V\u00e4rit ja puunsyyt vaihtelevat kappaleittain, mik\u00e4 tekee jokaisesta kappaleesta ainutlaatuisen. Toimitus on sattumanvarainen, t\u00e4m\u00e4 takaa tuotteesi erityisyyden ja ainutlaatuisuuden.<\/li>\n<\/ul>\n<ul>\n<li>Materiaali: luonnollisesti pintak\u00e4sitelty t\u00e4ysi akaasiapuu<\/li>\n<li>Mitat: 160 x 38 x 45 cm (P x L x K)<\/li>\n<li>Maksimikantavuus (per istuin): 110 kg<\/li>\n<li>Asennus vaaditaan: kyll\u00e4<\/li>\n<\/ul>\n","protected":false},"excerpt":{"rendered":"<ul>\n<li>Materiaali: luonnollisesti pintak\u00e4sitelty t\u00e4ysi akaasiapuu<\/li>\n<li>Mitat: 160 x 38 x 45 cm (P x L x K)<\/li>\n<li>Maksimikantavuus (per istuin): 110 kg<\/li>\n<li>Asennus vaaditaan: kyll\u00e4<\/li>\n<\/ul>\n","protected":false},"featured_media":10000095190,"comment_status":"closed","ping_status":"closed","template":"","meta":[],"product_brand":[],"product_cat":[84,8541],"product_tag":[],"class_list":{"0":"post-95190","1":"product","2":"type-product","3":"status-publish","4":"has-post-thumbnail","6":"product_cat-huonekalut","7":"product_cat-keittio-ruokapoydan-penkit","9":"first","10":"instock","11":"taxable","12":"shipping-taxable","13":"purchasable","14":"product-type-simple"},"_links":{"self":[{"href":"https:\/\/www.otiumhome.fi\/index.php\/wp-json\/wp\/v2\/product\/95190","targetHints":{"allow":["GET"]}}],"collection":[{"href":"https:\/\/www.otiumhome.fi\/index.php\/wp-json\/wp\/v2\/product"}],"about":[{"href":"https:\/\/www.otiumhome.fi\/index.php\/wp-json\/wp\/v2\/types\/product"}],"replies":[{"embeddable":true,"href":"https:\/\/www.otiumhome.fi\/index.php\/wp-json\/wp\/v2\/comments?post=95190"}],"wp:featuredmedia":[{"embeddable":true,"href":"https:\/\/www.otiumhome.fi\/index.php\/wp-json\/"}],"wp:attachment":[{"href":"https:\/\/www.otiumhome.fi\/index.php\/wp-json\/wp\/v2\/media?parent=95190"}],"wp:term":[{"taxonomy":"product_brand","embeddable":true,"href":"https:\/\/www.otiumhome.fi\/index.php\/wp-json\/wp\/v2\/product_brand?post=95190"},{"taxonomy":"product_cat","embeddable":true,"href":"https:\/\/www.otiumhome.fi\/index.php\/wp-json\/wp\/v2\/product_cat?post=95190"},{"taxonomy":"product_tag","embeddable":true,"href":"https:\/\/www.otiumhome.fi\/index.php\/wp-json\/wp\/v2\/product_tag?post=95190"}],"curies":[{"name":"wp","href":"https:\/\/api.w.org\/{rel}","templated":true}]}}