{"id":95180,"date":"2024-12-15T08:43:28","date_gmt":"2024-12-15T08:43:28","guid":{"rendered":"https:\/\/www.otiumhome.fi\/?p=95180"},"modified":"2025-12-14T05:38:01","modified_gmt":"2025-12-14T05:38:01","slug":"penkki-160cm-valk-luonnollinen-kubu-rottinki-ja-taysi-mangopuu","status":"publish","type":"product","link":"https:\/\/www.otiumhome.fi\/index.php\/tuote\/penkki-160cm-valk-luonnollinen-kubu-rottinki-ja-taysi-mangopuu\/","title":{"rendered":"Penkki 160cm valk. luonnollinen kubu-rottinki ja t\u00e4ysi mangopuu"},"content":{"rendered":"<p>Lis\u00e4\u00e4 luonnollista vieh\u00e4tysvoimaa sisustukseesi ainutlaatuisella rottinkisella penkill\u00e4mme! Se on t\u00e4ydellinen yhdistelm\u00e4 tyyli\u00e4 ja toiminnallisuutta, ja siit\u00e4 tulee katseenvangitsija kotiisi!<\/p>\n<\/p>\n<p>Pehme\u00e4n kuburottinkisen istuimen ansiosta eteisen penkki on eritt\u00e4in mukava ja helppo puhdistaa kostealla liinalla. Lis\u00e4ksi t\u00e4ysmangopuiset jalat lis\u00e4\u00e4v\u00e4t ruokasalin penkin vakautta ja kest\u00e4vyytt\u00e4. Kuburottinkipenkki sopii mihin tahansa sisustukseen ja on helppo koota.<\/p>\n<ul>\n<li>V\u00e4ri: valkoinen<\/li>\n<li>Materiaali: luonnollinen kubu-rottinki, t\u00e4ysi mangopuu<\/li>\n<li>Mitat: 160 x 35 x 45 cm (L x S x K)<\/li>\n<li>K\u00e4sinojat: ei<\/li>\n<li>Asennus vaaditaan: kyll\u00e4<\/li>\n<\/ul>\n","protected":false},"excerpt":{"rendered":"<ul>\n<li>V\u00e4ri: valkoinen<\/li>\n<li>Materiaali: luonnollinen kubu-rottinki, t\u00e4ysi mangopuu<\/li>\n<li>Mitat: 160 x 35 x 45 cm (L x S x K)<\/li>\n<li>K\u00e4sinojat: ei<\/li>\n<li>Asennus vaaditaan: kyll\u00e4<\/li>\n<\/ul>\n","protected":false},"featured_media":10000095180,"comment_status":"closed","ping_status":"closed","template":"","meta":[],"product_brand":[],"product_cat":[84,8541],"product_tag":[],"class_list":{"0":"post-95180","1":"product","2":"type-product","3":"status-publish","4":"has-post-thumbnail","6":"product_cat-huonekalut","7":"product_cat-keittio-ruokapoydan-penkit","9":"first","10":"instock","11":"taxable","12":"shipping-taxable","13":"purchasable","14":"product-type-simple"},"_links":{"self":[{"href":"https:\/\/www.otiumhome.fi\/index.php\/wp-json\/wp\/v2\/product\/95180","targetHints":{"allow":["GET"]}}],"collection":[{"href":"https:\/\/www.otiumhome.fi\/index.php\/wp-json\/wp\/v2\/product"}],"about":[{"href":"https:\/\/www.otiumhome.fi\/index.php\/wp-json\/wp\/v2\/types\/product"}],"replies":[{"embeddable":true,"href":"https:\/\/www.otiumhome.fi\/index.php\/wp-json\/wp\/v2\/comments?post=95180"}],"wp:featuredmedia":[{"embeddable":true,"href":"https:\/\/www.otiumhome.fi\/index.php\/wp-json\/"}],"wp:attachment":[{"href":"https:\/\/www.otiumhome.fi\/index.php\/wp-json\/wp\/v2\/media?parent=95180"}],"wp:term":[{"taxonomy":"product_brand","embeddable":true,"href":"https:\/\/www.otiumhome.fi\/index.php\/wp-json\/wp\/v2\/product_brand?post=95180"},{"taxonomy":"product_cat","embeddable":true,"href":"https:\/\/www.otiumhome.fi\/index.php\/wp-json\/wp\/v2\/product_cat?post=95180"},{"taxonomy":"product_tag","embeddable":true,"href":"https:\/\/www.otiumhome.fi\/index.php\/wp-json\/wp\/v2\/product_tag?post=95180"}],"curies":[{"name":"wp","href":"https:\/\/api.w.org\/{rel}","templated":true}]}}