{"id":95172,"date":"2024-12-15T08:41:59","date_gmt":"2024-12-15T08:41:59","guid":{"rendered":"https:\/\/www.otiumhome.fi\/?p=95172"},"modified":"2025-06-06T15:36:21","modified_gmt":"2025-06-06T15:36:21","slug":"ruokailupenkki-120-cm-karkea-mangopuu","status":"publish","type":"product","link":"https:\/\/www.otiumhome.fi\/index.php\/tuote\/ruokailupenkki-120-cm-karkea-mangopuu\/","title":{"rendered":"Ruokailupenkki 120 cm karkea mangopuu"},"content":{"rendered":"<p>Tyylik\u00e4s karkeasta mangopuusta valmistettu penkki antaa teollista vieh\u00e4tysvoimaa kotisi sisustukseen!<\/p>\n<\/p>\n<p>Karkeasta mangopuusta valmistettu penkin yl\u00e4osa on helppo puhdistaa kostealla liinalla. Mangopuu on tihe\u00e4\u00e4 ja vankkaa kovapuuta, jonka pinnalla on kauniit ruskeat tai kultaiset raidat ja muodot. Hieno k\u00e4sity\u00f6taito ja siro puurakenne tekev\u00e4t jokaisesta huonekaluista erottuvan ja hieman erilaisen kuin muut. Jokainen valmistusprosessin vaihe suoritetaan eritt\u00e4in huolellisesti, olipa kyse sitten kiillotuksesta tai lakkaamisesta. Lis\u00e4ksi sen mustat jauhemaalatut rautajalat lis\u00e4\u00e4v\u00e4t penkin vakautta ja teollista tyyli\u00e4.<\/p>\n<\/p>\n<p>T\u00e4rke\u00e4 huomio: V\u00e4rit vaihtelevat kappaleittain, mik\u00e4 tekee jokaisesta penkist\u00e4 ainutlaatuisen. Toimitus on satunnainen.<\/p>\n<ul>\n<li>Materiaali: t\u00e4ysi karkea mangopuu + jauhemaalatut ter\u00e4sjalat<\/li>\n<li>Mitat: 120 x 35 x 44 cm (L x S x K)<\/li>\n<li>Hiottu ja lakattu<\/li>\n<\/ul>\n","protected":false},"excerpt":{"rendered":"<ul>\n<li>Materiaali: t\u00e4ysi karkea mangopuu + jauhemaalatut ter\u00e4sjalat<\/li>\n<li>Mitat: 120 x 35 x 44 cm (L x S x K)<\/li>\n<li>Hiottu ja lakattu<\/li>\n<\/ul>\n","protected":false},"featured_media":10000095172,"comment_status":"closed","ping_status":"closed","template":"","meta":[],"product_brand":[],"product_cat":[84,8541],"product_tag":[],"class_list":{"0":"post-95172","1":"product","2":"type-product","3":"status-publish","4":"has-post-thumbnail","6":"product_cat-huonekalut","7":"product_cat-keittio-ruokapoydan-penkit","9":"first","10":"instock","11":"taxable","12":"shipping-taxable","13":"purchasable","14":"product-type-simple"},"_links":{"self":[{"href":"https:\/\/www.otiumhome.fi\/index.php\/wp-json\/wp\/v2\/product\/95172","targetHints":{"allow":["GET"]}}],"collection":[{"href":"https:\/\/www.otiumhome.fi\/index.php\/wp-json\/wp\/v2\/product"}],"about":[{"href":"https:\/\/www.otiumhome.fi\/index.php\/wp-json\/wp\/v2\/types\/product"}],"replies":[{"embeddable":true,"href":"https:\/\/www.otiumhome.fi\/index.php\/wp-json\/wp\/v2\/comments?post=95172"}],"wp:featuredmedia":[{"embeddable":true,"href":"https:\/\/www.otiumhome.fi\/index.php\/wp-json\/"}],"wp:attachment":[{"href":"https:\/\/www.otiumhome.fi\/index.php\/wp-json\/wp\/v2\/media?parent=95172"}],"wp:term":[{"taxonomy":"product_brand","embeddable":true,"href":"https:\/\/www.otiumhome.fi\/index.php\/wp-json\/wp\/v2\/product_brand?post=95172"},{"taxonomy":"product_cat","embeddable":true,"href":"https:\/\/www.otiumhome.fi\/index.php\/wp-json\/wp\/v2\/product_cat?post=95172"},{"taxonomy":"product_tag","embeddable":true,"href":"https:\/\/www.otiumhome.fi\/index.php\/wp-json\/wp\/v2\/product_tag?post=95172"}],"curies":[{"name":"wp","href":"https:\/\/api.w.org\/{rel}","templated":true}]}}