{"id":95156,"date":"2024-12-15T08:41:58","date_gmt":"2024-12-15T08:41:58","guid":{"rendered":"https:\/\/www.otiumhome.fi\/?p=95156"},"modified":"2026-01-16T10:12:33","modified_gmt":"2026-01-16T10:12:33","slug":"liukupenkki-musta-118x70x1045-cm-taysi-haapa","status":"publish","type":"product","link":"https:\/\/www.otiumhome.fi\/index.php\/tuote\/liukupenkki-musta-118x70x1045-cm-taysi-haapa\/","title":{"rendered":"Liukupenkki musta 118x70x104,5 cm t\u00e4ysi haapa"},"content":{"rendered":"<p>Nauti kauniista s\u00e4\u00e4st\u00e4 yst\u00e4viesi ja perheesi kanssa rentoutumalla t\u00e4ll\u00e4 liukupenkill\u00e4.<\/p>\n<\/p>\n<ul>\n<li>Tasainen ja hell\u00e4varainen keinuttava liike: Keinupenkki tarjoaa pehme\u00e4n, hell\u00e4varaisen keinuvan liikkeen, joka tuo rauhoittavan vaikutuksen, se auttaa sinua rentoutumaan.<\/li>\n<li>Pitk\u00e4ik\u00e4inen ja tukeva: T\u00e4m\u00e4n keinupenkin runko on valmistettu poppelipuusta, mik\u00e4 varmistaa lujuuden, kest\u00e4vyyden ja erinomaisen tuen rentoutumisellesi.<\/li>\n<li>Helppo puhdistaa: T\u00e4ss\u00e4 keinupenkiss\u00e4 on maalipinta, joten se on vedenkest\u00e4v\u00e4, helppo puhdistaa ja helppo hoitaa.<\/li>\n<li>Ergonominen muotoilu: Keinupenkiss\u00e4 on leve\u00e4mm\u00e4t k\u00e4sinojat kummallakin puolella, korkea s\u00e4leselk\u00e4noja ja syv\u00e4 kaareva s\u00e4leistuin. N\u00e4m\u00e4 harkitut yksityiskohdat lis\u00e4\u00e4v\u00e4t mukavuutta, samalla ne antavat veden valua pois ja takaavat tuuletuksen.<\/li>\n<li>Laaja k\u00e4ytt\u00f6: T\u00e4t\u00e4 keinupenkki\u00e4 voidaan k\u00e4ytt\u00e4\u00e4 sis\u00e4ll\u00e4 ja ulkona, sen avulla voit viett\u00e4\u00e4 my\u00f6s aikaa perheen ja yst\u00e4vien kanssa \u00e4\u00e4rimm\u00e4isen mukavasti terassilla, etupihalla tai kuistilla. <\/li>\n<\/ul>\n<p>Hyv\u00e4 tiet\u00e4\u00e4:<\/p>\n<ul>\n<li>Jotta ulkokalusteesi pysyisiv\u00e4t kauniina, suosittelemme peitt\u00e4m\u00e4\u00e4n ne vedenpit\u00e4v\u00e4ll\u00e4 suojalla.<\/li>\n<\/ul>\n<ul>\n<li>V\u00e4ri: Musta<\/li>\n<li>Materiaali: t\u00e4ysi poppelipuu<\/li>\n<li>Kokonaismitat: 118 x 70 x 104,5 cm (L x S x K)<\/li>\n<li>Istuimen koko: 110 x 50 cm (L x S)<\/li>\n<li>Istuimen korkeus maasta: 48 cm<\/li>\n<li>K\u00e4sinojan korkeus maasta: 68 cm<\/li>\n<li>Enimm\u00e4iskuormitus 110 kg per istuin<\/li>\n<li>Asennus vaaditaan: Kyll\u00e4<\/li>\n<\/ul>\n","protected":false},"excerpt":{"rendered":"<ul>\n<li>V\u00e4ri: Musta<\/li>\n<li>Materiaali: t\u00e4ysi poppelipuu<\/li>\n<li>Kokonaismitat: 118 x 70 x 104,5 cm (L x S x K)<\/li>\n<li>Istuimen koko: 110 x 50 cm (L x S)<\/li>\n<li>Istuimen korkeus maasta: 48 cm<\/li>\n<li>K\u00e4sinojan korkeus maasta: 68 cm<\/li>\n<li>Enimm\u00e4iskuormitus 110 kg per istuin<\/li>\n<li>Asennus vaaditaan: Kyll\u00e4<\/li>\n<\/ul>\n","protected":false},"featured_media":10000095156,"comment_status":"closed","ping_status":"closed","template":"","meta":[],"product_brand":[],"product_cat":[84,8540],"product_tag":[],"class_list":{"0":"post-95156","1":"product","2":"type-product","3":"status-publish","4":"has-post-thumbnail","6":"product_cat-huonekalut","7":"product_cat-keinutuolit","9":"first","10":"instock","11":"taxable","12":"shipping-taxable","13":"purchasable","14":"product-type-simple"},"_links":{"self":[{"href":"https:\/\/www.otiumhome.fi\/index.php\/wp-json\/wp\/v2\/product\/95156","targetHints":{"allow":["GET"]}}],"collection":[{"href":"https:\/\/www.otiumhome.fi\/index.php\/wp-json\/wp\/v2\/product"}],"about":[{"href":"https:\/\/www.otiumhome.fi\/index.php\/wp-json\/wp\/v2\/types\/product"}],"replies":[{"embeddable":true,"href":"https:\/\/www.otiumhome.fi\/index.php\/wp-json\/wp\/v2\/comments?post=95156"}],"wp:featuredmedia":[{"embeddable":true,"href":"https:\/\/www.otiumhome.fi\/index.php\/wp-json\/"}],"wp:attachment":[{"href":"https:\/\/www.otiumhome.fi\/index.php\/wp-json\/wp\/v2\/media?parent=95156"}],"wp:term":[{"taxonomy":"product_brand","embeddable":true,"href":"https:\/\/www.otiumhome.fi\/index.php\/wp-json\/wp\/v2\/product_brand?post=95156"},{"taxonomy":"product_cat","embeddable":true,"href":"https:\/\/www.otiumhome.fi\/index.php\/wp-json\/wp\/v2\/product_cat?post=95156"},{"taxonomy":"product_tag","embeddable":true,"href":"https:\/\/www.otiumhome.fi\/index.php\/wp-json\/wp\/v2\/product_tag?post=95156"}],"curies":[{"name":"wp","href":"https:\/\/api.w.org\/{rel}","templated":true}]}}