{"id":95118,"date":"2024-12-15T08:41:55","date_gmt":"2024-12-15T08:41:55","guid":{"rendered":"https:\/\/www.otiumhome.fi\/?p=95118"},"modified":"2025-06-06T15:36:06","modified_gmt":"2025-06-06T15:36:06","slug":"teleskooppinen-vaatekaappijarjestelma-tangoilla-alumiini","status":"publish","type":"product","link":"https:\/\/www.otiumhome.fi\/index.php\/tuote\/teleskooppinen-vaatekaappijarjestelma-tangoilla-alumiini\/","title":{"rendered":"Teleskooppinen vaatekaappij\u00e4rjestelm\u00e4 tangoilla alumiini"},"content":{"rendered":"<p>Teleskooppinen vaatenaulakko on yksinkertaisesti muotoiltu s\u00e4\u00e4st\u00e4m\u00e4\u00e4n tilaa makuuhuoneessa tai miss\u00e4 vain.<\/p>\n<\/p>\n<p>Teleskooppinen vaatekaappij\u00e4rjestelm\u00e4 on valmistettu alumiinista, joten se on vahva ja vankka. Teleskooppij\u00e4rjestelm\u00e4n ja s\u00e4\u00e4dett\u00e4v\u00e4n korkeutensa ja leveytens\u00e4 ansiosta t\u00e4m\u00e4 s\u00e4ilytysteline mukautuu monenlaisiin tiloihin. Se tarjoaa ainutlaatuisen ja nerokkaan tavan j\u00e4rjest\u00e4\u00e4 vaatekaapin sis\u00e4lt\u00f6.<\/p>\n<\/p>\n<p>J\u00e4rjest\u00e4 vaatteesi ja pid\u00e4 huoneesi siistin\u00e4 teleskooppisella vaatekaapin s\u00e4ilytysj\u00e4rjestelm\u00e4ll\u00e4!<\/p>\n<ul>\n<li>V\u00e4ri: hopea ja musta<\/li>\n<li>Materiaali: alumiini, muovi<\/li>\n<li>Mitat: 65 &#8211; 110 x 28 x 250 &#8211; 300 cm (L x S x K)<\/li>\n<li>S\u00e4\u00e4dett\u00e4v\u00e4 korkeus jopa 3 m saakka<\/li>\n<li>S\u00e4\u00e4dett\u00e4v\u00e4 leveys 110 cm saakka<\/li>\n<li>Nettopaino: 1,86 kg<\/li>\n<li>Kantavuus (per tanko): 6 kg<\/li>\n<li>Sis\u00e4lt\u00e4\u00e4 2 tankoa<\/li>\n<li>Asennus vaaditaan: kyll\u00e4<\/li>\n<\/ul>\n","protected":false},"excerpt":{"rendered":"<ul>\n<li>V\u00e4ri: hopea ja musta<\/li>\n<li>Materiaali: alumiini, muovi<\/li>\n<li>Mitat: 65 &#8211; 110 x 28 x 250 &#8211; 300 cm (L x S x K)<\/li>\n<li>S\u00e4\u00e4dett\u00e4v\u00e4 korkeus jopa 3 m saakka<\/li>\n<li>S\u00e4\u00e4dett\u00e4v\u00e4 leveys 110 cm saakka<\/li>\n<li>Nettopaino: 1,86 kg<\/li>\n<li>Kantavuus (per tanko): 6 kg<\/li>\n<li>Sis\u00e4lt\u00e4\u00e4 2 tankoa<\/li>\n<li>Asennus vaaditaan: kyll\u00e4<\/li>\n<\/ul>\n","protected":false},"featured_media":10000095118,"comment_status":"closed","ping_status":"closed","template":"","meta":[],"product_brand":[],"product_cat":[84,8539],"product_tag":[],"class_list":{"0":"post-95118","1":"product","2":"type-product","3":"status-publish","4":"has-post-thumbnail","6":"product_cat-huonekalut","7":"product_cat-kaapit-vaatekaapit","9":"first","10":"instock","11":"taxable","12":"shipping-taxable","13":"purchasable","14":"product-type-simple"},"_links":{"self":[{"href":"https:\/\/www.otiumhome.fi\/index.php\/wp-json\/wp\/v2\/product\/95118","targetHints":{"allow":["GET"]}}],"collection":[{"href":"https:\/\/www.otiumhome.fi\/index.php\/wp-json\/wp\/v2\/product"}],"about":[{"href":"https:\/\/www.otiumhome.fi\/index.php\/wp-json\/wp\/v2\/types\/product"}],"replies":[{"embeddable":true,"href":"https:\/\/www.otiumhome.fi\/index.php\/wp-json\/wp\/v2\/comments?post=95118"}],"wp:featuredmedia":[{"embeddable":true,"href":"https:\/\/www.otiumhome.fi\/index.php\/wp-json\/"}],"wp:attachment":[{"href":"https:\/\/www.otiumhome.fi\/index.php\/wp-json\/wp\/v2\/media?parent=95118"}],"wp:term":[{"taxonomy":"product_brand","embeddable":true,"href":"https:\/\/www.otiumhome.fi\/index.php\/wp-json\/wp\/v2\/product_brand?post=95118"},{"taxonomy":"product_cat","embeddable":true,"href":"https:\/\/www.otiumhome.fi\/index.php\/wp-json\/wp\/v2\/product_cat?post=95118"},{"taxonomy":"product_tag","embeddable":true,"href":"https:\/\/www.otiumhome.fi\/index.php\/wp-json\/wp\/v2\/product_tag?post=95118"}],"curies":[{"name":"wp","href":"https:\/\/api.w.org\/{rel}","templated":true}]}}