{"id":95040,"date":"2024-12-15T08:41:50","date_gmt":"2024-12-15T08:41:50","guid":{"rendered":"https:\/\/www.otiumhome.fi\/?p=95040"},"modified":"2025-06-06T15:36:04","modified_gmt":"2025-06-06T15:36:04","slug":"vaatekaappi-lokeroilla-ja-tangoilla-kangas-150x45x176-cm-kerma","status":"publish","type":"product","link":"https:\/\/www.otiumhome.fi\/index.php\/tuote\/vaatekaappi-lokeroilla-ja-tangoilla-kangas-150x45x176-cm-kerma\/","title":{"rendered":"Vaatekaappi lokeroilla ja tangoilla kangas 150x45x176 cm kerma"},"content":{"rendered":"<p>T\u00e4m\u00e4 siirrelt\u00e4v\u00e4 kaappi on suunniteltu suojaamaan vaatteitasi ja kenki\u00e4si p\u00f6lylt\u00e4 ja lialta kellarissa, lastenhuoneessa, makuuhuoneessa tai ullakolla ja vaikka leirint\u00e4alueella. T\u00e4ss\u00e4 kaapissa on useita lokeroita ja ripustustankoja, jotta sit\u00e4 voidaan k\u00e4ytt\u00e4\u00e4 eri toimintoihin. Yl\u00f6s rullattava suoja kiinnitet\u00e4\u00e4n tarranauhalla ja vetoketjulla avaat ja suljet p\u00e4\u00e4llisen helposti.<\/p>\n<\/p>\n<p>Kokoontaitettava kaappi on valmistettu kest\u00e4v\u00e4st\u00e4 kankaasta ja kosteuden kest\u00e4vist\u00e4 rautaputkista, se on siis pitk\u00e4ik\u00e4inen, tilaa s\u00e4\u00e4st\u00e4v\u00e4 ja helppo koota. Kierr\u00e4 rautaputket hitaasti liittimiin, \u00e4l\u00e4 koskaan ty\u00f6nn\u00e4 putkea suoraan reik\u00e4\u00e4n, kun asennat rautaputkia muoviliittimiin.<\/p>\n<ul>\n<li>V\u00e4ri: kerma<\/li>\n<li>Mitat: 150 x 45 x 176 cm (L x S x K)<\/li>\n<li>Materiaali: kuitukangas<\/li>\n<li>Rautaputket ja muoviset liittimet sis\u00e4ltyv\u00e4t toimitukseen.<\/li>\n<li>VAROITUS! Kaatumisen est\u00e4miseksi t\u00e4t\u00e4 tuotetta on k\u00e4ytett\u00e4v\u00e4 mukana toimitetun sein\u00e4kiinnityslaitteen kanssa.<\/li>\n<li>Tekstiili: Polyesteri: 100%<\/li>\n<li>Legal Documents:\n<p><span>Lis\u00e4tietoja huonekalujesi kaatumisen est\u00e4misest\u00e4 voit l\u00f6yt\u00e4\u00e4 <span style=\"text-decoration: underline\"><strong><a title=\"https:\/\/bit.ly\/3bVwkQp\" href=\"https:\/\/bit.ly\/3bVwkQp\" target=\"_blank\">t\u00e4\u00e4lt\u00e4<\/a><\/strong><\/span><\/span><\/p>\n<\/li>\n<\/ul>\n","protected":false},"excerpt":{"rendered":"<ul>\n<li>V\u00e4ri: kerma<\/li>\n<li>Mitat: 150 x 45 x 176 cm (L x S x K)<\/li>\n<li>Materiaali: kuitukangas<\/li>\n<li>Rautaputket ja muoviset liittimet sis\u00e4ltyv\u00e4t toimitukseen.<\/li>\n<li>VAROITUS! Kaatumisen est\u00e4miseksi t\u00e4t\u00e4 tuotetta on k\u00e4ytett\u00e4v\u00e4 mukana toimitetun sein\u00e4kiinnityslaitteen kanssa.<\/li>\n<li>Tekstiili: Polyesteri: 100%<\/li>\n<li>Legal Documents:\n<p><span>Lis\u00e4tietoja huonekalujesi kaatumisen est\u00e4misest\u00e4 voit l\u00f6yt\u00e4\u00e4 <span style=\"text-decoration: underline\"><strong><a title=\"https:\/\/bit.ly\/3bVwkQp\" href=\"https:\/\/bit.ly\/3bVwkQp\" target=\"_blank\">t\u00e4\u00e4lt\u00e4<\/a><\/strong><\/span><\/span><\/p>\n<\/li>\n<\/ul>\n","protected":false},"featured_media":10000095040,"comment_status":"closed","ping_status":"closed","template":"","meta":[],"product_brand":[],"product_cat":[84,8539],"product_tag":[],"class_list":{"0":"post-95040","1":"product","2":"type-product","3":"status-publish","4":"has-post-thumbnail","6":"product_cat-huonekalut","7":"product_cat-kaapit-vaatekaapit","9":"first","10":"instock","11":"taxable","12":"shipping-taxable","13":"purchasable","14":"product-type-simple"},"_links":{"self":[{"href":"https:\/\/www.otiumhome.fi\/index.php\/wp-json\/wp\/v2\/product\/95040","targetHints":{"allow":["GET"]}}],"collection":[{"href":"https:\/\/www.otiumhome.fi\/index.php\/wp-json\/wp\/v2\/product"}],"about":[{"href":"https:\/\/www.otiumhome.fi\/index.php\/wp-json\/wp\/v2\/types\/product"}],"replies":[{"embeddable":true,"href":"https:\/\/www.otiumhome.fi\/index.php\/wp-json\/wp\/v2\/comments?post=95040"}],"wp:featuredmedia":[{"embeddable":true,"href":"https:\/\/www.otiumhome.fi\/index.php\/wp-json\/"}],"wp:attachment":[{"href":"https:\/\/www.otiumhome.fi\/index.php\/wp-json\/wp\/v2\/media?parent=95040"}],"wp:term":[{"taxonomy":"product_brand","embeddable":true,"href":"https:\/\/www.otiumhome.fi\/index.php\/wp-json\/wp\/v2\/product_brand?post=95040"},{"taxonomy":"product_cat","embeddable":true,"href":"https:\/\/www.otiumhome.fi\/index.php\/wp-json\/wp\/v2\/product_cat?post=95040"},{"taxonomy":"product_tag","embeddable":true,"href":"https:\/\/www.otiumhome.fi\/index.php\/wp-json\/wp\/v2\/product_tag?post=95040"}],"curies":[{"name":"wp","href":"https:\/\/api.w.org\/{rel}","templated":true}]}}