{"id":95029,"date":"2024-12-15T08:41:49","date_gmt":"2024-12-15T08:41:49","guid":{"rendered":"https:\/\/www.otiumhome.fi\/?p=95029"},"modified":"2025-06-06T15:36:04","modified_gmt":"2025-06-06T15:36:04","slug":"vaatekaappi-vetolaatikoilla-musta-50x50x200-cm-tekninen-puu","status":"publish","type":"product","link":"https:\/\/www.otiumhome.fi\/index.php\/tuote\/vaatekaappi-vetolaatikoilla-musta-50x50x200-cm-tekninen-puu\/","title":{"rendered":"Vaatekaappi vetolaatikoilla musta 50x50x200 cm tekninen puu"},"content":{"rendered":"<p>Kompaktissa vaatekaapissa vaatteet ja p\u00e4ivitt\u00e4iset asusteet pysyv\u00e4t k\u00e4den ulottuvilla. Se tarjoaa t\u00e4ydellisen s\u00e4ilytysratkaisun ja tuo tyylikkyytt\u00e4 kotiin.<\/p>\n<\/p>\n<p>Vaatekaappi on valmistettu teknisest\u00e4 puusta, joka takaa sen tukevuuden, kest\u00e4vyyden ja pitk\u00e4n k\u00e4ytt\u00f6i\u00e4n. Siin\u00e4 on kaksi vetolaatikkoa ja yksi suuri avoin lokero ripustintangolla, joten vaatekaappi tarjoaa runsaasti tilaa niin pitkille vaatteille kuin viikatuille vaatteille ja asusteille, kuten puseroille, farkuille, hatuille, k\u00e4silaukuille, jne.<\/p>\n<\/p>\n<p>Tuote on helppo puhdistaa. Vaatekaappi on helppo koota.<\/p>\n<ul>\n<li>V\u00e4ri: musta<\/li>\n<li>Materiaali: tekninen puu<\/li>\n<li>Mitat: 50 x 50 x 200 cm (L x S x K)<\/li>\n<li>2 vetolaatikkoa<\/li>\n<li>1 suuri avoin lokero ripustintangolla<\/li>\n<li><strong>Huomio: <\/strong>Sein\u00e4\u00e4n kiinnitett\u00e4v\u00e4t ruuvit ja tulpat eiv\u00e4t sis\u00e4lly toimitukseen. Etsi ja k\u00e4yt\u00e4 sein\u00e4\u00e4si sopivia ruuveja ja tulppia. Jos olet ep\u00e4varma, kysy ammattilaisen neuvoa. Lue ja seuraa asennusohjeiden jokaista vaihetta huolella.<\/li>\n<\/ul>\n","protected":false},"excerpt":{"rendered":"<ul>\n<li>V\u00e4ri: musta<\/li>\n<li>Materiaali: tekninen puu<\/li>\n<li>Mitat: 50 x 50 x 200 cm (L x S x K)<\/li>\n<li>2 vetolaatikkoa<\/li>\n<li>1 suuri avoin lokero ripustintangolla<\/li>\n<li><strong>Huomio: <\/strong>Sein\u00e4\u00e4n kiinnitett\u00e4v\u00e4t ruuvit ja tulpat eiv\u00e4t sis\u00e4lly toimitukseen. Etsi ja k\u00e4yt\u00e4 sein\u00e4\u00e4si sopivia ruuveja ja tulppia. Jos olet ep\u00e4varma, kysy ammattilaisen neuvoa. Lue ja seuraa asennusohjeiden jokaista vaihetta huolella.<\/li>\n<\/ul>\n","protected":false},"featured_media":10000095029,"comment_status":"closed","ping_status":"closed","template":"","meta":[],"product_brand":[],"product_cat":[84,8539],"product_tag":[],"class_list":{"0":"post-95029","1":"product","2":"type-product","3":"status-publish","4":"has-post-thumbnail","6":"product_cat-huonekalut","7":"product_cat-kaapit-vaatekaapit","9":"first","10":"instock","11":"taxable","12":"shipping-taxable","13":"purchasable","14":"product-type-simple"},"_links":{"self":[{"href":"https:\/\/www.otiumhome.fi\/index.php\/wp-json\/wp\/v2\/product\/95029","targetHints":{"allow":["GET"]}}],"collection":[{"href":"https:\/\/www.otiumhome.fi\/index.php\/wp-json\/wp\/v2\/product"}],"about":[{"href":"https:\/\/www.otiumhome.fi\/index.php\/wp-json\/wp\/v2\/types\/product"}],"replies":[{"embeddable":true,"href":"https:\/\/www.otiumhome.fi\/index.php\/wp-json\/wp\/v2\/comments?post=95029"}],"wp:featuredmedia":[{"embeddable":true,"href":"https:\/\/www.otiumhome.fi\/index.php\/wp-json\/"}],"wp:attachment":[{"href":"https:\/\/www.otiumhome.fi\/index.php\/wp-json\/wp\/v2\/media?parent=95029"}],"wp:term":[{"taxonomy":"product_brand","embeddable":true,"href":"https:\/\/www.otiumhome.fi\/index.php\/wp-json\/wp\/v2\/product_brand?post=95029"},{"taxonomy":"product_cat","embeddable":true,"href":"https:\/\/www.otiumhome.fi\/index.php\/wp-json\/wp\/v2\/product_cat?post=95029"},{"taxonomy":"product_tag","embeddable":true,"href":"https:\/\/www.otiumhome.fi\/index.php\/wp-json\/wp\/v2\/product_tag?post=95029"}],"curies":[{"name":"wp","href":"https:\/\/api.w.org\/{rel}","templated":true}]}}