{"id":95000,"date":"2024-12-15T08:41:47","date_gmt":"2024-12-15T08:41:47","guid":{"rendered":"https:\/\/www.otiumhome.fi\/?p=95000"},"modified":"2025-06-06T15:36:02","modified_gmt":"2025-06-06T15:36:02","slug":"metallinen-vaatekaappi-teollinen-tyyli-67x35x107-cm-musta","status":"publish","type":"product","link":"https:\/\/www.otiumhome.fi\/index.php\/tuote\/metallinen-vaatekaappi-teollinen-tyyli-67x35x107-cm-musta\/","title":{"rendered":"Metallinen vaatekaappi teollinen tyyli 67x35x107 cm musta"},"content":{"rendered":"<p>K\u00e4yt\u00e4nn\u00f6llinen vaatekaappimme tarjoaa sek\u00e4 t\u00e4ydellisen s\u00e4ilytysratkaisun ett\u00e4 ainutlaatuisen koristeellisen lis\u00e4n kotiisi tyylikk\u00e4\u00e4ll\u00e4 teollisella tyylill\u00e4\u00e4n.<\/p>\n<\/p>\n<p>Kaapissa on 2 s\u00e4\u00e4dett\u00e4v\u00e4\u00e4 sis\u00e4hylly\u00e4, joiden ansiosta voit viikata vaatteesi siististi eri kategorioihin, sek\u00e4 2 vetolaatikkoa sukkien, alusvaatteiden jne. s\u00e4ilytt\u00e4miseen. Kussakin ovessa on nimikylttipidike sek\u00e4 s\u00e4leventtiilit, jotka korostavat sen teollista pukukaappityyli\u00e4. T\u00e4m\u00e4 s\u00e4ilytyskaappi on valmistettu levymetallista, joka on kest\u00e4v\u00e4 ja helposti puhdistettava materiaali. Se on helppo koota.<\/p>\n<ul>\n<li>V\u00e4ri: musta<\/li>\n<li>Materiaali: metalli<\/li>\n<li>Mitat: 67 x 35 x 107 cm (L x S x K)<\/li>\n<li>2 ovellista kaappia ja 2 vetolaatikkoa<\/li>\n<li>2 s\u00e4\u00e4dett\u00e4v\u00e4\u00e4 sis\u00e4hylly\u00e4<\/li>\n<li>Jokaisessa ovessa on nimikylttipidike ja ilmanvaihtoaukot<\/li>\n<li>Helppo koota<\/li>\n<li>VAROITUS! Kaatumisen est\u00e4miseksi t\u00e4t\u00e4 tuotetta on k\u00e4ytett\u00e4v\u00e4 mukana toimitetun sein\u00e4kiinnityslaitteen kanssa.<\/li>\n<li>Legal Documents:\n<p><span>Lis\u00e4tietoja huonekalujesi kaatumisen est\u00e4misest\u00e4 voit l\u00f6yt\u00e4\u00e4 <span style=\"text-decoration: underline\"><strong><a title=\"https:\/\/bit.ly\/3bVwkQp\" href=\"https:\/\/bit.ly\/3bVwkQp\" target=\"_blank\">t\u00e4\u00e4lt\u00e4<\/a><\/strong><\/span><\/span><\/p>\n<\/li>\n<\/ul>\n","protected":false},"excerpt":{"rendered":"<ul>\n<li>V\u00e4ri: musta<\/li>\n<li>Materiaali: metalli<\/li>\n<li>Mitat: 67 x 35 x 107 cm (L x S x K)<\/li>\n<li>2 ovellista kaappia ja 2 vetolaatikkoa<\/li>\n<li>2 s\u00e4\u00e4dett\u00e4v\u00e4\u00e4 sis\u00e4hylly\u00e4<\/li>\n<li>Jokaisessa ovessa on nimikylttipidike ja ilmanvaihtoaukot<\/li>\n<li>Helppo koota<\/li>\n<li>VAROITUS! Kaatumisen est\u00e4miseksi t\u00e4t\u00e4 tuotetta on k\u00e4ytett\u00e4v\u00e4 mukana toimitetun sein\u00e4kiinnityslaitteen kanssa.<\/li>\n<li>Legal Documents:\n<p><span>Lis\u00e4tietoja huonekalujesi kaatumisen est\u00e4misest\u00e4 voit l\u00f6yt\u00e4\u00e4 <span style=\"text-decoration: underline\"><strong><a title=\"https:\/\/bit.ly\/3bVwkQp\" href=\"https:\/\/bit.ly\/3bVwkQp\" target=\"_blank\">t\u00e4\u00e4lt\u00e4<\/a><\/strong><\/span><\/span><\/p>\n<\/li>\n<\/ul>\n","protected":false},"featured_media":10000095000,"comment_status":"closed","ping_status":"closed","template":"","meta":[],"product_brand":[],"product_cat":[84,8539],"product_tag":[],"class_list":{"0":"post-95000","1":"product","2":"type-product","3":"status-publish","4":"has-post-thumbnail","6":"product_cat-huonekalut","7":"product_cat-kaapit-vaatekaapit","9":"first","10":"instock","11":"taxable","12":"shipping-taxable","13":"purchasable","14":"product-type-simple"},"_links":{"self":[{"href":"https:\/\/www.otiumhome.fi\/index.php\/wp-json\/wp\/v2\/product\/95000","targetHints":{"allow":["GET"]}}],"collection":[{"href":"https:\/\/www.otiumhome.fi\/index.php\/wp-json\/wp\/v2\/product"}],"about":[{"href":"https:\/\/www.otiumhome.fi\/index.php\/wp-json\/wp\/v2\/types\/product"}],"replies":[{"embeddable":true,"href":"https:\/\/www.otiumhome.fi\/index.php\/wp-json\/wp\/v2\/comments?post=95000"}],"wp:featuredmedia":[{"embeddable":true,"href":"https:\/\/www.otiumhome.fi\/index.php\/wp-json\/"}],"wp:attachment":[{"href":"https:\/\/www.otiumhome.fi\/index.php\/wp-json\/wp\/v2\/media?parent=95000"}],"wp:term":[{"taxonomy":"product_brand","embeddable":true,"href":"https:\/\/www.otiumhome.fi\/index.php\/wp-json\/wp\/v2\/product_brand?post=95000"},{"taxonomy":"product_cat","embeddable":true,"href":"https:\/\/www.otiumhome.fi\/index.php\/wp-json\/wp\/v2\/product_cat?post=95000"},{"taxonomy":"product_tag","embeddable":true,"href":"https:\/\/www.otiumhome.fi\/index.php\/wp-json\/wp\/v2\/product_tag?post=95000"}],"curies":[{"name":"wp","href":"https:\/\/api.w.org\/{rel}","templated":true}]}}