{"id":94998,"date":"2024-12-15T08:41:47","date_gmt":"2024-12-15T08:41:47","guid":{"rendered":"https:\/\/www.otiumhome.fi\/?p=94998"},"modified":"2026-01-03T22:13:49","modified_gmt":"2026-01-03T22:13:49","slug":"vaatekaappi-meksikon-manty-corona-range-3-ovea","status":"publish","type":"product","link":"https:\/\/www.otiumhome.fi\/index.php\/tuote\/vaatekaappi-meksikon-manty-corona-range-3-ovea\/","title":{"rendered":"Vaatekaappi Meksikon m\u00e4nty Corona Range 3 ovea"},"content":{"rendered":"<p>T\u00e4m\u00e4 laadukas puinen vaatekaappi on huonekalu Meksikon &#8221;Corona&#8221; tyylill\u00e4. Vahattu m\u00e4nty metallisilla koristeilla huokuu Meksikolaista charmia, joka tekee siit\u00e4 loistavan lis\u00e4n makuu- tai vaatehuoneeseen.<\/p>\n<\/p>\n<p>Vaatekaapissa on kaunis kupumainen yl\u00e4osa ja 3 ovea. Kest\u00e4v\u00e4 ja tukeva kaappi on valmistettu t\u00e4ydest\u00e4 m\u00e4nnyst\u00e4. Suuressa vasemmassa osastossa on yl\u00e4hylly ja tanko, se tarjoaa hyv\u00e4n tilan vaatteidesi j\u00e4rjest\u00e4miseen. Oikeassa osastossa on nelj\u00e4 hylly\u00e4, jotka sopivat alusvaatteille, sukille, jne.<\/p>\n<\/p>\n<p>Se on helppo koota.<\/p>\n<ul>\n<li>V\u00e4ri: ruskea<\/li>\n<li>Materiaali: t\u00e4ysi m\u00e4nty<\/li>\n<li>Mitat: 150,5 x 52 x 170 cm (P x L x K)<\/li>\n<li>Kupumallinen yl\u00e4osa 3 ovea<\/li>\n<li>Suuressa vasemmassa osastossa on yl\u00e4hylly ja tanko<\/li>\n<li>Oikeassa osastossa on 4 hylly\u00e4<\/li>\n<li>Se huokuu meksikolaista &#8217;Corona&#8217;-tyyli\u00e4<\/li>\n<li>Helppo koota<\/li>\n<li><strong>VAROITUS:<\/strong> kaatumisen est\u00e4miseksi on t\u00e4t\u00e4 tuotetta k\u00e4ytett\u00e4v\u00e4 mukana toimitetun sein\u00e4kiinnityslaitteen kanssa.<\/li>\n<li>Legal Documents:\n<p><span>Lis\u00e4tietoja huonekalujesi kaatumisen est\u00e4misest\u00e4 voit l\u00f6yt\u00e4\u00e4 <span style=\"text-decoration: underline\"><strong><a title=\"https:\/\/bit.ly\/3bVwkQp\" href=\"https:\/\/bit.ly\/3bVwkQp\" target=\"_blank\">t\u00e4\u00e4lt\u00e4<\/a><\/strong><\/span><\/span><\/p>\n<\/li>\n<\/ul>\n","protected":false},"excerpt":{"rendered":"<ul>\n<li>V\u00e4ri: ruskea<\/li>\n<li>Materiaali: t\u00e4ysi m\u00e4nty<\/li>\n<li>Mitat: 150,5 x 52 x 170 cm (P x L x K)<\/li>\n<li>Kupumallinen yl\u00e4osa 3 ovea<\/li>\n<li>Suuressa vasemmassa osastossa on yl\u00e4hylly ja tanko<\/li>\n<li>Oikeassa osastossa on 4 hylly\u00e4<\/li>\n<li>Se huokuu meksikolaista &#8217;Corona&#8217;-tyyli\u00e4<\/li>\n<li>Helppo koota<\/li>\n<li><strong>VAROITUS:<\/strong> kaatumisen est\u00e4miseksi on t\u00e4t\u00e4 tuotetta k\u00e4ytett\u00e4v\u00e4 mukana toimitetun sein\u00e4kiinnityslaitteen kanssa.<\/li>\n<li>Legal Documents:\n<p><span>Lis\u00e4tietoja huonekalujesi kaatumisen est\u00e4misest\u00e4 voit l\u00f6yt\u00e4\u00e4 <span style=\"text-decoration: underline\"><strong><a title=\"https:\/\/bit.ly\/3bVwkQp\" href=\"https:\/\/bit.ly\/3bVwkQp\" target=\"_blank\">t\u00e4\u00e4lt\u00e4<\/a><\/strong><\/span><\/span><\/p>\n<\/li>\n<\/ul>\n","protected":false},"featured_media":10000094998,"comment_status":"closed","ping_status":"closed","template":"","meta":[],"product_brand":[],"product_cat":[84,8539],"product_tag":[],"class_list":{"0":"post-94998","1":"product","2":"type-product","3":"status-publish","4":"has-post-thumbnail","6":"product_cat-huonekalut","7":"product_cat-kaapit-vaatekaapit","9":"first","10":"instock","11":"taxable","12":"shipping-taxable","13":"purchasable","14":"product-type-simple"},"_links":{"self":[{"href":"https:\/\/www.otiumhome.fi\/index.php\/wp-json\/wp\/v2\/product\/94998","targetHints":{"allow":["GET"]}}],"collection":[{"href":"https:\/\/www.otiumhome.fi\/index.php\/wp-json\/wp\/v2\/product"}],"about":[{"href":"https:\/\/www.otiumhome.fi\/index.php\/wp-json\/wp\/v2\/types\/product"}],"replies":[{"embeddable":true,"href":"https:\/\/www.otiumhome.fi\/index.php\/wp-json\/wp\/v2\/comments?post=94998"}],"wp:featuredmedia":[{"embeddable":true,"href":"https:\/\/www.otiumhome.fi\/index.php\/wp-json\/"}],"wp:attachment":[{"href":"https:\/\/www.otiumhome.fi\/index.php\/wp-json\/wp\/v2\/media?parent=94998"}],"wp:term":[{"taxonomy":"product_brand","embeddable":true,"href":"https:\/\/www.otiumhome.fi\/index.php\/wp-json\/wp\/v2\/product_brand?post=94998"},{"taxonomy":"product_cat","embeddable":true,"href":"https:\/\/www.otiumhome.fi\/index.php\/wp-json\/wp\/v2\/product_cat?post=94998"},{"taxonomy":"product_tag","embeddable":true,"href":"https:\/\/www.otiumhome.fi\/index.php\/wp-json\/wp\/v2\/product_tag?post=94998"}],"curies":[{"name":"wp","href":"https:\/\/api.w.org\/{rel}","templated":true}]}}