{"id":94992,"date":"2024-12-15T08:41:47","date_gmt":"2024-12-15T08:41:47","guid":{"rendered":"https:\/\/www.otiumhome.fi\/?p=94992"},"modified":"2025-06-06T15:36:02","modified_gmt":"2025-06-06T15:36:02","slug":"moduulikaappi-14-lokeroa-37-x-146-x-1805-cm-valkoinen","status":"publish","type":"product","link":"https:\/\/www.otiumhome.fi\/index.php\/tuote\/moduulikaappi-14-lokeroa-37-x-146-x-1805-cm-valkoinen\/","title":{"rendered":"Moduulikaappi 14 lokeroa 37 x 146 x 180,5 cm valkoinen"},"content":{"rendered":"<p>T\u00e4m\u00e4 k\u00e4yt\u00e4nn\u00f6llinen moduulikaappi ei ole ainoastaan tyylik\u00e4s vaan se pit\u00e4\u00e4 my\u00f6s vaatteesi ja kenk\u00e4si siististi j\u00e4rjestyksess\u00e4. Se tulee olemaan loistava lis\u00e4 hoitohuoneeseen, olohuoneeseen, k\u00e4yt\u00e4v\u00e4\u00e4n tai makuuhuoneeseen.<\/p>\n<\/p>\n<p>T\u00e4m\u00e4 kaappi on valmistettu muovielementeist\u00e4 ja kromatusta ter\u00e4svaijerista, mik\u00e4 takaa helpon puhdistettavuuden. Kaapin kekseli\u00e4\u00e4n muotoilun ansiosta se on helppo asentaa erilaisiin yhdistelmiin sopiakseen juuri sinun tiloihisi ja mielentilaasi.<\/p>\n<\/p>\n<p>\u00c4l\u00e4 laita liikaa painoa hyllyille ja ota huomioon, ett\u00e4 muovi on tulenarkaa.<\/p>\n<ul>\n<li>V\u00e4ri: valkoinen <\/li>\n<li>Mitat: 37 x 146 x 180,5 cm<\/li>\n<li>Materiaali: muovi<\/li>\n<li>Ohjeet mukana<\/li>\n<li>14 lokeroa: 12 suljettua lokeroa + 2 avointa ripustusosastoa<\/li>\n<li>Enimm\u00e4iskantavuus (yhteens\u00e4): 15 kg<\/li>\n<li>Enimm\u00e4iskantavuus per hylly: 3 kg<\/li>\n<li>VAROITUS! Kaatumisen est\u00e4miseksi t\u00e4t\u00e4 tuotetta on k\u00e4ytett\u00e4v\u00e4 mukana toimitetun sein\u00e4kiinnityslaitteen kanssa.<\/li>\n<li>Legal Documents:\n<p><span>Lis\u00e4tietoja huonekalujesi kaatumisen est\u00e4misest\u00e4 voit l\u00f6yt\u00e4\u00e4 <span style=\"text-decoration: underline\"><strong><a title=\"https:\/\/bit.ly\/3bVwkQp\" href=\"https:\/\/bit.ly\/3bVwkQp\" target=\"_blank\">t\u00e4\u00e4lt\u00e4<\/a><\/strong><\/span><\/span><\/p>\n<\/li>\n<\/ul>\n","protected":false},"excerpt":{"rendered":"<ul>\n<li>V\u00e4ri: valkoinen <\/li>\n<li>Mitat: 37 x 146 x 180,5 cm<\/li>\n<li>Materiaali: muovi<\/li>\n<li>Ohjeet mukana<\/li>\n<li>14 lokeroa: 12 suljettua lokeroa + 2 avointa ripustusosastoa<\/li>\n<li>Enimm\u00e4iskantavuus (yhteens\u00e4): 15 kg<\/li>\n<li>Enimm\u00e4iskantavuus per hylly: 3 kg<\/li>\n<li>VAROITUS! Kaatumisen est\u00e4miseksi t\u00e4t\u00e4 tuotetta on k\u00e4ytett\u00e4v\u00e4 mukana toimitetun sein\u00e4kiinnityslaitteen kanssa.<\/li>\n<li>Legal Documents:\n<p><span>Lis\u00e4tietoja huonekalujesi kaatumisen est\u00e4misest\u00e4 voit l\u00f6yt\u00e4\u00e4 <span style=\"text-decoration: underline\"><strong><a title=\"https:\/\/bit.ly\/3bVwkQp\" href=\"https:\/\/bit.ly\/3bVwkQp\" target=\"_blank\">t\u00e4\u00e4lt\u00e4<\/a><\/strong><\/span><\/span><\/p>\n<\/li>\n<\/ul>\n","protected":false},"featured_media":10000094992,"comment_status":"closed","ping_status":"closed","template":"","meta":[],"product_brand":[],"product_cat":[84,8539],"product_tag":[],"class_list":{"0":"post-94992","1":"product","2":"type-product","3":"status-publish","4":"has-post-thumbnail","6":"product_cat-huonekalut","7":"product_cat-kaapit-vaatekaapit","9":"first","10":"instock","11":"taxable","12":"shipping-taxable","13":"purchasable","14":"product-type-simple"},"_links":{"self":[{"href":"https:\/\/www.otiumhome.fi\/index.php\/wp-json\/wp\/v2\/product\/94992","targetHints":{"allow":["GET"]}}],"collection":[{"href":"https:\/\/www.otiumhome.fi\/index.php\/wp-json\/wp\/v2\/product"}],"about":[{"href":"https:\/\/www.otiumhome.fi\/index.php\/wp-json\/wp\/v2\/types\/product"}],"replies":[{"embeddable":true,"href":"https:\/\/www.otiumhome.fi\/index.php\/wp-json\/wp\/v2\/comments?post=94992"}],"wp:featuredmedia":[{"embeddable":true,"href":"https:\/\/www.otiumhome.fi\/index.php\/wp-json\/"}],"wp:attachment":[{"href":"https:\/\/www.otiumhome.fi\/index.php\/wp-json\/wp\/v2\/media?parent=94992"}],"wp:term":[{"taxonomy":"product_brand","embeddable":true,"href":"https:\/\/www.otiumhome.fi\/index.php\/wp-json\/wp\/v2\/product_brand?post=94992"},{"taxonomy":"product_cat","embeddable":true,"href":"https:\/\/www.otiumhome.fi\/index.php\/wp-json\/wp\/v2\/product_cat?post=94992"},{"taxonomy":"product_tag","embeddable":true,"href":"https:\/\/www.otiumhome.fi\/index.php\/wp-json\/wp\/v2\/product_tag?post=94992"}],"curies":[{"name":"wp","href":"https:\/\/api.w.org\/{rel}","templated":true}]}}