{"id":94991,"date":"2024-12-15T08:41:47","date_gmt":"2024-12-15T08:41:47","guid":{"rendered":"https:\/\/www.otiumhome.fi\/?p=94991"},"modified":"2025-06-06T15:36:03","modified_gmt":"2025-06-06T15:36:03","slug":"kankaasta-valmistettu-vaatekaappi-2-kpl-musta","status":"publish","type":"product","link":"https:\/\/www.otiumhome.fi\/index.php\/tuote\/kankaasta-valmistettu-vaatekaappi-2-kpl-musta\/","title":{"rendered":"Kankaasta valmistettu vaatekaappi 2 kpl musta"},"content":{"rendered":"<p>T\u00e4m\u00e4 kankaasta valmistettu vaatekaappi sopii kellariin, makuuhuoneeseen, ullakolle ja jopa leirint\u00e4alueella k\u00e4ytett\u00e4v\u00e4ksi jne. Vaatteesi pysyv\u00e4t siin\u00e4 aina hyv\u00e4ss\u00e4 kunnossa.  <\/p>\n<\/p>\n<p>Kokoontaitettavuutensa ansiosta se s\u00e4\u00e4st\u00e4\u00e4 tilaa. Yl\u00f6s rullattava ovi on kiinnitetty tarranauhalla. Ovi suojelee vaatteitasi lialta ja p\u00f6lylt\u00e4. Vetoketjujen ansiosta se on helppo avata ja sulkea. Kaappi on valmistettu fleece-kankaasta ja ter\u00e4sputkista, se on eritt\u00e4in kest\u00e4v\u00e4. Toimitukseen sis\u00e4ltyy 2 kokoontaitettavaa vaatekaappia.<\/p>\n<\/p>\n<p>Todella helppo koota.<\/p>\n<ul>\n<li>V\u00e4ri: musta<\/li>\n<li>Mitat: 110 x 45 x 175 cm (L x S x K)<\/li>\n<li>Materiaali: kangas + ter\u00e4sputki<\/li>\n<li>Toimitus sis\u00e4lt\u00e4\u00e4 2 kpl<\/li>\n<li>VAROITUS! Kaatumisen est\u00e4miseksi t\u00e4t\u00e4 tuotetta on k\u00e4ytett\u00e4v\u00e4 mukana toimitetun sein\u00e4kiinnityslaitteen kanssa.<\/li>\n<li>Tekstiili: Polypropeeni: 100%<\/li>\n<li>Legal Documents:\n<p><span>Lis\u00e4tietoja huonekalujesi kaatumisen est\u00e4misest\u00e4 voit l\u00f6yt\u00e4\u00e4 <span style=\"text-decoration: underline\"><strong><a title=\"https:\/\/bit.ly\/3bVwkQp\" href=\"https:\/\/bit.ly\/3bVwkQp\" target=\"_blank\">t\u00e4\u00e4lt\u00e4<\/a><\/strong><\/span><\/span><\/p>\n<\/li>\n<\/ul>\n","protected":false},"excerpt":{"rendered":"<ul>\n<li>V\u00e4ri: musta<\/li>\n<li>Mitat: 110 x 45 x 175 cm (L x S x K)<\/li>\n<li>Materiaali: kangas + ter\u00e4sputki<\/li>\n<li>Toimitus sis\u00e4lt\u00e4\u00e4 2 kpl<\/li>\n<li>VAROITUS! Kaatumisen est\u00e4miseksi t\u00e4t\u00e4 tuotetta on k\u00e4ytett\u00e4v\u00e4 mukana toimitetun sein\u00e4kiinnityslaitteen kanssa.<\/li>\n<li>Tekstiili: Polypropeeni: 100%<\/li>\n<li>Legal Documents:\n<p><span>Lis\u00e4tietoja huonekalujesi kaatumisen est\u00e4misest\u00e4 voit l\u00f6yt\u00e4\u00e4 <span style=\"text-decoration: underline\"><strong><a title=\"https:\/\/bit.ly\/3bVwkQp\" href=\"https:\/\/bit.ly\/3bVwkQp\" target=\"_blank\">t\u00e4\u00e4lt\u00e4<\/a><\/strong><\/span><\/span><\/p>\n<\/li>\n<\/ul>\n","protected":false},"featured_media":10000094991,"comment_status":"closed","ping_status":"closed","template":"","meta":[],"product_brand":[],"product_cat":[84,8539],"product_tag":[],"class_list":{"0":"post-94991","1":"product","2":"type-product","3":"status-publish","4":"has-post-thumbnail","6":"product_cat-huonekalut","7":"product_cat-kaapit-vaatekaapit","9":"first","10":"outofstock","11":"taxable","12":"shipping-taxable","13":"purchasable","14":"product-type-simple"},"_links":{"self":[{"href":"https:\/\/www.otiumhome.fi\/index.php\/wp-json\/wp\/v2\/product\/94991","targetHints":{"allow":["GET"]}}],"collection":[{"href":"https:\/\/www.otiumhome.fi\/index.php\/wp-json\/wp\/v2\/product"}],"about":[{"href":"https:\/\/www.otiumhome.fi\/index.php\/wp-json\/wp\/v2\/types\/product"}],"replies":[{"embeddable":true,"href":"https:\/\/www.otiumhome.fi\/index.php\/wp-json\/wp\/v2\/comments?post=94991"}],"wp:featuredmedia":[{"embeddable":true,"href":"https:\/\/www.otiumhome.fi\/index.php\/wp-json\/"}],"wp:attachment":[{"href":"https:\/\/www.otiumhome.fi\/index.php\/wp-json\/wp\/v2\/media?parent=94991"}],"wp:term":[{"taxonomy":"product_brand","embeddable":true,"href":"https:\/\/www.otiumhome.fi\/index.php\/wp-json\/wp\/v2\/product_brand?post=94991"},{"taxonomy":"product_cat","embeddable":true,"href":"https:\/\/www.otiumhome.fi\/index.php\/wp-json\/wp\/v2\/product_cat?post=94991"},{"taxonomy":"product_tag","embeddable":true,"href":"https:\/\/www.otiumhome.fi\/index.php\/wp-json\/wp\/v2\/product_tag?post=94991"}],"curies":[{"name":"wp","href":"https:\/\/api.w.org\/{rel}","templated":true}]}}