{"id":94960,"date":"2024-12-15T08:41:45","date_gmt":"2024-12-15T08:41:45","guid":{"rendered":"https:\/\/www.otiumhome.fi\/?p=94960"},"modified":"2025-07-01T17:32:37","modified_gmt":"2025-07-01T17:32:37","slug":"vaatekaappi-110x45x170-cm-bambu","status":"publish","type":"product","link":"https:\/\/www.otiumhome.fi\/index.php\/tuote\/vaatekaappi-110x45x170-cm-bambu\/","title":{"rendered":"Vaatekaappi 110x45x170 cm bambu"},"content":{"rendered":"<p>T\u00e4m\u00e4 bambusta valmistettu vaatekaappi on k\u00e4yt\u00e4nn\u00f6llinen ja koristeellinen lis\u00e4 kotisi sisustukseen.<\/p>\n<\/p>\n<ul>\n<li>Vakaa ja helposti siirrett\u00e4v\u00e4: Vaatekaappi on valmistettu bambusta. Bambu on kevyt, vedenkest\u00e4v\u00e4 ja luja materiaali, joten se on mahtava valinta monenlaisiin tarkoituksiin, kuten kalusteet, rakentaminen, k\u00e4sity\u00f6t ja koriste-esineet. T\u00e4m\u00e4 bambu vaatekaappi on kevyt ja helppo siirt\u00e4\u00e4.<\/li>\n<li>K\u00e4yt\u00e4nn\u00f6llinen kangasp\u00e4\u00e4llinen: T\u00e4m\u00e4n vaatekaapin p\u00e4\u00e4llinen on valmistettu kankaasta. Kankaan ulkon\u00e4k\u00f6 on yksinkertainen ja puhdas, se on samalla hengitt\u00e4v\u00e4 ja pitk\u00e4ik\u00e4inen. Monipuolinen kangasp\u00e4\u00e4llinen on lis\u00e4ksi helposti avattava ja se pit\u00e4\u00e4 vaatteesi ja asusteesi p\u00f6lytt\u00f6m\u00e4n\u00e4.<\/li>\n<li>Runsaasti s\u00e4ilytystilaa: T\u00e4m\u00e4 nelj\u00e4 hylly\u00e4 sis\u00e4lt\u00e4v\u00e4 kaappi tarjoaa reilusti tilaa sek\u00e4 pidemmille asuillesi ett\u00e4 muille laskostetuille vaatteillesi tai asusteillesi, kuten puseroille, farkuille, hatuille, k\u00e4silaukuille, jne.<\/li>\n<\/ul>\n<p>Varoitus:<\/p>\n<ul>\n<li>Kaatumisen est\u00e4miseksi t\u00e4t\u00e4 tuotetta on k\u00e4ytett\u00e4v\u00e4 mukana toimitetun sein\u00e4kiinnityslaitteen kanssa.<\/li>\n<\/ul>\n<p>Hyv\u00e4 tiet\u00e4\u00e4:<\/p>\n<ul>\n<li>Sein\u00e4\u00e4n kiinnitett\u00e4v\u00e4t ruuvit ja tulpat eiv\u00e4t sis\u00e4lly toimitukseen. Suosittelemme etsim\u00e4\u00e4n ja k\u00e4ytt\u00e4m\u00e4\u00e4n sein\u00e4\u00e4si sopivia ruuveja ja tulppia. Jos olet ep\u00e4varma, kysy ammattilaisen neuvoa. Lue ja noudata ohjeiden jokaista vaihetta.<\/li>\n<\/ul>\n<ul>\n<li>Materiaali: Luonnollisesti viimeistelty bambu, kangas (35 % puuvilla, 65 % polyesteri)<\/li>\n<li>Mitat: 110 x 45 x 170 cm (P x L x K)<\/li>\n<li>Asennus vaaditaan: Kyll\u00e4<\/li>\n<\/ul>\n","protected":false},"excerpt":{"rendered":"<ul>\n<li>Materiaali: Luonnollisesti viimeistelty bambu, kangas (35 % puuvilla, 65 % polyesteri)<\/li>\n<li>Mitat: 110 x 45 x 170 cm (P x L x K)<\/li>\n<li>Asennus vaaditaan: Kyll\u00e4<\/li>\n<\/ul>\n","protected":false},"featured_media":10000094960,"comment_status":"closed","ping_status":"closed","template":"","meta":[],"product_brand":[],"product_cat":[84,8539],"product_tag":[],"class_list":{"0":"post-94960","1":"product","2":"type-product","3":"status-publish","4":"has-post-thumbnail","6":"product_cat-huonekalut","7":"product_cat-kaapit-vaatekaapit","9":"first","10":"instock","11":"taxable","12":"shipping-taxable","13":"purchasable","14":"product-type-simple"},"_links":{"self":[{"href":"https:\/\/www.otiumhome.fi\/index.php\/wp-json\/wp\/v2\/product\/94960","targetHints":{"allow":["GET"]}}],"collection":[{"href":"https:\/\/www.otiumhome.fi\/index.php\/wp-json\/wp\/v2\/product"}],"about":[{"href":"https:\/\/www.otiumhome.fi\/index.php\/wp-json\/wp\/v2\/types\/product"}],"replies":[{"embeddable":true,"href":"https:\/\/www.otiumhome.fi\/index.php\/wp-json\/wp\/v2\/comments?post=94960"}],"wp:featuredmedia":[{"embeddable":true,"href":"https:\/\/www.otiumhome.fi\/index.php\/wp-json\/"}],"wp:attachment":[{"href":"https:\/\/www.otiumhome.fi\/index.php\/wp-json\/wp\/v2\/media?parent=94960"}],"wp:term":[{"taxonomy":"product_brand","embeddable":true,"href":"https:\/\/www.otiumhome.fi\/index.php\/wp-json\/wp\/v2\/product_brand?post=94960"},{"taxonomy":"product_cat","embeddable":true,"href":"https:\/\/www.otiumhome.fi\/index.php\/wp-json\/wp\/v2\/product_cat?post=94960"},{"taxonomy":"product_tag","embeddable":true,"href":"https:\/\/www.otiumhome.fi\/index.php\/wp-json\/wp\/v2\/product_tag?post=94960"}],"curies":[{"name":"wp","href":"https:\/\/api.w.org\/{rel}","templated":true}]}}