{"id":94959,"date":"2024-12-15T08:41:44","date_gmt":"2024-12-15T08:41:44","guid":{"rendered":"https:\/\/www.otiumhome.fi\/?p=94959"},"modified":"2025-06-06T15:36:01","modified_gmt":"2025-06-06T15:36:01","slug":"vaatekaappi-senja-rottinkityyli-valk-90x55x175-cm-taysi-manty","status":"publish","type":"product","link":"https:\/\/www.otiumhome.fi\/index.php\/tuote\/vaatekaappi-senja-rottinkityyli-valk-90x55x175-cm-taysi-manty\/","title":{"rendered":"Vaatekaappi SENJA rottinkityyli valk. 90x55x175 cm t\u00e4ysi m\u00e4nty"},"content":{"rendered":"<p>T\u00e4m\u00e4 klassinen puinen vaatekaappi tarjoaa runsaasti tilaa vaatteidesi, kenkiesi ja asusteidesi siistiss\u00e4 j\u00e4rjestyksess\u00e4 pit\u00e4miseen.<\/p>\n<\/p>\n<ul>\n<li>T\u00e4ysi m\u00e4nty: T\u00e4ysi m\u00e4ntypuu on kaunis luonnollinen materiaali. M\u00e4nnyll\u00e4 on suorat puunsyyt ja sen oksanpaikat antavat materiaalille sen ominaisen rustiikkisen ilmeen.<\/li>\n<li>UV-lakka: UV-lakka on erityinen lakkatyyppi, joka viimeistell\u00e4\u00e4n ultraviolettikuivauskoneella. Se luo eloisamman, ylellisemm\u00e4n ja tuntuvamman viimeistelyn verrattuna perinteisiin lakkoihin.<\/li>\n<li>Runsaasti s\u00e4ilytystilaa: T\u00e4m\u00e4 vaatekaappi sis\u00e4lt\u00e4\u00e4 kaksi vetolaatikkoa ja nelj\u00e4 lokeroa ovilla. Se tarjoaa reilun s\u00e4ilytystilan vaatteillesi ja asusteillesi, kuten hatuille, k\u00e4silaukuille, jne.<\/li>\n<li>Rottinkityylinen pinta: S\u00e4ilytyskaapin etuosa on valmistettu k\u00e4sity\u00f6n\u00e4 polyrottingista. Se on kaksis\u00e4vyinen sekoitus vuosisadan puoliv\u00e4lin modernia ja boho tyyli\u00e4, joka lis\u00e4\u00e4 kodikkaan mutta tyylikk\u00e4\u00e4n kosketuksen tilaasi.<\/li>\n<\/ul>\n<p>Varoitus:<\/p>\n<ul>\n<li>Kaatumisen est\u00e4miseksi on t\u00e4t\u00e4 tuotetta k\u00e4ytett\u00e4v\u00e4 mukana toimitettavan sein\u00e4kiinnityslaitteen kanssa.<\/li>\n<\/ul>\n<ul>\n<li>V\u00e4ri: Valkoinen<\/li>\n<li>Materiaali: T\u00e4ysi m\u00e4nty UV-lakkaviimeistelyll\u00e4, tekninen puu, polyrottinki<\/li>\n<li>Mitat: 90 x 55 x 175 cm (L x S x K)<\/li>\n<li>Laatikon mitat (kukin): 85 x 35 x 21,5 cm (L x S x K)<\/li>\n<li>Oven koko (kukin): 42 x 109,5 cm (L x K)<\/li>\n<li>Puukahvoilla<\/li>\n<li>Valikoima: SENJA<\/li>\n<li>Asennus vaaditaan: Kyll\u00e4<\/li>\n<li>Legal Documents:\n<p><span>Lis\u00e4tietoja huonekalujesi kaatumisen est\u00e4misest\u00e4 voit l\u00f6yt\u00e4\u00e4 <span style=\"text-decoration: underline\"><strong><a title=\"https:\/\/bit.ly\/3bVwkQp\" href=\"https:\/\/bit.ly\/3bVwkQp\" target=\"_blank\">t\u00e4\u00e4lt\u00e4<\/a><\/strong><\/span><\/span><\/p>\n<\/li>\n<\/ul>\n","protected":false},"excerpt":{"rendered":"<ul>\n<li>V\u00e4ri: Valkoinen<\/li>\n<li>Materiaali: T\u00e4ysi m\u00e4nty UV-lakkaviimeistelyll\u00e4, tekninen puu, polyrottinki<\/li>\n<li>Mitat: 90 x 55 x 175 cm (L x S x K)<\/li>\n<li>Laatikon mitat (kukin): 85 x 35 x 21,5 cm (L x S x K)<\/li>\n<li>Oven koko (kukin): 42 x 109,5 cm (L x K)<\/li>\n<li>Puukahvoilla<\/li>\n<li>Valikoima: SENJA<\/li>\n<li>Asennus vaaditaan: Kyll\u00e4<\/li>\n<li>Legal Documents:\n<p><span>Lis\u00e4tietoja huonekalujesi kaatumisen est\u00e4misest\u00e4 voit l\u00f6yt\u00e4\u00e4 <span style=\"text-decoration: underline\"><strong><a title=\"https:\/\/bit.ly\/3bVwkQp\" href=\"https:\/\/bit.ly\/3bVwkQp\" target=\"_blank\">t\u00e4\u00e4lt\u00e4<\/a><\/strong><\/span><\/span><\/p>\n<\/li>\n<\/ul>\n","protected":false},"featured_media":10000094959,"comment_status":"closed","ping_status":"closed","template":"","meta":[],"product_brand":[],"product_cat":[84,8539],"product_tag":[],"class_list":{"0":"post-94959","1":"product","2":"type-product","3":"status-publish","4":"has-post-thumbnail","6":"product_cat-huonekalut","7":"product_cat-kaapit-vaatekaapit","9":"first","10":"instock","11":"taxable","12":"shipping-taxable","13":"purchasable","14":"product-type-simple"},"_links":{"self":[{"href":"https:\/\/www.otiumhome.fi\/index.php\/wp-json\/wp\/v2\/product\/94959","targetHints":{"allow":["GET"]}}],"collection":[{"href":"https:\/\/www.otiumhome.fi\/index.php\/wp-json\/wp\/v2\/product"}],"about":[{"href":"https:\/\/www.otiumhome.fi\/index.php\/wp-json\/wp\/v2\/types\/product"}],"replies":[{"embeddable":true,"href":"https:\/\/www.otiumhome.fi\/index.php\/wp-json\/wp\/v2\/comments?post=94959"}],"wp:featuredmedia":[{"embeddable":true,"href":"https:\/\/www.otiumhome.fi\/index.php\/wp-json\/"}],"wp:attachment":[{"href":"https:\/\/www.otiumhome.fi\/index.php\/wp-json\/wp\/v2\/media?parent=94959"}],"wp:term":[{"taxonomy":"product_brand","embeddable":true,"href":"https:\/\/www.otiumhome.fi\/index.php\/wp-json\/wp\/v2\/product_brand?post=94959"},{"taxonomy":"product_cat","embeddable":true,"href":"https:\/\/www.otiumhome.fi\/index.php\/wp-json\/wp\/v2\/product_cat?post=94959"},{"taxonomy":"product_tag","embeddable":true,"href":"https:\/\/www.otiumhome.fi\/index.php\/wp-json\/wp\/v2\/product_tag?post=94959"}],"curies":[{"name":"wp","href":"https:\/\/api.w.org\/{rel}","templated":true}]}}