{"id":94955,"date":"2024-12-15T08:41:44","date_gmt":"2024-12-15T08:41:44","guid":{"rendered":"https:\/\/www.otiumhome.fi\/?p=94955"},"modified":"2025-06-06T15:36:01","modified_gmt":"2025-06-06T15:36:01","slug":"vaatekaappi-bodo-valkoinen-146x535x173-cm-taysi-manty","status":"publish","type":"product","link":"https:\/\/www.otiumhome.fi\/index.php\/tuote\/vaatekaappi-bodo-valkoinen-146x535x173-cm-taysi-manty\/","title":{"rendered":"Vaatekaappi BODO valkoinen 146&#215;53,5&#215;173 cm t\u00e4ysi m\u00e4nty"},"content":{"rendered":"<p>T\u00e4m\u00e4 klassinen ranskalaistyylinen vaatekaappi tarjoaa runsaasti tilaa vaatteidesi, kenkiesi ja asusteidesi siistiss\u00e4 j\u00e4rjestyksess\u00e4 pit\u00e4miseen.<\/p>\n<\/p>\n<ul>\n<li>T\u00e4ysi m\u00e4nty: T\u00e4ysi m\u00e4ntypuu on kaunis luonnollinen materiaali. M\u00e4nnyll\u00e4 on suorat puunsyyt ja sen oksanpaikat antavat materiaalille sen ominaisen rustiikkisen ilmeen.<\/li>\n<li>Reilu s\u00e4ilytystila: Kaapissa on ripustuskisko vaatteiden s\u00e4ilytt\u00e4mist\u00e4 varten, jolloin voit ripustaa vaatteesi siististi ja est\u00e4\u00e4 niiden rypistymisen. Vaatekaapissa on my\u00f6s yl\u00e4hylly lis\u00e4tilan tarjoamiseksi, t\u00e4m\u00e4 antaa sinulle lis\u00e4\u00e4 tilaa tavaroiden, kuten laukkujen ja viikattujen vaatteiden s\u00e4ilytykseen.<\/li>\n<li>K\u00e4yt\u00e4nn\u00f6lliset ovet metallikahvoilla: Pid\u00e4 t\u00e4rke\u00e4t tavarasi p\u00f6lytt\u00f6min\u00e4 piilottamalla ne t\u00e4m\u00e4n s\u00e4ilytyskaapin ovien taakse. Lis\u00e4ksi metallikahvat helpottavat ovien avaamista ja sulkemista.<\/li>\n<li>Vieh\u00e4tt\u00e4v\u00e4 ranskalainen tyyli: Lis\u00e4\u00e4 sisustukseesi inspiroivaa ranskalaista tyyli\u00e4!<\/li>\n<\/ul>\n<p>Varoitus:<\/p>\n<ul>\n<li>Kaatumisen est\u00e4miseksi on t\u00e4t\u00e4 tuotetta k\u00e4ytett\u00e4v\u00e4 mukana toimitettavan sein\u00e4kiinnityslaitteen kanssa.<\/li>\n<\/ul>\n<ul>\n<li>V\u00e4ri: Valkoinen<\/li>\n<li>Materiaali: T\u00e4ysi m\u00e4nty, tekninen puu, metalli<\/li>\n<li>Mitat: 146 x 53,5 x 173 cm (L x S x K)<\/li>\n<li>Sis\u00e4lt\u00e4\u00e4 kolme ovea metallikahvoilla<\/li>\n<li>Malliston nimi: BODO<\/li>\n<li>Asennus vaaditaan: kyll\u00e4<\/li>\n<li>Legal Documents:\n<p><span>Lis\u00e4tietoja huonekalujesi kaatumisen est\u00e4misest\u00e4 voit l\u00f6yt\u00e4\u00e4 <span style=\"text-decoration: underline\"><strong><a title=\"https:\/\/bit.ly\/3bVwkQp\" href=\"https:\/\/bit.ly\/3bVwkQp\" target=\"_blank\">t\u00e4\u00e4lt\u00e4<\/a><\/strong><\/span><\/span><\/p>\n<\/li>\n<\/ul>\n","protected":false},"excerpt":{"rendered":"<ul>\n<li>V\u00e4ri: Valkoinen<\/li>\n<li>Materiaali: T\u00e4ysi m\u00e4nty, tekninen puu, metalli<\/li>\n<li>Mitat: 146 x 53,5 x 173 cm (L x S x K)<\/li>\n<li>Sis\u00e4lt\u00e4\u00e4 kolme ovea metallikahvoilla<\/li>\n<li>Malliston nimi: BODO<\/li>\n<li>Asennus vaaditaan: kyll\u00e4<\/li>\n<li>Legal Documents:\n<p><span>Lis\u00e4tietoja huonekalujesi kaatumisen est\u00e4misest\u00e4 voit l\u00f6yt\u00e4\u00e4 <span style=\"text-decoration: underline\"><strong><a title=\"https:\/\/bit.ly\/3bVwkQp\" href=\"https:\/\/bit.ly\/3bVwkQp\" target=\"_blank\">t\u00e4\u00e4lt\u00e4<\/a><\/strong><\/span><\/span><\/p>\n<\/li>\n<\/ul>\n","protected":false},"featured_media":10000094955,"comment_status":"closed","ping_status":"closed","template":"","meta":[],"product_brand":[],"product_cat":[84,8539],"product_tag":[],"class_list":{"0":"post-94955","1":"product","2":"type-product","3":"status-publish","4":"has-post-thumbnail","6":"product_cat-huonekalut","7":"product_cat-kaapit-vaatekaapit","9":"first","10":"instock","11":"taxable","12":"shipping-taxable","13":"purchasable","14":"product-type-simple"},"_links":{"self":[{"href":"https:\/\/www.otiumhome.fi\/index.php\/wp-json\/wp\/v2\/product\/94955","targetHints":{"allow":["GET"]}}],"collection":[{"href":"https:\/\/www.otiumhome.fi\/index.php\/wp-json\/wp\/v2\/product"}],"about":[{"href":"https:\/\/www.otiumhome.fi\/index.php\/wp-json\/wp\/v2\/types\/product"}],"replies":[{"embeddable":true,"href":"https:\/\/www.otiumhome.fi\/index.php\/wp-json\/wp\/v2\/comments?post=94955"}],"wp:featuredmedia":[{"embeddable":true,"href":"https:\/\/www.otiumhome.fi\/index.php\/wp-json\/"}],"wp:attachment":[{"href":"https:\/\/www.otiumhome.fi\/index.php\/wp-json\/wp\/v2\/media?parent=94955"}],"wp:term":[{"taxonomy":"product_brand","embeddable":true,"href":"https:\/\/www.otiumhome.fi\/index.php\/wp-json\/wp\/v2\/product_brand?post=94955"},{"taxonomy":"product_cat","embeddable":true,"href":"https:\/\/www.otiumhome.fi\/index.php\/wp-json\/wp\/v2\/product_cat?post=94955"},{"taxonomy":"product_tag","embeddable":true,"href":"https:\/\/www.otiumhome.fi\/index.php\/wp-json\/wp\/v2\/product_tag?post=94955"}],"curies":[{"name":"wp","href":"https:\/\/api.w.org\/{rel}","templated":true}]}}