{"id":94936,"date":"2024-12-15T08:41:43","date_gmt":"2024-12-15T08:41:43","guid":{"rendered":"https:\/\/www.otiumhome.fi\/?p=94936"},"modified":"2025-06-06T15:36:00","modified_gmt":"2025-06-06T15:36:00","slug":"vaatekaappi-antrasiitti-90x50x180-cm-metalli","status":"publish","type":"product","link":"https:\/\/www.otiumhome.fi\/index.php\/tuote\/vaatekaappi-antrasiitti-90x50x180-cm-metalli\/","title":{"rendered":"Vaatekaappi antrasiitti 90x50x180 cm metalli"},"content":{"rendered":"<p>Metallista valmistetussa vaatekaapissa vaatteet ja p\u00e4ivitt\u00e4iset asusteet pysyv\u00e4t k\u00e4den ulottuvilla. Se tarjoaa t\u00e4ydellisen s\u00e4ilytysratkaisun ja tuo tyylikkyytt\u00e4 kotiin.<\/p>\n<\/p>\n<p>Vaatekaappi on valmistettu metallista, joten se on kest\u00e4v\u00e4 ja helppo puhdistaa. Se pit\u00e4\u00e4 sis\u00e4ll\u00e4\u00e4n kaksi hylly\u00e4 ja kaksi lukkoa. T\u00e4ss\u00e4 vaatekaapissa on suuret osastot, jotka tarjoavat runsaasti tilaa sek\u00e4 pitkille vaatteille ett\u00e4 viikatuille vaatteille ja asusteille, kuten paidoille, farkuille, hatuille, k\u00e4silaukuille, jne. Nimilappupidikkeiden nsiosta t\u00e4m\u00e4 kaappi mahdollistaa tavaroidesi siistin j\u00e4rjest\u00e4misen. Se on my\u00f6s helppo puhdistaa kostealla liinalla.<\/p>\n<ul>\n<li>V\u00e4ri: antrasiitti<\/li>\n<li>Materiaali: metalli<\/li>\n<li>Mitat: 90 x 50 x 180 cm (L x S x K)<\/li>\n<li>Sis\u00e4lt\u00e4\u00e4 2 hylly\u00e4 (ei s\u00e4\u00e4dett\u00e4v\u00e4t) ja 1 vaateripustimen<\/li>\n<li>3 vetolaatikkoa ja 3-osaiset kuulalaakerikiskot<\/li>\n<li>Metallinen kahva<\/li>\n<li>Kantavuus per hylly: 15 kg<\/li>\n<li>Kantavuus laatikkoa kohden: 20 kg<\/li>\n<li>Kokonaiskantavuus: 85 kg<\/li>\n<li>Asennus vaaditaan: kyll\u00e4<\/li>\n<li><strong>VAROITUS:<\/strong>Kaatumisen est\u00e4miseksi on t\u00e4t\u00e4 tuotetta k\u00e4ytett\u00e4v\u00e4 mukana toimitetun sein\u00e4kiinnityslaitteen kanssa.<\/li>\n<li>Legal Documents:\n<p><span>Lis\u00e4tietoja huonekalujesi kaatumisen est\u00e4misest\u00e4 voit l\u00f6yt\u00e4\u00e4 <span style=\"text-decoration: underline\"><strong><a title=\"https:\/\/bit.ly\/3bVwkQp\" href=\"https:\/\/bit.ly\/3bVwkQp\" target=\"_blank\">t\u00e4\u00e4lt\u00e4<\/a><\/strong><\/span><\/span><\/p>\n<\/li>\n<\/ul>\n","protected":false},"excerpt":{"rendered":"<ul>\n<li>V\u00e4ri: antrasiitti<\/li>\n<li>Materiaali: metalli<\/li>\n<li>Mitat: 90 x 50 x 180 cm (L x S x K)<\/li>\n<li>Sis\u00e4lt\u00e4\u00e4 2 hylly\u00e4 (ei s\u00e4\u00e4dett\u00e4v\u00e4t) ja 1 vaateripustimen<\/li>\n<li>3 vetolaatikkoa ja 3-osaiset kuulalaakerikiskot<\/li>\n<li>Metallinen kahva<\/li>\n<li>Kantavuus per hylly: 15 kg<\/li>\n<li>Kantavuus laatikkoa kohden: 20 kg<\/li>\n<li>Kokonaiskantavuus: 85 kg<\/li>\n<li>Asennus vaaditaan: kyll\u00e4<\/li>\n<li><strong>VAROITUS:<\/strong>Kaatumisen est\u00e4miseksi on t\u00e4t\u00e4 tuotetta k\u00e4ytett\u00e4v\u00e4 mukana toimitetun sein\u00e4kiinnityslaitteen kanssa.<\/li>\n<li>Legal Documents:\n<p><span>Lis\u00e4tietoja huonekalujesi kaatumisen est\u00e4misest\u00e4 voit l\u00f6yt\u00e4\u00e4 <span style=\"text-decoration: underline\"><strong><a title=\"https:\/\/bit.ly\/3bVwkQp\" href=\"https:\/\/bit.ly\/3bVwkQp\" target=\"_blank\">t\u00e4\u00e4lt\u00e4<\/a><\/strong><\/span><\/span><\/p>\n<\/li>\n<\/ul>\n","protected":false},"featured_media":10000094936,"comment_status":"closed","ping_status":"closed","template":"","meta":[],"product_brand":[],"product_cat":[84,8539],"product_tag":[],"class_list":{"0":"post-94936","1":"product","2":"type-product","3":"status-publish","4":"has-post-thumbnail","6":"product_cat-huonekalut","7":"product_cat-kaapit-vaatekaapit","9":"first","10":"instock","11":"taxable","12":"shipping-taxable","13":"purchasable","14":"product-type-simple"},"_links":{"self":[{"href":"https:\/\/www.otiumhome.fi\/index.php\/wp-json\/wp\/v2\/product\/94936","targetHints":{"allow":["GET"]}}],"collection":[{"href":"https:\/\/www.otiumhome.fi\/index.php\/wp-json\/wp\/v2\/product"}],"about":[{"href":"https:\/\/www.otiumhome.fi\/index.php\/wp-json\/wp\/v2\/types\/product"}],"replies":[{"embeddable":true,"href":"https:\/\/www.otiumhome.fi\/index.php\/wp-json\/wp\/v2\/comments?post=94936"}],"wp:featuredmedia":[{"embeddable":true,"href":"https:\/\/www.otiumhome.fi\/index.php\/wp-json\/"}],"wp:attachment":[{"href":"https:\/\/www.otiumhome.fi\/index.php\/wp-json\/wp\/v2\/media?parent=94936"}],"wp:term":[{"taxonomy":"product_brand","embeddable":true,"href":"https:\/\/www.otiumhome.fi\/index.php\/wp-json\/wp\/v2\/product_brand?post=94936"},{"taxonomy":"product_cat","embeddable":true,"href":"https:\/\/www.otiumhome.fi\/index.php\/wp-json\/wp\/v2\/product_cat?post=94936"},{"taxonomy":"product_tag","embeddable":true,"href":"https:\/\/www.otiumhome.fi\/index.php\/wp-json\/wp\/v2\/product_tag?post=94936"}],"curies":[{"name":"wp","href":"https:\/\/api.w.org\/{rel}","templated":true}]}}