{"id":94934,"date":"2024-12-15T08:41:43","date_gmt":"2024-12-15T08:41:43","guid":{"rendered":"https:\/\/www.otiumhome.fi\/?p=94934"},"modified":"2025-06-06T15:36:00","modified_gmt":"2025-06-06T15:36:00","slug":"teollistyylinen-vaatekaappi-antrasiitti-67x35x107-cm-teras","status":"publish","type":"product","link":"https:\/\/www.otiumhome.fi\/index.php\/tuote\/teollistyylinen-vaatekaappi-antrasiitti-67x35x107-cm-teras\/","title":{"rendered":"Teollistyylinen vaatekaappi antrasiitti 67x35x107 cm ter\u00e4s"},"content":{"rendered":"<p>K\u00e4yt\u00e4nn\u00f6llinen vaatekaappi tarjoaa sek\u00e4 t\u00e4ydellisen s\u00e4ilytysratkaisun ett\u00e4 ainutlaatuisen koristeellisen lis\u00e4n kotiisi tyylikk\u00e4\u00e4ll\u00e4 teollisella tyylill\u00e4\u00e4n. <\/p>\n<\/p>\n<p>Kest\u00e4v\u00e4 ja helposti puhdistettava s\u00e4ilytyskaappi on valmistettu ter\u00e4ksest\u00e4. T\u00e4ss\u00e4 kaapissa on kaksi s\u00e4\u00e4dett\u00e4v\u00e4\u00e4 hylly\u00e4, jotka mahdollistavat vaatteiden j\u00e4rjest\u00e4misen siististi eri kategorioihin, sek\u00e4 kaksi vetolaatikkoa sukkien ja alusvaatteiden, ynn\u00e4 muiden j\u00e4rjest\u00e4miseen ja s\u00e4ilytt\u00e4miseen. Vetolaatikot 2-osaisilla kuulalaakerikiskoilla takaavat sujuvan avaamisen ja sulkemisen, jopa lis\u00e4tyll\u00e4 kuormalla (laatikot voidaan vet\u00e4\u00e4 kokonaan ulos). Kussakin ovessa on nimikortin pidike ja ilmanvaihtoaukot, jotka lis\u00e4\u00e4v\u00e4t sen teollista ilmett\u00e4.<\/p>\n<ul>\n<li>V\u00e4ri: antrasiitti<\/li>\n<li>Materiaali: ter\u00e4s<\/li>\n<li>Kokonaismitat: 67 x 35 x 107 cm (L x S x K)<\/li>\n<li>Laatikon sis\u00e4mitat: 35 x 30 x 20 cm (L x S x K)<\/li>\n<li>Kaksi ovea ja kaksi s\u00e4\u00e4dett\u00e4v\u00e4\u00e4 hylly\u00e4<\/li>\n<li>Kaksi vetolaatikkoa 2-osaisilla kuulalaakerikiskoilla (laatikot voidaan vet\u00e4\u00e4 kokonaan auki)<\/li>\n<li>Sis\u00e4lt\u00e4\u00e4 ilmanvaihtoaukot ja nimilappupidikkeet<\/li>\n<li>Sis\u00e4lt\u00e4\u00e4 metallikahvat<\/li>\n<li>Kantavuus per hylly: 10 kg<\/li>\n<li>Kantavuus laatikkoa kohden: 8 kg<\/li>\n<li>Kokonaiskantavuus: 36 kg<\/li>\n<li>Asennus vaaditaan: kyll\u00e4<\/li>\n<li><strong>VAROITUS:<\/strong>Kaatumisen est\u00e4miseksi on t\u00e4t\u00e4 tuotetta k\u00e4ytett\u00e4v\u00e4 mukana toimitetun sein\u00e4kiinnityslaitteen kanssa.<\/li>\n<li>Legal Documents:\n<p><span>Lis\u00e4tietoja huonekalujesi kaatumisen est\u00e4misest\u00e4 voit l\u00f6yt\u00e4\u00e4 <span style=\"text-decoration: underline\"><strong><a title=\"https:\/\/bit.ly\/3bVwkQp\" href=\"https:\/\/bit.ly\/3bVwkQp\" target=\"_blank\">t\u00e4\u00e4lt\u00e4<\/a><\/strong><\/span><\/span><\/p>\n<\/li>\n<\/ul>\n","protected":false},"excerpt":{"rendered":"<ul>\n<li>V\u00e4ri: antrasiitti<\/li>\n<li>Materiaali: ter\u00e4s<\/li>\n<li>Kokonaismitat: 67 x 35 x 107 cm (L x S x K)<\/li>\n<li>Laatikon sis\u00e4mitat: 35 x 30 x 20 cm (L x S x K)<\/li>\n<li>Kaksi ovea ja kaksi s\u00e4\u00e4dett\u00e4v\u00e4\u00e4 hylly\u00e4<\/li>\n<li>Kaksi vetolaatikkoa 2-osaisilla kuulalaakerikiskoilla (laatikot voidaan vet\u00e4\u00e4 kokonaan auki)<\/li>\n<li>Sis\u00e4lt\u00e4\u00e4 ilmanvaihtoaukot ja nimilappupidikkeet<\/li>\n<li>Sis\u00e4lt\u00e4\u00e4 metallikahvat<\/li>\n<li>Kantavuus per hylly: 10 kg<\/li>\n<li>Kantavuus laatikkoa kohden: 8 kg<\/li>\n<li>Kokonaiskantavuus: 36 kg<\/li>\n<li>Asennus vaaditaan: kyll\u00e4<\/li>\n<li><strong>VAROITUS:<\/strong>Kaatumisen est\u00e4miseksi on t\u00e4t\u00e4 tuotetta k\u00e4ytett\u00e4v\u00e4 mukana toimitetun sein\u00e4kiinnityslaitteen kanssa.<\/li>\n<li>Legal Documents:\n<p><span>Lis\u00e4tietoja huonekalujesi kaatumisen est\u00e4misest\u00e4 voit l\u00f6yt\u00e4\u00e4 <span style=\"text-decoration: underline\"><strong><a title=\"https:\/\/bit.ly\/3bVwkQp\" href=\"https:\/\/bit.ly\/3bVwkQp\" target=\"_blank\">t\u00e4\u00e4lt\u00e4<\/a><\/strong><\/span><\/span><\/p>\n<\/li>\n<\/ul>\n","protected":false},"featured_media":10000094934,"comment_status":"closed","ping_status":"closed","template":"","meta":[],"product_brand":[],"product_cat":[84,8539],"product_tag":[],"class_list":{"0":"post-94934","1":"product","2":"type-product","3":"status-publish","4":"has-post-thumbnail","6":"product_cat-huonekalut","7":"product_cat-kaapit-vaatekaapit","9":"first","10":"instock","11":"taxable","12":"shipping-taxable","13":"purchasable","14":"product-type-simple"},"_links":{"self":[{"href":"https:\/\/www.otiumhome.fi\/index.php\/wp-json\/wp\/v2\/product\/94934","targetHints":{"allow":["GET"]}}],"collection":[{"href":"https:\/\/www.otiumhome.fi\/index.php\/wp-json\/wp\/v2\/product"}],"about":[{"href":"https:\/\/www.otiumhome.fi\/index.php\/wp-json\/wp\/v2\/types\/product"}],"replies":[{"embeddable":true,"href":"https:\/\/www.otiumhome.fi\/index.php\/wp-json\/wp\/v2\/comments?post=94934"}],"wp:featuredmedia":[{"embeddable":true,"href":"https:\/\/www.otiumhome.fi\/index.php\/wp-json\/"}],"wp:attachment":[{"href":"https:\/\/www.otiumhome.fi\/index.php\/wp-json\/wp\/v2\/media?parent=94934"}],"wp:term":[{"taxonomy":"product_brand","embeddable":true,"href":"https:\/\/www.otiumhome.fi\/index.php\/wp-json\/wp\/v2\/product_brand?post=94934"},{"taxonomy":"product_cat","embeddable":true,"href":"https:\/\/www.otiumhome.fi\/index.php\/wp-json\/wp\/v2\/product_cat?post=94934"},{"taxonomy":"product_tag","embeddable":true,"href":"https:\/\/www.otiumhome.fi\/index.php\/wp-json\/wp\/v2\/product_tag?post=94934"}],"curies":[{"name":"wp","href":"https:\/\/api.w.org\/{rel}","templated":true}]}}