{"id":94925,"date":"2024-12-15T08:41:42","date_gmt":"2024-12-15T08:41:42","guid":{"rendered":"https:\/\/www.otiumhome.fi\/?p=94925"},"modified":"2025-06-06T15:35:59","modified_gmt":"2025-06-06T15:35:59","slug":"vaatekaappi-laivastonsininen-90x50x180-cm-teras","status":"publish","type":"product","link":"https:\/\/www.otiumhome.fi\/index.php\/tuote\/vaatekaappi-laivastonsininen-90x50x180-cm-teras\/","title":{"rendered":"Vaatekaappi laivastonsininen 90x50x180 cm ter\u00e4s"},"content":{"rendered":"<p>Pid\u00e4 kotisi siistin\u00e4 ja hyv\u00e4ss\u00e4 j\u00e4rjestyksess\u00e4 t\u00e4m\u00e4n vaatekaapin avulla. Se tarjoaa t\u00e4ydellisen s\u00e4ilytysratkaisun ja lis\u00e4\u00e4 tyyli\u00e4 kotiisi.<\/p>\n<\/p>\n<p>Ter\u00e4ksest\u00e4, valmistettu vaatekaappi on kest\u00e4v\u00e4 ja helppo puhdistaa. T\u00e4ss\u00e4 vaatekaapissa on nelj\u00e4 s\u00e4\u00e4dett\u00e4v\u00e4\u00e4 hylly\u00e4 ja suuri osasto ripustustangolla, jotka tarjoavat runsaasti tilaa sek\u00e4 pitkille vaatteille ett\u00e4 viikatuille vaatteille ja asusteille, kuten paidoille, farkuille, hatuille, k\u00e4silaukuille, jne.<\/p>\n<ul>\n<li>V\u00e4ri: laivastonsininen<\/li>\n<li>Materiaali: ter\u00e4s<\/li>\n<li>Mitat: 90 x 50 x 180 cm (L x S x K)<\/li>\n<li>4 s\u00e4\u00e4dett\u00e4v\u00e4\u00e4 hylly\u00e4<\/li>\n<li>Tasaajat pohjassa<\/li>\n<li>Ilmaventtiilit ovissa<\/li>\n<li>Kantavuus per hylly: 50 kg<\/li>\n<li>Kokonaiskantavuus: 100 kg<\/li>\n<li>Asennus vaaditaan: kyll\u00e4<\/li>\n<li><strong>VAROITUS:<\/strong> kaatumisen est\u00e4miseksi on t\u00e4t\u00e4 tuotetta k\u00e4ytett\u00e4v\u00e4 mukana toimitetun sein\u00e4kiinnityslaitteen kanssa.<\/li>\n<li>Legal Documents:\n<p><span>Lis\u00e4tietoja huonekalujesi kaatumisen est\u00e4misest\u00e4 voit l\u00f6yt\u00e4\u00e4 <span style=\"text-decoration: underline\"><strong><a title=\"https:\/\/bit.ly\/3bVwkQp\" href=\"https:\/\/bit.ly\/3bVwkQp\" target=\"_blank\">t\u00e4\u00e4lt\u00e4<\/a><\/strong><\/span><\/span><\/p>\n<\/li>\n<\/ul>\n","protected":false},"excerpt":{"rendered":"<ul>\n<li>V\u00e4ri: laivastonsininen<\/li>\n<li>Materiaali: ter\u00e4s<\/li>\n<li>Mitat: 90 x 50 x 180 cm (L x S x K)<\/li>\n<li>4 s\u00e4\u00e4dett\u00e4v\u00e4\u00e4 hylly\u00e4<\/li>\n<li>Tasaajat pohjassa<\/li>\n<li>Ilmaventtiilit ovissa<\/li>\n<li>Kantavuus per hylly: 50 kg<\/li>\n<li>Kokonaiskantavuus: 100 kg<\/li>\n<li>Asennus vaaditaan: kyll\u00e4<\/li>\n<li><strong>VAROITUS:<\/strong> kaatumisen est\u00e4miseksi on t\u00e4t\u00e4 tuotetta k\u00e4ytett\u00e4v\u00e4 mukana toimitetun sein\u00e4kiinnityslaitteen kanssa.<\/li>\n<li>Legal Documents:\n<p><span>Lis\u00e4tietoja huonekalujesi kaatumisen est\u00e4misest\u00e4 voit l\u00f6yt\u00e4\u00e4 <span style=\"text-decoration: underline\"><strong><a title=\"https:\/\/bit.ly\/3bVwkQp\" href=\"https:\/\/bit.ly\/3bVwkQp\" target=\"_blank\">t\u00e4\u00e4lt\u00e4<\/a><\/strong><\/span><\/span><\/p>\n<\/li>\n<\/ul>\n","protected":false},"featured_media":10000094925,"comment_status":"closed","ping_status":"closed","template":"","meta":[],"product_brand":[],"product_cat":[84,8539],"product_tag":[],"class_list":{"0":"post-94925","1":"product","2":"type-product","3":"status-publish","4":"has-post-thumbnail","6":"product_cat-huonekalut","7":"product_cat-kaapit-vaatekaapit","9":"first","10":"instock","11":"taxable","12":"shipping-taxable","13":"purchasable","14":"product-type-simple"},"_links":{"self":[{"href":"https:\/\/www.otiumhome.fi\/index.php\/wp-json\/wp\/v2\/product\/94925","targetHints":{"allow":["GET"]}}],"collection":[{"href":"https:\/\/www.otiumhome.fi\/index.php\/wp-json\/wp\/v2\/product"}],"about":[{"href":"https:\/\/www.otiumhome.fi\/index.php\/wp-json\/wp\/v2\/types\/product"}],"replies":[{"embeddable":true,"href":"https:\/\/www.otiumhome.fi\/index.php\/wp-json\/wp\/v2\/comments?post=94925"}],"wp:featuredmedia":[{"embeddable":true,"href":"https:\/\/www.otiumhome.fi\/index.php\/wp-json\/"}],"wp:attachment":[{"href":"https:\/\/www.otiumhome.fi\/index.php\/wp-json\/wp\/v2\/media?parent=94925"}],"wp:term":[{"taxonomy":"product_brand","embeddable":true,"href":"https:\/\/www.otiumhome.fi\/index.php\/wp-json\/wp\/v2\/product_brand?post=94925"},{"taxonomy":"product_cat","embeddable":true,"href":"https:\/\/www.otiumhome.fi\/index.php\/wp-json\/wp\/v2\/product_cat?post=94925"},{"taxonomy":"product_tag","embeddable":true,"href":"https:\/\/www.otiumhome.fi\/index.php\/wp-json\/wp\/v2\/product_tag?post=94925"}],"curies":[{"name":"wp","href":"https:\/\/api.w.org\/{rel}","templated":true}]}}