{"id":94532,"date":"2024-12-15T08:40:38","date_gmt":"2024-12-15T08:40:38","guid":{"rendered":"https:\/\/www.otiumhome.fi\/?p=94532"},"modified":"2025-12-14T04:43:53","modified_gmt":"2025-12-14T04:43:53","slug":"penkki-115-cm-kierratetty-tayspuu","status":"publish","type":"product","link":"https:\/\/www.otiumhome.fi\/index.php\/tuote\/penkki-115-cm-kierratetty-tayspuu\/","title":{"rendered":"Penkki 115 cm kierr\u00e4tetty t\u00e4yspuu"},"content":{"rendered":"<p>T\u00e4m\u00e4 vintagetyylinen puinen penkki lis\u00e4\u00e4 antiikkista tunnelmaa ja se on ajaton lis\u00e4 kotiisi.<\/p>\n<\/p>\n<p>P\u00e4\u00e4typ\u00f6yt\u00e4 on k\u00e4sintehty kierr\u00e4tetyst\u00e4 t\u00e4yspuusta. Se sis\u00e4lt\u00e4\u00e4 sekoituksen eri puulajeja, kuten tiikki\u00e4, mangopuuta, m\u00e4nty\u00e4, py\u00f6kki\u00e4, jne. N\u00e4m\u00e4 puut on ker\u00e4tty vanhoista rakennuksista, tehtaista, vajoista ja veneist\u00e4. T\u00e4m\u00e4 tapa on erinomainen ymp\u00e4rist\u00f6yst\u00e4v\u00e4llinen vaihtoehto huonekalujen valmistamiseen. Jokainen kappale on k\u00e4sintehty ja v\u00e4rit vaihtelevat sinisen, vihre\u00e4n, punaisen ja keltaisen v\u00e4lill\u00e4.<\/p>\n<\/p>\n<p>T\u00e4rke\u00e4 huomio: V\u00e4rit ja pintakuviot saattavat vaihdella kappaleesta toiseen, mik\u00e4 tekee jokaisesta huonekalusta ainutlaatuisen ja hieman erilaisen muista. Toimitus on my\u00f6s satunnainen.<\/p>\n<ul>\n<li>V\u00e4ri: moniv\u00e4rinen<\/li>\n<li>Materiaali: kierr\u00e4tetty t\u00e4yspuu venepuun n\u00e4k\u00f6iseksi viimeisteltyn\u00e4<\/li>\n<li>Mitat: 115 x 51 x 80 cm (L x S x K)<\/li>\n<li>Istuimen korkeus maasta: 45 cm<\/li>\n<li>K\u00e4sinojan korkeus maasta: 60 cm<\/li>\n<li>Asennus vaaditaan: kyll\u00e4<\/li>\n<\/ul>\n","protected":false},"excerpt":{"rendered":"<ul>\n<li>V\u00e4ri: moniv\u00e4rinen<\/li>\n<li>Materiaali: kierr\u00e4tetty t\u00e4yspuu venepuun n\u00e4k\u00f6iseksi viimeisteltyn\u00e4<\/li>\n<li>Mitat: 115 x 51 x 80 cm (L x S x K)<\/li>\n<li>Istuimen korkeus maasta: 45 cm<\/li>\n<li>K\u00e4sinojan korkeus maasta: 60 cm<\/li>\n<li>Asennus vaaditaan: kyll\u00e4<\/li>\n<\/ul>\n","protected":false},"featured_media":10000094532,"comment_status":"closed","ping_status":"closed","template":"","meta":[],"product_brand":[],"product_cat":[8538,84],"product_tag":[],"class_list":{"0":"post-94532","1":"product","2":"type-product","3":"status-publish","4":"has-post-thumbnail","6":"product_cat-eteis-sailytyspenkit","7":"product_cat-huonekalut","9":"first","10":"instock","11":"taxable","12":"shipping-taxable","13":"purchasable","14":"product-type-simple"},"_links":{"self":[{"href":"https:\/\/www.otiumhome.fi\/index.php\/wp-json\/wp\/v2\/product\/94532","targetHints":{"allow":["GET"]}}],"collection":[{"href":"https:\/\/www.otiumhome.fi\/index.php\/wp-json\/wp\/v2\/product"}],"about":[{"href":"https:\/\/www.otiumhome.fi\/index.php\/wp-json\/wp\/v2\/types\/product"}],"replies":[{"embeddable":true,"href":"https:\/\/www.otiumhome.fi\/index.php\/wp-json\/wp\/v2\/comments?post=94532"}],"wp:featuredmedia":[{"embeddable":true,"href":"https:\/\/www.otiumhome.fi\/index.php\/wp-json\/"}],"wp:attachment":[{"href":"https:\/\/www.otiumhome.fi\/index.php\/wp-json\/wp\/v2\/media?parent=94532"}],"wp:term":[{"taxonomy":"product_brand","embeddable":true,"href":"https:\/\/www.otiumhome.fi\/index.php\/wp-json\/wp\/v2\/product_brand?post=94532"},{"taxonomy":"product_cat","embeddable":true,"href":"https:\/\/www.otiumhome.fi\/index.php\/wp-json\/wp\/v2\/product_cat?post=94532"},{"taxonomy":"product_tag","embeddable":true,"href":"https:\/\/www.otiumhome.fi\/index.php\/wp-json\/wp\/v2\/product_tag?post=94532"}],"curies":[{"name":"wp","href":"https:\/\/api.w.org\/{rel}","templated":true}]}}