{"id":94501,"date":"2024-12-15T08:40:36","date_gmt":"2024-12-15T08:40:36","guid":{"rendered":"https:\/\/www.otiumhome.fi\/?p=94501"},"modified":"2025-11-29T03:17:49","modified_gmt":"2025-11-29T03:17:49","slug":"eteisen-penkki-103x33x72-cm-taysi-mangopuu","status":"publish","type":"product","link":"https:\/\/www.otiumhome.fi\/index.php\/tuote\/eteisen-penkki-103x33x72-cm-taysi-mangopuu\/","title":{"rendered":"Eteisen penkki 103x33x72 cm t\u00e4ysi mangopuu"},"content":{"rendered":"<p>T\u00e4m\u00e4 yksinkertainen eteisen puupenkki on katseet vangitseva lis\u00e4 kotisi sisustukseen.<\/p>\n<\/p>\n<p>Penkki on valmistettu t\u00e4ydest\u00e4 mangopuusta, joka on tihe\u00e4syinen kovapuu. Karkea mangopuu on lujaa ja kest\u00e4\u00e4 painoa sek\u00e4 kulumista. Siksi t\u00e4m\u00e4 kauniisti suunniteltu eteisen penkki on eritt\u00e4in vakaa, kest\u00e4v\u00e4 ja huomiota her\u00e4tt\u00e4v\u00e4. Penkiss\u00e4 on kaksi kaarevaa k\u00e4sinojaa, jotka lis\u00e4\u00e4v\u00e4t turvaa ja eleganssia. S\u00e4ilytyslaatikossa on k\u00e4tev\u00e4 s\u00e4ilytt\u00e4\u00e4 siististi esim. tyynyj\u00e4, leluja, istuintyynyj\u00e4 ja muita tavaroita. K\u00e4sity\u00f6taito ja elegantit puun kuviot tekev\u00e4t jokaisesta huonekalusta ainutlaatuisen ja hieman toisista eroavan. Eteisen penkki on helppo koota.<\/p>\n<\/p>\n<p>T\u00e4rke\u00e4 huomio: V\u00e4rit saattavat vaihdella kappaleittain, tehden jokaisesta penkist\u00e4 ainutlaatuisen; toimitus on satunnainen.<\/p>\n<ul>\n<li>V\u00e4ri: ruskea<\/li>\n<li>Materiaali: t\u00e4ysi mangopuu<\/li>\n<li>Mitat: 103 x 33 x 72 cm (L x S x K)<\/li>\n<li>Istuimen koko: 82 x 33 x 45 cm (L x S x K)<\/li>\n<li>Viimeistely: hiottu, maalattu ja lakattu<\/li>\n<li>Mukana 2 k\u00e4sinojaa ja 1 varastolaatikko<\/li>\n<li>Asennus vaaditaan: kyll\u00e4<\/li>\n<\/ul>\n","protected":false},"excerpt":{"rendered":"<ul>\n<li>V\u00e4ri: ruskea<\/li>\n<li>Materiaali: t\u00e4ysi mangopuu<\/li>\n<li>Mitat: 103 x 33 x 72 cm (L x S x K)<\/li>\n<li>Istuimen koko: 82 x 33 x 45 cm (L x S x K)<\/li>\n<li>Viimeistely: hiottu, maalattu ja lakattu<\/li>\n<li>Mukana 2 k\u00e4sinojaa ja 1 varastolaatikko<\/li>\n<li>Asennus vaaditaan: kyll\u00e4<\/li>\n<\/ul>\n","protected":false},"featured_media":10000094501,"comment_status":"closed","ping_status":"closed","template":"","meta":[],"product_brand":[],"product_cat":[8538,84],"product_tag":[],"class_list":{"0":"post-94501","1":"product","2":"type-product","3":"status-publish","4":"has-post-thumbnail","6":"product_cat-eteis-sailytyspenkit","7":"product_cat-huonekalut","9":"first","10":"instock","11":"taxable","12":"shipping-taxable","13":"purchasable","14":"product-type-simple"},"_links":{"self":[{"href":"https:\/\/www.otiumhome.fi\/index.php\/wp-json\/wp\/v2\/product\/94501","targetHints":{"allow":["GET"]}}],"collection":[{"href":"https:\/\/www.otiumhome.fi\/index.php\/wp-json\/wp\/v2\/product"}],"about":[{"href":"https:\/\/www.otiumhome.fi\/index.php\/wp-json\/wp\/v2\/types\/product"}],"replies":[{"embeddable":true,"href":"https:\/\/www.otiumhome.fi\/index.php\/wp-json\/wp\/v2\/comments?post=94501"}],"wp:featuredmedia":[{"embeddable":true,"href":"https:\/\/www.otiumhome.fi\/index.php\/wp-json\/"}],"wp:attachment":[{"href":"https:\/\/www.otiumhome.fi\/index.php\/wp-json\/wp\/v2\/media?parent=94501"}],"wp:term":[{"taxonomy":"product_brand","embeddable":true,"href":"https:\/\/www.otiumhome.fi\/index.php\/wp-json\/wp\/v2\/product_brand?post=94501"},{"taxonomy":"product_cat","embeddable":true,"href":"https:\/\/www.otiumhome.fi\/index.php\/wp-json\/wp\/v2\/product_cat?post=94501"},{"taxonomy":"product_tag","embeddable":true,"href":"https:\/\/www.otiumhome.fi\/index.php\/wp-json\/wp\/v2\/product_tag?post=94501"}],"curies":[{"name":"wp","href":"https:\/\/api.w.org\/{rel}","templated":true}]}}