{"id":94499,"date":"2024-12-15T08:40:36","date_gmt":"2024-12-15T08:40:36","guid":{"rendered":"https:\/\/www.otiumhome.fi\/?p=94499"},"modified":"2025-11-29T03:17:49","modified_gmt":"2025-11-29T03:17:49","slug":"eteisen-penkki-100x35x47-cm-taysi-mangopuu","status":"publish","type":"product","link":"https:\/\/www.otiumhome.fi\/index.php\/tuote\/eteisen-penkki-100x35x47-cm-taysi-mangopuu\/","title":{"rendered":"Eteisen penkki 100x35x47 cm t\u00e4ysi mangopuu"},"content":{"rendered":"<p>Lis\u00e4\u00e4 ripaus maalaistyyli\u00e4 kotiisi t\u00e4ll\u00e4 yksinkertaisella mutta tyylikk\u00e4\u00e4ll\u00e4 s\u00e4ilytyspenkill\u00e4!<\/p>\n<\/p>\n<p>Eteisen penkki on valmistettu t\u00e4ydest\u00e4 mangopuusta ja kankaasta, joten se on kest\u00e4v\u00e4 ja vakaa. Pehmustettu istuin tarjoaa pehme\u00e4n istumispaikan. T\u00e4ss\u00e4 eteisen penkiss\u00e4 on lis\u00e4ksi 8 lokeroa, jotka tarjoavat runsaasti s\u00e4ilytystilaa pienten esineiden s\u00e4ilytt\u00e4miseen.<\/p>\n<\/p>\n<p>T\u00e4rke\u00e4 huomio: V\u00e4rit ja puunsyyt voivat vaihdella kappaleittain, mik\u00e4 tekee jokaisesta huonekalusta ainutlaatuisen. Toimitus on sattumanvarainen.<\/p>\n<ul>\n<li>Materiaali: t\u00e4ysi mangopuu, kangas (100 % polyesteri)<\/li>\n<li>Mitat: 100 x 35 x 47 cm (L x S x K)<\/li>\n<li>8 lokeroa ja pehmustettu istuin<\/li>\n<li>Viimeistely: hiottu, maalattu ja lakattu<\/li>\n<\/ul>\n","protected":false},"excerpt":{"rendered":"<ul>\n<li>Materiaali: t\u00e4ysi mangopuu, kangas (100 % polyesteri)<\/li>\n<li>Mitat: 100 x 35 x 47 cm (L x S x K)<\/li>\n<li>8 lokeroa ja pehmustettu istuin<\/li>\n<li>Viimeistely: hiottu, maalattu ja lakattu<\/li>\n<\/ul>\n","protected":false},"featured_media":10000094499,"comment_status":"closed","ping_status":"closed","template":"","meta":[],"product_brand":[],"product_cat":[8538,84],"product_tag":[],"class_list":{"0":"post-94499","1":"product","2":"type-product","3":"status-publish","4":"has-post-thumbnail","6":"product_cat-eteis-sailytyspenkit","7":"product_cat-huonekalut","9":"first","10":"instock","11":"taxable","12":"shipping-taxable","13":"purchasable","14":"product-type-simple"},"_links":{"self":[{"href":"https:\/\/www.otiumhome.fi\/index.php\/wp-json\/wp\/v2\/product\/94499","targetHints":{"allow":["GET"]}}],"collection":[{"href":"https:\/\/www.otiumhome.fi\/index.php\/wp-json\/wp\/v2\/product"}],"about":[{"href":"https:\/\/www.otiumhome.fi\/index.php\/wp-json\/wp\/v2\/types\/product"}],"replies":[{"embeddable":true,"href":"https:\/\/www.otiumhome.fi\/index.php\/wp-json\/wp\/v2\/comments?post=94499"}],"wp:featuredmedia":[{"embeddable":true,"href":"https:\/\/www.otiumhome.fi\/index.php\/wp-json\/"}],"wp:attachment":[{"href":"https:\/\/www.otiumhome.fi\/index.php\/wp-json\/wp\/v2\/media?parent=94499"}],"wp:term":[{"taxonomy":"product_brand","embeddable":true,"href":"https:\/\/www.otiumhome.fi\/index.php\/wp-json\/wp\/v2\/product_brand?post=94499"},{"taxonomy":"product_cat","embeddable":true,"href":"https:\/\/www.otiumhome.fi\/index.php\/wp-json\/wp\/v2\/product_cat?post=94499"},{"taxonomy":"product_tag","embeddable":true,"href":"https:\/\/www.otiumhome.fi\/index.php\/wp-json\/wp\/v2\/product_tag?post=94499"}],"curies":[{"name":"wp","href":"https:\/\/api.w.org\/{rel}","templated":true}]}}