{"id":94283,"date":"2024-12-15T08:40:23","date_gmt":"2024-12-15T08:40:23","guid":{"rendered":"https:\/\/www.otiumhome.fi\/?p=94283"},"modified":"2025-06-06T15:34:19","modified_gmt":"2025-06-06T15:34:19","slug":"eteisen-penkki-80x40x45-cm-musta-tekninen-puu","status":"publish","type":"product","link":"https:\/\/www.otiumhome.fi\/index.php\/tuote\/eteisen-penkki-80x40x45-cm-musta-tekninen-puu\/","title":{"rendered":"Eteisen penkki 80x40x45 cm musta tekninen puu"},"content":{"rendered":"<p>T\u00e4m\u00e4 eteisen penkki lis\u00e4\u00e4 modernia tyyli\u00e4, se on tyylik\u00e4s ja k\u00e4yt\u00e4nn\u00f6llinen lis\u00e4 elintilaasi.<\/p>\n<\/p>\n<p>Laadukkaasta teknisest\u00e4 puusta valmistettu eteisen penkki on kest\u00e4v\u00e4 ja helppo puhdistaa kostealla liinalla. Helposti liukuva laatikko tarjoaa reilusti tilaa vaatteillesi, kirjoillesi tai henkil\u00f6kohtaisille tavaroillesi. Se on t\u00e4ydellinen avustamaan eteisesi, k\u00e4yt\u00e4v\u00e4si tai muun elintilasi pit\u00e4misess\u00e4 puhtaana ja siistin\u00e4.<\/p>\n<ul>\n<li>V\u00e4ri: musta<\/li>\n<li>Materiaali: tekninen puu<\/li>\n<li>Mitat: 80 x 40 x 45 cm (P x L x K)<\/li>\n<li>Asennus vaaditaan: kyll\u00e4<\/li>\n<\/ul>\n","protected":false},"excerpt":{"rendered":"<ul>\n<li>V\u00e4ri: musta<\/li>\n<li>Materiaali: tekninen puu<\/li>\n<li>Mitat: 80 x 40 x 45 cm (P x L x K)<\/li>\n<li>Asennus vaaditaan: kyll\u00e4<\/li>\n<\/ul>\n","protected":false},"featured_media":10000094283,"comment_status":"closed","ping_status":"closed","template":"","meta":[],"product_brand":[],"product_cat":[8538,84],"product_tag":[],"class_list":{"0":"post-94283","1":"product","2":"type-product","3":"status-publish","4":"has-post-thumbnail","6":"product_cat-eteis-sailytyspenkit","7":"product_cat-huonekalut","9":"first","10":"outofstock","11":"taxable","12":"shipping-taxable","13":"purchasable","14":"product-type-simple"},"_links":{"self":[{"href":"https:\/\/www.otiumhome.fi\/index.php\/wp-json\/wp\/v2\/product\/94283","targetHints":{"allow":["GET"]}}],"collection":[{"href":"https:\/\/www.otiumhome.fi\/index.php\/wp-json\/wp\/v2\/product"}],"about":[{"href":"https:\/\/www.otiumhome.fi\/index.php\/wp-json\/wp\/v2\/types\/product"}],"replies":[{"embeddable":true,"href":"https:\/\/www.otiumhome.fi\/index.php\/wp-json\/wp\/v2\/comments?post=94283"}],"wp:featuredmedia":[{"embeddable":true,"href":"https:\/\/www.otiumhome.fi\/index.php\/wp-json\/"}],"wp:attachment":[{"href":"https:\/\/www.otiumhome.fi\/index.php\/wp-json\/wp\/v2\/media?parent=94283"}],"wp:term":[{"taxonomy":"product_brand","embeddable":true,"href":"https:\/\/www.otiumhome.fi\/index.php\/wp-json\/wp\/v2\/product_brand?post=94283"},{"taxonomy":"product_cat","embeddable":true,"href":"https:\/\/www.otiumhome.fi\/index.php\/wp-json\/wp\/v2\/product_cat?post=94283"},{"taxonomy":"product_tag","embeddable":true,"href":"https:\/\/www.otiumhome.fi\/index.php\/wp-json\/wp\/v2\/product_tag?post=94283"}],"curies":[{"name":"wp","href":"https:\/\/api.w.org\/{rel}","templated":true}]}}