{"id":94280,"date":"2024-12-15T08:40:23","date_gmt":"2024-12-15T08:40:23","guid":{"rendered":"https:\/\/www.otiumhome.fi\/?p=94280"},"modified":"2025-06-06T15:34:19","modified_gmt":"2025-06-06T15:34:19","slug":"eteisen-kaappi-koukuilla-bodo-valkoinen-ja-ruskea-50x40x157-cm","status":"publish","type":"product","link":"https:\/\/www.otiumhome.fi\/index.php\/tuote\/eteisen-kaappi-koukuilla-bodo-valkoinen-ja-ruskea-50x40x157-cm\/","title":{"rendered":"Eteisen kaappi koukuilla BODO valkoinen ja ruskea 50x40x157 cm"},"content":{"rendered":"<p>T\u00e4m\u00e4n klassisen eteiskaapin tarkoituksena on olla tilans\u00e4\u00e4st\u00e4j\u00e4 likaa lattiatilaa viem\u00e4tt\u00e4, mutta samalla se tarjoaa suuren s\u00e4ilytystilan.<\/p>\n<\/p>\n<ul>\n<li>Kest\u00e4v\u00e4 materiaali: Massiivim\u00e4ntypuu tunnetaan lujuudestaan ja kest\u00e4vyydest\u00e4\u00e4n. Sen suorat rakeet ja erottuva oksat lis\u00e4\u00e4v\u00e4t sen maalaismaista vieh\u00e4tyst\u00e4. Suunniteltu puu on kest\u00e4v\u00e4 ja vakaa materiaali, jonka sile\u00e4 pinta kest\u00e4\u00e4 kosteutta, v\u00e4\u00e4ntymist\u00e4 ja halkeilua, joten se on luotettava valinta erilaisiin projekteihin.<\/li>\n<li>Runsaasti s\u00e4ilytystilaa: N\u00e4iss\u00e4 k\u00e4yt\u00e4v\u00e4n kalusteissa on runsaasti tilaa vaatteiden, kirjojen, kenkien tai henkil\u00f6kohtaisten tavaroiden s\u00e4ilytt\u00e4miseen. N\u00e4in ollen se sopii t\u00e4ydellisesti pit\u00e4m\u00e4\u00e4n k\u00e4yt\u00e4v\u00e4si, sis\u00e4\u00e4nk\u00e4yntisi tai muut oleskelutilat siistin\u00e4 ja sotkuttomana.<\/li>\n<li>K\u00e4yt\u00e4nn\u00f6lliset koukut: Hallin kaappi on varustettu kolmella koukulla laukkujen, takkien, sateenvarjojen, avainten ja muiden ripustamista varten, mik\u00e4 auttaa s\u00e4\u00e4st\u00e4m\u00e4\u00e4n tilaa ja pit\u00e4m\u00e4\u00e4n huoneesi j\u00e4rjestyksess\u00e4.<\/li>\n<li>Helppok\u00e4ytt\u00f6inen: Laatikon metallinen kahva helpottaa avaamista ja sulkemista sek\u00e4 tekee eteisen kalusteesta n\u00e4ytt\u00e4v\u00e4mm\u00e4n.<\/li>\n<li>Helppo huoltaa: Sile\u00e4n pinnan ansiosta vaatehuonekalusteet on helppo puhdistaa ja tarvitsevat vain pyyhkimisen kuivalla liinalla.<\/li>\n<\/ul>\n<p>Hyv\u00e4 tiet\u00e4\u00e4:<\/p>\n<ul>\n<li>Sein\u00e4\u00e4n kiinnitett\u00e4v\u00e4t ruuvit ja tulpat eiv\u00e4t sis\u00e4lly toimitukseen. Suosittelemme etsim\u00e4\u00e4n ja k\u00e4ytt\u00e4m\u00e4\u00e4n sein\u00e4\u00e4si sopivia ruuveja ja tulppia. Jos olet ep\u00e4varma, kysy ammattilaisen neuvoa. Lue ja noudata ohjeiden jokaista vaihetta.<\/li>\n<\/ul>\n<p>Varoitus:<\/p>\n<ul>\n<li>Kaatumisen est\u00e4miseksi t\u00e4t\u00e4 tuotetta on k\u00e4ytett\u00e4v\u00e4 mukana toimitetun sein\u00e4kiinnityslaitteen kanssa.<\/li>\n<\/ul>\n<ul>\n<li>V\u00e4ri: Valkoinen ja ruskea<\/li>\n<li>Materiaali: T\u00e4ysi m\u00e4nty, tekninen puu, metalli<\/li>\n<li>Mitat: 50 x 40 x 157 cm (L x S x K)<\/li>\n<li>Sis\u00e4lt\u00e4\u00e4 3 koukkua ja 1 laatikon metallikahvalla<\/li>\n<li>Malliston nimi: BODO<\/li>\n<li>Asennus vaaditaan: Kyll\u00e4<\/li>\n<\/ul>\n","protected":false},"excerpt":{"rendered":"<ul>\n<li>V\u00e4ri: Valkoinen ja ruskea<\/li>\n<li>Materiaali: T\u00e4ysi m\u00e4nty, tekninen puu, metalli<\/li>\n<li>Mitat: 50 x 40 x 157 cm (L x S x K)<\/li>\n<li>Sis\u00e4lt\u00e4\u00e4 3 koukkua ja 1 laatikon metallikahvalla<\/li>\n<li>Malliston nimi: BODO<\/li>\n<li>Asennus vaaditaan: Kyll\u00e4<\/li>\n<\/ul>\n","protected":false},"featured_media":10000094280,"comment_status":"closed","ping_status":"closed","template":"","meta":[],"product_brand":[],"product_cat":[8538,84],"product_tag":[],"class_list":{"0":"post-94280","1":"product","2":"type-product","3":"status-publish","4":"has-post-thumbnail","6":"product_cat-eteis-sailytyspenkit","7":"product_cat-huonekalut","9":"first","10":"outofstock","11":"taxable","12":"shipping-taxable","13":"purchasable","14":"product-type-simple"},"_links":{"self":[{"href":"https:\/\/www.otiumhome.fi\/index.php\/wp-json\/wp\/v2\/product\/94280","targetHints":{"allow":["GET"]}}],"collection":[{"href":"https:\/\/www.otiumhome.fi\/index.php\/wp-json\/wp\/v2\/product"}],"about":[{"href":"https:\/\/www.otiumhome.fi\/index.php\/wp-json\/wp\/v2\/types\/product"}],"replies":[{"embeddable":true,"href":"https:\/\/www.otiumhome.fi\/index.php\/wp-json\/wp\/v2\/comments?post=94280"}],"wp:featuredmedia":[{"embeddable":true,"href":"https:\/\/www.otiumhome.fi\/index.php\/wp-json\/"}],"wp:attachment":[{"href":"https:\/\/www.otiumhome.fi\/index.php\/wp-json\/wp\/v2\/media?parent=94280"}],"wp:term":[{"taxonomy":"product_brand","embeddable":true,"href":"https:\/\/www.otiumhome.fi\/index.php\/wp-json\/wp\/v2\/product_brand?post=94280"},{"taxonomy":"product_cat","embeddable":true,"href":"https:\/\/www.otiumhome.fi\/index.php\/wp-json\/wp\/v2\/product_cat?post=94280"},{"taxonomy":"product_tag","embeddable":true,"href":"https:\/\/www.otiumhome.fi\/index.php\/wp-json\/wp\/v2\/product_tag?post=94280"}],"curies":[{"name":"wp","href":"https:\/\/api.w.org\/{rel}","templated":true}]}}