{"id":94276,"date":"2024-12-15T08:40:23","date_gmt":"2024-12-15T08:40:23","guid":{"rendered":"https:\/\/www.otiumhome.fi\/?p=94276"},"modified":"2025-06-06T15:34:17","modified_gmt":"2025-06-06T15:34:17","slug":"eteisen-penkki-otta-80x40x45-cm-taysi-manty","status":"publish","type":"product","link":"https:\/\/www.otiumhome.fi\/index.php\/tuote\/eteisen-penkki-otta-80x40x45-cm-taysi-manty\/","title":{"rendered":"Eteisen penkki OTTA 80x40x45 cm t\u00e4ysi m\u00e4nty"},"content":{"rendered":"<p>Luo ovesi viereen l\u00e4mmin ja kutsuva ilmapiiri t\u00e4ll\u00e4 eteisen penkill\u00e4!<\/p>\n<\/p>\n<ul>\n<li>Vankka ja vakaa materiaali: T\u00e4ysi m\u00e4nty tunnetaan lujuudestaan ja kest\u00e4vyydest\u00e4\u00e4n. Sen suorat puunsyyt ja erottuvat oksanpaikat lis\u00e4\u00e4v\u00e4t sen rustiikkista charmia.<\/li>\n<li>Runsaasti s\u00e4ilytystilaa: T\u00e4m\u00e4 eteisyksikk\u00f6 tarjoaa runsaasti tilaa vaatteiden, kirjojen, kenkien ja henkil\u00f6kohtaisten tavaroiden s\u00e4ilytt\u00e4miseen. T\u00e4m\u00e4n vuoksi se on t\u00e4ydellinen tuulikaapin, eteisen ja muiden elintilojen siistin\u00e4 ja sotkuttomana pit\u00e4miseen.<\/li>\n<li>Helppohoitoinen: Sile\u00e4n pinnan ansiosta s\u00e4ilytyspenkki on helppo puhdistaa kostealla liinalla ja se tarvitsee vain v\u00e4h\u00e4ist\u00e4 hoitoa.<\/li>\n<li>Monipuolinen k\u00e4ytt\u00f6: Penkki sopii t\u00e4ydellisesti eteisen kenk\u00e4penkiksi, tai olohuoneen s\u00e4ilytyspenkiksi.<\/li>\n<\/ul>\n<ul>\n<li>Materiaali: Hunajanruskeaksi vahattu t\u00e4ysi m\u00e4nty, tekninen puu<\/li>\n<li>Mitat: 80 x 40 x 45 cm (L x S x K)<\/li>\n<li>Laatikon ulkomitat (kukin): 27 x 21 cm (L x K)<\/li>\n<li>Jalkojen korkeus: 20 cm<\/li>\n<li>Valikoiman nimi: OTTA<\/li>\n<li>Asennus vaaditaan: Kyll\u00e4<\/li>\n<\/ul>\n","protected":false},"excerpt":{"rendered":"<ul>\n<li>Materiaali: Hunajanruskeaksi vahattu t\u00e4ysi m\u00e4nty, tekninen puu<\/li>\n<li>Mitat: 80 x 40 x 45 cm (L x S x K)<\/li>\n<li>Laatikon ulkomitat (kukin): 27 x 21 cm (L x K)<\/li>\n<li>Jalkojen korkeus: 20 cm<\/li>\n<li>Valikoiman nimi: OTTA<\/li>\n<li>Asennus vaaditaan: Kyll\u00e4<\/li>\n<\/ul>\n","protected":false},"featured_media":10000094276,"comment_status":"closed","ping_status":"closed","template":"","meta":[],"product_brand":[],"product_cat":[8538,84],"product_tag":[],"class_list":{"0":"post-94276","1":"product","2":"type-product","3":"status-publish","4":"has-post-thumbnail","6":"product_cat-eteis-sailytyspenkit","7":"product_cat-huonekalut","9":"first","10":"instock","11":"taxable","12":"shipping-taxable","13":"purchasable","14":"product-type-simple"},"_links":{"self":[{"href":"https:\/\/www.otiumhome.fi\/index.php\/wp-json\/wp\/v2\/product\/94276","targetHints":{"allow":["GET"]}}],"collection":[{"href":"https:\/\/www.otiumhome.fi\/index.php\/wp-json\/wp\/v2\/product"}],"about":[{"href":"https:\/\/www.otiumhome.fi\/index.php\/wp-json\/wp\/v2\/types\/product"}],"replies":[{"embeddable":true,"href":"https:\/\/www.otiumhome.fi\/index.php\/wp-json\/wp\/v2\/comments?post=94276"}],"wp:featuredmedia":[{"embeddable":true,"href":"https:\/\/www.otiumhome.fi\/index.php\/wp-json\/"}],"wp:attachment":[{"href":"https:\/\/www.otiumhome.fi\/index.php\/wp-json\/wp\/v2\/media?parent=94276"}],"wp:term":[{"taxonomy":"product_brand","embeddable":true,"href":"https:\/\/www.otiumhome.fi\/index.php\/wp-json\/wp\/v2\/product_brand?post=94276"},{"taxonomy":"product_cat","embeddable":true,"href":"https:\/\/www.otiumhome.fi\/index.php\/wp-json\/wp\/v2\/product_cat?post=94276"},{"taxonomy":"product_tag","embeddable":true,"href":"https:\/\/www.otiumhome.fi\/index.php\/wp-json\/wp\/v2\/product_tag?post=94276"}],"curies":[{"name":"wp","href":"https:\/\/api.w.org\/{rel}","templated":true}]}}