{"id":94274,"date":"2024-12-15T08:40:23","date_gmt":"2024-12-15T08:40:23","guid":{"rendered":"https:\/\/www.otiumhome.fi\/?p=94274"},"modified":"2025-06-06T15:34:28","modified_gmt":"2025-06-06T15:34:28","slug":"penkki-160-cm-kierratetty-tayspuu-ja-teras","status":"publish","type":"product","link":"https:\/\/www.otiumhome.fi\/index.php\/tuote\/penkki-160-cm-kierratetty-tayspuu-ja-teras\/","title":{"rendered":"Penkki 160 cm kierr\u00e4tetty t\u00e4yspuu ja ter\u00e4s"},"content":{"rendered":"<p>T\u00e4yspuinen ja tyylik\u00e4s teollistyylinen penkki on upea lis\u00e4 olohuoneeseesi tai eteiseesi.<\/p>\n<\/p>\n<ul>\n<li>Kierr\u00e4tetty t\u00e4yspuu: Penkki on valmistettu t\u00e4ydest\u00e4 kierr\u00e4tyspuusta. Kierr\u00e4tetty puu koostuu uusiok\u00e4ytetyst\u00e4 puusta, kuten tiikki-, mango-, m\u00e4nty- ja py\u00f6kkipuusta. N\u00e4m\u00e4 materiaalit on ker\u00e4tty vanhoista rakennuksista, tehtaista, vajoista ja veneist\u00e4. Koska jokainen kappale on k\u00e4sintehty, v\u00e4rit vaihtelevat tuotteesta toiseen.<\/li>\n<li>El\u00e4v\u00e4 reuna: Luonnollinen puun omaa muotoa mukaileva reuna lis\u00e4\u00e4 eteisen penkin kauneutta.<\/li>\n<li>Vakaa runko: U-muotoiset ter\u00e4sjalat lis\u00e4\u00e4v\u00e4t sisustukseesi teollista tyyli\u00e4 ja takaavat ruokapenkin vakauden.<\/li>\n<\/ul>\n<p>Hyv\u00e4 tiet\u00e4\u00e4:<\/p>\n<ul>\n<li>Jokainen kappale on ainutlaatuisen eroavilla v\u00e4reill\u00e4 ja puunsyill\u00e4. Toimitus on sattumanvarainen, t\u00e4m\u00e4 takaa tuotteesi erityisyyden ja ainutlaatuisuuden.<\/li>\n<\/ul>\n<ul>\n<li>V\u00e4ri: Ruskea ja musta<\/li>\n<li>Materiaali: Luonnollisesti viimeistelty t\u00e4ysi kierr\u00e4tyspuu, ter\u00e4s<\/li>\n<li>Mitat: 160 x 35 x 45 cm (L x S x K)<\/li>\n<li>Asennus vaaditaan: Kyll\u00e4<\/li>\n<\/ul>\n","protected":false},"excerpt":{"rendered":"<ul>\n<li>V\u00e4ri: Ruskea ja musta<\/li>\n<li>Materiaali: Luonnollisesti viimeistelty t\u00e4ysi kierr\u00e4tyspuu, ter\u00e4s<\/li>\n<li>Mitat: 160 x 35 x 45 cm (L x S x K)<\/li>\n<li>Asennus vaaditaan: Kyll\u00e4<\/li>\n<\/ul>\n","protected":false},"featured_media":10000094274,"comment_status":"closed","ping_status":"closed","template":"","meta":[],"product_brand":[],"product_cat":[8538,84],"product_tag":[],"class_list":{"0":"post-94274","1":"product","2":"type-product","3":"status-publish","4":"has-post-thumbnail","6":"product_cat-eteis-sailytyspenkit","7":"product_cat-huonekalut","9":"first","10":"instock","11":"taxable","12":"shipping-taxable","13":"purchasable","14":"product-type-simple"},"_links":{"self":[{"href":"https:\/\/www.otiumhome.fi\/index.php\/wp-json\/wp\/v2\/product\/94274","targetHints":{"allow":["GET"]}}],"collection":[{"href":"https:\/\/www.otiumhome.fi\/index.php\/wp-json\/wp\/v2\/product"}],"about":[{"href":"https:\/\/www.otiumhome.fi\/index.php\/wp-json\/wp\/v2\/types\/product"}],"replies":[{"embeddable":true,"href":"https:\/\/www.otiumhome.fi\/index.php\/wp-json\/wp\/v2\/comments?post=94274"}],"wp:featuredmedia":[{"embeddable":true,"href":"https:\/\/www.otiumhome.fi\/index.php\/wp-json\/"}],"wp:attachment":[{"href":"https:\/\/www.otiumhome.fi\/index.php\/wp-json\/wp\/v2\/media?parent=94274"}],"wp:term":[{"taxonomy":"product_brand","embeddable":true,"href":"https:\/\/www.otiumhome.fi\/index.php\/wp-json\/wp\/v2\/product_brand?post=94274"},{"taxonomy":"product_cat","embeddable":true,"href":"https:\/\/www.otiumhome.fi\/index.php\/wp-json\/wp\/v2\/product_cat?post=94274"},{"taxonomy":"product_tag","embeddable":true,"href":"https:\/\/www.otiumhome.fi\/index.php\/wp-json\/wp\/v2\/product_tag?post=94274"}],"curies":[{"name":"wp","href":"https:\/\/api.w.org\/{rel}","templated":true}]}}